{"id":145,"date":"2022-10-10T12:13:28","date_gmt":"2022-10-10T11:13:28","guid":{"rendered":"http:\/\/sushihiroba.co.uk\/milf-sex-chat\/"},"modified":"2022-10-10T12:13:28","modified_gmt":"2022-10-10T11:13:28","slug":"milf-sex-chat","status":"publish","type":"page","link":"https:\/\/sushihiroba.co.uk\/pl\/milf-sex-chat\/","title":{"rendered":"MILF Sex Chat"},"content":{"rendered":"<p>Istnieje wiele \u015bwietnych darmowych <a href=\"http:\/\/sushihiroba.co.uk\/fetish-chat-rooms\/\">czat\u00f3w<\/a> milf, kt\u00f3re mog\u0105 pom\u00f3c w nawi\u0105zaniu kontaktu ze starszymi kobietami szukaj\u0105cymi flingu. Wszystko, co musisz zrobi\u0107, to znale\u017a\u0107 witryn\u0119, kt\u00f3ra Ci si\u0119 podoba, utworzy\u0107 profil i rozpocz\u0105\u0107 czat. B\u0119dziesz zaskoczony, jak \u0142atwo jest po\u0142\u0105czy\u0107 si\u0119 z kim\u015b wyj\u0105tkowym. Po prostu b\u0105d\u017a sob\u0105 i baw si\u0119 dobrze.<\/p>\n<h2>Czatuj z Milfs<\/h2>\n<p>Je\u015bli chcesz porozmawia\u0107 z milfs, jest kilka rzeczy, o kt\u00f3rych powiniene\u015b pami\u0119ta\u0107. Po pierwsze, b\u0105d\u017a pe\u0142en szacunku. S\u0105 to panie, kt\u00f3re s\u0105 zazwyczaj starsze od ciebie, wi\u0119c wa\u017cne jest, aby by\u0107 d\u017centelmenem. Po drugie, b\u0105d\u017a interesuj\u0105cy. Zadawaj pytania, dziel si\u0119 historiami i b\u0105d\u017a wci\u0105gaj\u0105cy. Po trzecie, nie b\u0105d\u017a nachalny. Te panie szukaj\u0105 kogo\u015b, z kim mo\u017cna porozmawia\u0107, a nie kogo\u015b na randk\u0119, wi\u0119c nie pr\u00f3buj ich do niczego zmusza\u0107. Po prostu zrelaksuj si\u0119, baw si\u0119 dobrze i ciesz si\u0119 rozmow\u0105.<\/p>\n<h2>Porozmawiaj z Milfs<\/h2>\n<p>Pewnego dnia rozmawia\u0142em z kilkoma milfami i m\u00f3wili, jak trudno jest znale\u017a\u0107 mi\u0142o\u015b\u0107 w tych dniach. Powiedzieli, \u017ce s\u0105 samotni od jakiego\u015b czasu i nie mieli szcz\u0119\u015bcia. Powiedzieli, \u017ce pr\u00f3bowali randek online, ale nie wysz\u0142o im to dobrze. Powiedzieli, \u017ce zaczynaj\u0105 czu\u0107, \u017ce s\u0105 za starzy, aby znale\u017a\u0107 mi\u0142o\u015b\u0107. Powiedzia\u0142em im, \u017ce nigdy nie s\u0105 za starzy, aby znale\u017a\u0107 mi\u0142o\u015b\u0107 i \u017ce po prostu musz\u0105 szuka\u0107 dalej. Powiedzia\u0142em im, \u017ce powinni spr\u00f3bowa\u0107 p\u00f3j\u015b\u0107 na jakie\u015b imprezy singlowe lub kluby. My\u015bl\u0119, \u017ce je\u015bli b\u0119d\u0105 dalej szuka\u0107, znajd\u0105 mi\u0142o\u015b\u0107.<\/p>\n<p>Nie ma to jak uprawianie seksu z MILF. S\u0105 do\u015bwiadczeni, wiedz\u0105, co robi\u0105 i nie boj\u0105 si\u0119 przej\u0105\u0107 kontroli. Dlatego czat seksualny MILF jest tak popularny. To \u015bwietny spos\u00f3b na nawi\u0105zanie kontaktu ze starszymi kobietami, kt\u00f3re wiedz\u0105, czego chc\u0105 i nie boj\u0105 si\u0119 tego realizowa\u0107.<\/p>\n<p>Je\u015bli chcesz dosta\u0107 si\u0119 do czatu seksualnego MILF, najlepszym miejscem do rozpocz\u0119cia jest znalezienie pokoju rozm\u00f3w, kt\u00f3ry jest przeznaczony specjalnie dla starszych kobiet. W ten spos\u00f3b b\u0119dziesz w stanie znale\u017a\u0107 kobiety, kt\u00f3re szukaj\u0105 m\u0142odszych m\u0119\u017cczyzn do rozmowy. Po znalezieniu pokoju rozm\u00f3w, kt\u00f3ry spe\u0142nia Twoje potrzeby, wszystko, co musisz zrobi\u0107, to zarejestrowa\u0107 si\u0119 i rozpocz\u0105\u0107 czat. To takie proste. Je\u015bli chcesz przenie\u015b\u0107 rzeczy na wy\u017cszy poziom, mo\u017cesz nawet wypr\u00f3bowa\u0107 czat wideo. To \u015bwietny spos\u00f3b, aby naprawd\u0119 kogo\u015b pozna\u0107 i sprawdzi\u0107, czy istnieje zwi\u0105zek seksualny. Pami\u0119taj tylko, aby by\u0107 pe\u0142nym szacunku i przestrzega\u0107 zasad, a na pewno b\u0119dziesz si\u0119 \u015bwietnie bawi\u0107.<\/p>\n<h3>Hubka<\/h3>\n<p>Tinder to popularna aplikacja randkowa, kt\u00f3ra pozwala u\u017cytkownikom przesuwa\u0107 palcem w prawo lub w lewo, aby wyrazi\u0107 zainteresowanie innym u\u017cytkownikiem. Je\u015bli dw\u00f3ch u\u017cytkownik\u00f3w przesunie palcem w prawo po swoich profilach, b\u0119d\u0105 mogli rozmawia\u0107 i potencjalnie spotka\u0107 si\u0119 osobi\u015bcie.<\/p>\n<p>Tinder jest og\u00f3lnie uwa\u017cany za bezpieczny i \u0142atwy spos\u00f3b na poznanie ludzi, chocia\u017c pojawi\u0142y si\u0119 doniesienia o fa\u0142szywych profilach i oszustach. Og\u00f3lnie rzecz bior\u0105c, Tinder jest popularnym i wygodnym sposobem na poznanie nowych ludzi i jest szczeg\u00f3lnie odpowiedni dla tych, kt\u00f3rzy szukaj\u0105 szybkiego po\u0142\u0105czenia lub przypadkowego zwi\u0105zku.<\/p>\n<h3>BookOfSext<\/h3>\n<p>Je\u015bli szukasz strony czatu milf, kt\u00f3ra jest bezp\u0142atna i \u0142atwa w u\u017cyciu, BookOfSext to \u015bwietna opcja. Strona ma czysty, nowoczesny design i \u0142atwo j\u0105 znale\u017a\u0107 i porozmawia\u0107 z milfs. Istnieje r\u00f3wnie\u017c wiele funkcji, takich jak mo\u017cliwo\u015b\u0107 wysy\u0142ania prywatnych wiadomo\u015bci, a strona jest dost\u0119pna w wielu j\u0119zykach. Istnieje jednak kilka wad. Na przyk\u0142ad witryna nie ma wielu u\u017cytkownik\u00f3w i nie jest dost\u0119pna we wszystkich krajach.<\/p>\n<h3>Podw\u00f3jna lista<\/h3>\n<p>Je\u015bli szukasz darmowej strony czatu milf, zdecydowanie powiniene\u015b sprawdzi\u0107 DoubleList. Witryna ma du\u017cy wyb\u00f3r czat\u00f3w, a je\u015bli chcesz, mo\u017cesz nawet stworzy\u0107 w\u0142asny pok\u00f3j rozm\u00f3w. Istnieje r\u00f3wnie\u017c wiele funkcji, kt\u00f3rych mo\u017cesz u\u017cy\u0107, aby uczyni\u0107 czat przyjemniejszym, takim jak mo\u017cliwo\u015b\u0107 wysy\u0142ania prywatnych wiadomo\u015bci, a nawet nawi\u0105zywania po\u0142\u0105cze\u0144 wideo. Og\u00f3lnie rzecz bior\u0105c, DoubleList to \u015bwietna strona do czatu i zdecydowanie warto sprawdzi\u0107, czy szukasz darmowej strony czatu milf.<\/p>\n","protected":false},"excerpt":{"rendered":"<p>Istnieje wiele \u015bwietnych darmowych czat\u00f3w milf, kt\u00f3re mog\u0105 pom\u00f3c w nawi\u0105zaniu kontaktu ze starszymi kobietami szukaj\u0105cymi flingu. Wszystko, co musisz&hellip;<\/p>\n","protected":false},"author":1,"featured_media":0,"parent":0,"menu_order":0,"comment_status":"closed","ping_status":"closed","template":"","meta":[],"yoast_head":"<!-- This site is optimized with the Yoast SEO plugin v17.7.1 - https:\/\/yoast.com\/wordpress\/plugins\/seo\/ -->\n<title>MILF Sex Chat - Online Dating Roba<\/title>\n<meta name=\"robots\" content=\"index, follow, max-snippet:-1, max-image-preview:large, max-video-preview:-1\" \/>\n<link rel=\"canonical\" href=\"https:\/\/sushihiroba.co.uk\/pl\/milf-sex-chat\/\" \/>\n<meta property=\"og:locale\" content=\"pl_PL\" \/>\n<meta property=\"og:type\" content=\"article\" \/>\n<meta property=\"og:title\" content=\"MILF Sex Chat - Online Dating Roba\" \/>\n<meta property=\"og:description\" content=\"Istnieje wiele \u015bwietnych darmowych czat\u00f3w milf, kt\u00f3re mog\u0105 pom\u00f3c w nawi\u0105zaniu kontaktu ze starszymi kobietami szukaj\u0105cymi flingu. Wszystko, co musisz&hellip;\" \/>\n<meta property=\"og:url\" content=\"https:\/\/sushihiroba.co.uk\/pl\/milf-sex-chat\/\" \/>\n<meta property=\"og:site_name\" content=\"Online Dating Roba\" \/>\n<meta name=\"twitter:card\" content=\"summary_large_image\" \/>\n<meta name=\"twitter:label1\" content=\"Szacowany czas czytania\" \/>\n\t<meta name=\"twitter:data1\" content=\"4 minuty\" \/>\n<script type=\"application\/ld+json\" class=\"yoast-schema-graph\">{\"@context\":\"https:\/\/schema.org\",\"@graph\":[{\"@type\":\"WebSite\",\"@id\":\"https:\/\/sushihiroba.co.uk\/pl\/#website\",\"url\":\"https:\/\/sushihiroba.co.uk\/pl\/\",\"name\":\"Online Dating Roba\",\"description\":\"Guide To Find Love\",\"potentialAction\":[{\"@type\":\"SearchAction\",\"target\":{\"@type\":\"EntryPoint\",\"urlTemplate\":\"https:\/\/sushihiroba.co.uk\/pl\/?s={search_term_string}\"},\"query-input\":\"required name=search_term_string\"}],\"inLanguage\":\"pl-PL\"},{\"@type\":\"WebPage\",\"@id\":\"https:\/\/sushihiroba.co.uk\/pl\/milf-sex-chat\/#webpage\",\"url\":\"https:\/\/sushihiroba.co.uk\/pl\/milf-sex-chat\/\",\"name\":\"MILF Sex Chat - Online Dating Roba\",\"isPartOf\":{\"@id\":\"https:\/\/sushihiroba.co.uk\/pl\/#website\"},\"datePublished\":\"2022-10-10T11:13:28+00:00\",\"dateModified\":\"2022-10-10T11:13:28+00:00\",\"breadcrumb\":{\"@id\":\"https:\/\/sushihiroba.co.uk\/pl\/milf-sex-chat\/#breadcrumb\"},\"inLanguage\":\"pl-PL\",\"potentialAction\":[{\"@type\":\"ReadAction\",\"target\":[\"https:\/\/sushihiroba.co.uk\/pl\/milf-sex-chat\/\"]}]},{\"@type\":\"BreadcrumbList\",\"@id\":\"https:\/\/sushihiroba.co.uk\/pl\/milf-sex-chat\/#breadcrumb\",\"itemListElement\":[{\"@type\":\"ListItem\",\"position\":1,\"name\":\"Home\",\"item\":\"http:\/\/sushihiroba.co.uk\/pl\/\"},{\"@type\":\"ListItem\",\"position\":2,\"name\":\"MILF Sex Chat\"}]}]}<\/script>\n<!-- \/ Yoast SEO plugin. -->","yoast_head_json":{"title":"MILF Sex Chat - Online Dating Roba","robots":{"index":"index","follow":"follow","max-snippet":"max-snippet:-1","max-image-preview":"max-image-preview:large","max-video-preview":"max-video-preview:-1"},"canonical":"https:\/\/sushihiroba.co.uk\/pl\/milf-sex-chat\/","og_locale":"pl_PL","og_type":"article","og_title":"MILF Sex Chat - Online Dating Roba","og_description":"Istnieje wiele \u015bwietnych darmowych czat\u00f3w milf, kt\u00f3re mog\u0105 pom\u00f3c w nawi\u0105zaniu kontaktu ze starszymi kobietami szukaj\u0105cymi flingu. Wszystko, co musisz&hellip;","og_url":"https:\/\/sushihiroba.co.uk\/pl\/milf-sex-chat\/","og_site_name":"Online Dating Roba","twitter_card":"summary_large_image","twitter_misc":{"Szacowany czas czytania":"4 minuty"},"schema":{"@context":"https:\/\/schema.org","@graph":[{"@type":"WebSite","@id":"https:\/\/sushihiroba.co.uk\/pl\/#website","url":"https:\/\/sushihiroba.co.uk\/pl\/","name":"Online Dating Roba","description":"Guide To Find Love","potentialAction":[{"@type":"SearchAction","target":{"@type":"EntryPoint","urlTemplate":"https:\/\/sushihiroba.co.uk\/pl\/?s={search_term_string}"},"query-input":"required name=search_term_string"}],"inLanguage":"pl-PL"},{"@type":"WebPage","@id":"https:\/\/sushihiroba.co.uk\/pl\/milf-sex-chat\/#webpage","url":"https:\/\/sushihiroba.co.uk\/pl\/milf-sex-chat\/","name":"MILF Sex Chat - Online Dating Roba","isPartOf":{"@id":"https:\/\/sushihiroba.co.uk\/pl\/#website"},"datePublished":"2022-10-10T11:13:28+00:00","dateModified":"2022-10-10T11:13:28+00:00","breadcrumb":{"@id":"https:\/\/sushihiroba.co.uk\/pl\/milf-sex-chat\/#breadcrumb"},"inLanguage":"pl-PL","potentialAction":[{"@type":"ReadAction","target":["https:\/\/sushihiroba.co.uk\/pl\/milf-sex-chat\/"]}]},{"@type":"BreadcrumbList","@id":"https:\/\/sushihiroba.co.uk\/pl\/milf-sex-chat\/#breadcrumb","itemListElement":[{"@type":"ListItem","position":1,"name":"Home","item":"http:\/\/sushihiroba.co.uk\/pl\/"},{"@type":"ListItem","position":2,"name":"MILF Sex Chat"}]}]}},"_links":{"self":[{"href":"https:\/\/sushihiroba.co.uk\/pl\/wp-json\/wp\/v2\/pages\/145"}],"collection":[{"href":"https:\/\/sushihiroba.co.uk\/pl\/wp-json\/wp\/v2\/pages"}],"about":[{"href":"https:\/\/sushihiroba.co.uk\/pl\/wp-json\/wp\/v2\/types\/page"}],"author":[{"embeddable":true,"href":"https:\/\/sushihiroba.co.uk\/pl\/wp-json\/wp\/v2\/users\/1"}],"replies":[{"embeddable":true,"href":"https:\/\/sushihiroba.co.uk\/pl\/wp-json\/wp\/v2\/comments?post=145"}],"version-history":[{"count":0,"href":"https:\/\/sushihiroba.co.uk\/pl\/wp-json\/wp\/v2\/pages\/145\/revisions"}],"wp:attachment":[{"href":"https:\/\/sushihiroba.co.uk\/pl\/wp-json\/wp\/v2\/media?parent=145"}],"curies":[{"name":"wp","href":"https:\/\/api.w.org\/{rel}","templated":true}]}}