{"id":149,"date":"2022-10-10T12:13:05","date_gmt":"2022-10-10T11:13:05","guid":{"rendered":"http:\/\/sushihiroba.co.uk\/pokoje-czatu-fetish\/"},"modified":"2022-10-10T12:13:05","modified_gmt":"2022-10-10T11:13:05","slug":"pokoje-czatu-fetish","status":"publish","type":"page","link":"https:\/\/sushihiroba.co.uk\/pl\/pokoje-czatu-fetish\/","title":{"rendered":"Pokoje czatu Fetish"},"content":{"rendered":"<p>Istnieje wiele r\u00f3\u017cnych czat\u00f3w dla os\u00f3b zainteresowanych BDSM. Mo\u017cesz znale\u017a\u0107 te, kt\u00f3re s\u0105 specjalnie dla os\u00f3b, kt\u00f3re chc\u0105 si\u0119 pod\u0142\u0105czy\u0107, a s\u0105 te\u017c takie, kt\u00f3re s\u0105 tylko do og\u00f3lnej dyskusji. Je\u015bli szukasz po\u0142\u0105czenia, dobrym pomys\u0142em jest sprawdzenie kilku r\u00f3\u017cnych czat\u00f3w, aby zobaczy\u0107, kt\u00f3ry z nich ma najwi\u0119cej os\u00f3b, kt\u00f3re s\u0105 zainteresowane tym samym co Ty. Mo\u017cesz r\u00f3wnie\u017c znale\u017a\u0107 wiele r\u00f3\u017cnych zasob\u00f3w i porad w tych czatach, wi\u0119c dobrym pomys\u0142em jest ich zbadanie, je\u015bli jeste\u015b nowy na scenie BDSM.<\/p>\n<h2>Czat fetyszowy<\/h2>\n<p>W \u015bwiecie randek internetowych dost\u0119pne s\u0105 r\u00f3\u017cnego rodzaju czaty dla os\u00f3b o r\u00f3\u017cnych zainteresowaniach. Jednym z rodzaj\u00f3w czatu, kt\u00f3ry sta\u0142 si\u0119 coraz bardziej popularny w ostatnich latach, jest czat fetysz.<\/p>\n<p>Czat fetyszystyczny to miejsce, w kt\u00f3rym <a href=\"http:\/\/sushihiroba.co.uk\/free-phone-sex\/\">osoby zainteresowane seksualnie<\/a> okre\u015blonym tematem mog\u0105 spotka\u0107 si\u0119 i porozmawia\u0107 o swoich zainteresowaniach. Istniej\u0105 czaty dla wszelkiego rodzaju r\u00f3\u017cnych fetyszys\u00f3w, od fetyszyst\u00f3w st\u00f3p po ludzi, kt\u00f3rzy s\u0105 zainteresowani BDSM.<\/p>\n<p>Czaty fetysz\u00f3w mog\u0105 by\u0107 doskona\u0142ym miejscem do odkrywania swoich zainteresowa\u0144 seksualnych i poznawania podobnie my\u015bl\u0105cych ludzi. Wa\u017cne jest jednak, aby pami\u0119ta\u0107, aby szanowa\u0107 interesy i granice innych ludzi i nigdy nie zmusza\u0107 nikogo do robienia czegokolwiek, z czym nie czuje si\u0119 komfortowo.<\/p>\n<h2>Czat Fetysz<\/h2>\n<p>W pokoju rozm\u00f3w fetysz\u00f3w mo\u017cesz odkrywa\u0107 swoje najg\u0142\u0119bsze pragnienia z podobnie my\u015bl\u0105cymi lud\u017ami i potencjalnie znale\u017a\u0107 mi\u0142o\u015b\u0107. Niezale\u017cnie od tego, czy interesujesz si\u0119 BDSM, fetyszem st\u00f3p, czy jakimkolwiek innym za\u0142amaniem, mo\u017cesz znale\u017a\u0107 kogo\u015b, kto podziela twoje zainteresowania i z kim mo\u017cesz odkrywa\u0107 swoj\u0105 seksualno\u015b\u0107. Najlepsze w fetyszowych czatach jest to, \u017ce mo\u017cesz by\u0107 ca\u0142kowicie otwarty i szczery w swoich zainteresowaniach, a nikt ci\u0119 nie os\u0105dzi. Wi\u0119c je\u015bli szukasz wolnej od os\u0105d\u00f3w przestrzeni do wyra\u017cania swoich najg\u0142\u0119bszych pragnie\u0144, pok\u00f3j rozm\u00f3w fetyszystycznych jest idealnym miejscem dla Ciebie.<\/p>\n<p>Pokoje rozm\u00f3w Fetish mog\u0105 by\u0107 \u015bwietnym sposobem na nawi\u0105zanie kontaktu z podobnie my\u015bl\u0105cymi lud\u017ami, kt\u00f3rzy podzielaj\u0105 Twoje zainteresowania. Mog\u0105 by\u0107 \u015bwietnym sposobem na poznanie swojej seksualno\u015bci i dowiedzie\u0107 si\u0119 wi\u0119cej o tym, co Ci\u0119 kr\u0119ci. Mog\u0105 by\u0107 r\u00f3wnie\u017c \u015bwietnym sposobem na poznanie potencjalnych partner\u00f3w, kt\u00f3rzy podzielaj\u0105 Twoje zainteresowania. Nale\u017cy jednak pami\u0119ta\u0107, \u017ce nie wszystkie czaty fetyszowe s\u0105 sobie r\u00f3wne. Niekt\u00f3re s\u0105 lepsze od innych, a niekt\u00f3re s\u0105 bardziej niebezpieczne ni\u017c inne. Wa\u017cne jest, aby przeprowadzi\u0107 badania przed do\u0142\u0105czeniem do jakiegokolwiek pokoju rozm\u00f3w i do\u0142\u0105czy\u0107 tylko do tych, z kt\u00f3rymi czujesz si\u0119 komfortowo.<\/p>\n<h3>Flingster \u2022<\/h3>\n<p>Je\u015bli szukasz bezpiecznego sposobu na poznanie swojej perwersyjnej strony, zdecydowanie powiniene\u015b sprawdzi\u0107 Flingster. Ta aplikacja randkowa jest idealna dla tych, kt\u00f3rzy s\u0105 ciekawi BDSM i chc\u0105 znale\u017a\u0107 czat, w kt\u00f3rym mog\u0105 odkrywa\u0107 swoje pragnienia seksualne w bezpieczny i zgodny spos\u00f3b.<\/p>\n<p>Flingster to \u015bwietna opcja dla tych, kt\u00f3rzy chc\u0105 zanurzy\u0107 palce w stylu \u017cycia BDSM, poniewa\u017c oferuje r\u00f3\u017cnorodne czaty, kt\u00f3re zaspokajaj\u0105 r\u00f3\u017cne za\u0142amania i fetysze. Mo\u017cesz r\u00f3wnie\u017c mie\u0107 pewno\u015b\u0107, \u017ce wszyscy cz\u0142onkowie na stronie s\u0105 prawdziwi, poniewa\u017c ka\u017cdy profil jest weryfikowany w rygorystycznym procesie.<\/p>\n<p>Wi\u0119c je\u015bli szukasz bezpiecznego i zabawnego sposobu na poznanie swojej perwersyjnej strony, koniecznie sprawd\u017a Flingster!<\/p>\n<h3>Geek2Geek<\/h3>\n<p>Geek2Geek to aplikacja randkowa, kt\u00f3ra zaspokaja potrzeby nerd\u00f3w, maniak\u00f3w i innych geek\u00f3w. Aplikacja ma wiele funkcji, kt\u00f3re sprawiaj\u0105, \u017ce jest \u015bwietna dla nerd\u00f3w, w tym funkcj\u0119 wyszukiwania, kt\u00f3ra pozwala znale\u017a\u0107 innych nerd\u00f3w, kt\u00f3rzy podzielaj\u0105 Twoje zainteresowania. Aplikacja ma r\u00f3wnie\u017c funkcj\u0119 czatu, dzi\u0119ki czemu mo\u017cesz rozmawia\u0107 z innymi nerdami o swoich wsp\u00f3lnych zainteresowaniach. Aplikacja jest bezp\u0142atna do pobrania i u\u017cytkowania i jest dost\u0119pna zar\u00f3wno dla systemu iOS, jak i Android.<\/p>\n<h3>Niegrzeczna Data<\/h3>\n<p>NaughtyDate to aplikacja randkowa, kt\u00f3ra specjalizuje si\u0119 w czatach BDSM. To \u015bwietne miejsce, aby znale\u017a\u0107 podobnie my\u015bl\u0105cych ludzi i odkrywa\u0107 swoje za\u0142amania i fetysze. Aplikacja jest \u0142atwa w u\u017cyciu i ma wiele funkcji, dzi\u0119ki czemu jest doskona\u0142ym wyborem dla os\u00f3b szukaj\u0105cych perwersyjnego czatu.<\/p>\n","protected":false},"excerpt":{"rendered":"<p>Istnieje wiele r\u00f3\u017cnych czat\u00f3w dla os\u00f3b zainteresowanych BDSM. Mo\u017cesz znale\u017a\u0107 te, kt\u00f3re s\u0105 specjalnie dla os\u00f3b, kt\u00f3re chc\u0105 si\u0119 pod\u0142\u0105czy\u0107,&hellip;<\/p>\n","protected":false},"author":1,"featured_media":0,"parent":0,"menu_order":0,"comment_status":"closed","ping_status":"closed","template":"","meta":[],"yoast_head":"<!-- This site is optimized with the Yoast SEO plugin v17.7.1 - https:\/\/yoast.com\/wordpress\/plugins\/seo\/ -->\n<title>Pokoje czatu Fetish - Online Dating Roba<\/title>\n<meta name=\"robots\" content=\"index, follow, max-snippet:-1, max-image-preview:large, max-video-preview:-1\" \/>\n<link rel=\"canonical\" href=\"https:\/\/sushihiroba.co.uk\/pl\/pokoje-czatu-fetish\/\" \/>\n<meta property=\"og:locale\" content=\"pl_PL\" \/>\n<meta property=\"og:type\" content=\"article\" \/>\n<meta property=\"og:title\" content=\"Pokoje czatu Fetish - Online Dating Roba\" \/>\n<meta property=\"og:description\" content=\"Istnieje wiele r\u00f3\u017cnych czat\u00f3w dla os\u00f3b zainteresowanych BDSM. Mo\u017cesz znale\u017a\u0107 te, kt\u00f3re s\u0105 specjalnie dla os\u00f3b, kt\u00f3re chc\u0105 si\u0119 pod\u0142\u0105czy\u0107,&hellip;\" \/>\n<meta property=\"og:url\" content=\"https:\/\/sushihiroba.co.uk\/pl\/pokoje-czatu-fetish\/\" \/>\n<meta property=\"og:site_name\" content=\"Online Dating Roba\" \/>\n<meta name=\"twitter:card\" content=\"summary_large_image\" \/>\n<meta name=\"twitter:label1\" content=\"Szacowany czas czytania\" \/>\n\t<meta name=\"twitter:data1\" content=\"4 minuty\" \/>\n<script type=\"application\/ld+json\" class=\"yoast-schema-graph\">{\"@context\":\"https:\/\/schema.org\",\"@graph\":[{\"@type\":\"WebSite\",\"@id\":\"https:\/\/sushihiroba.co.uk\/pl\/#website\",\"url\":\"https:\/\/sushihiroba.co.uk\/pl\/\",\"name\":\"Online Dating Roba\",\"description\":\"Guide To Find Love\",\"potentialAction\":[{\"@type\":\"SearchAction\",\"target\":{\"@type\":\"EntryPoint\",\"urlTemplate\":\"https:\/\/sushihiroba.co.uk\/pl\/?s={search_term_string}\"},\"query-input\":\"required name=search_term_string\"}],\"inLanguage\":\"pl-PL\"},{\"@type\":\"WebPage\",\"@id\":\"https:\/\/sushihiroba.co.uk\/pl\/pokoje-czatu-fetish\/#webpage\",\"url\":\"https:\/\/sushihiroba.co.uk\/pl\/pokoje-czatu-fetish\/\",\"name\":\"Pokoje czatu Fetish - Online Dating Roba\",\"isPartOf\":{\"@id\":\"https:\/\/sushihiroba.co.uk\/pl\/#website\"},\"datePublished\":\"2022-10-10T11:13:05+00:00\",\"dateModified\":\"2022-10-10T11:13:05+00:00\",\"breadcrumb\":{\"@id\":\"https:\/\/sushihiroba.co.uk\/pl\/pokoje-czatu-fetish\/#breadcrumb\"},\"inLanguage\":\"pl-PL\",\"potentialAction\":[{\"@type\":\"ReadAction\",\"target\":[\"https:\/\/sushihiroba.co.uk\/pl\/pokoje-czatu-fetish\/\"]}]},{\"@type\":\"BreadcrumbList\",\"@id\":\"https:\/\/sushihiroba.co.uk\/pl\/pokoje-czatu-fetish\/#breadcrumb\",\"itemListElement\":[{\"@type\":\"ListItem\",\"position\":1,\"name\":\"Home\",\"item\":\"http:\/\/sushihiroba.co.uk\/pl\/\"},{\"@type\":\"ListItem\",\"position\":2,\"name\":\"Pokoje czatu Fetish\"}]}]}<\/script>\n<!-- \/ Yoast SEO plugin. -->","yoast_head_json":{"title":"Pokoje czatu Fetish - Online Dating Roba","robots":{"index":"index","follow":"follow","max-snippet":"max-snippet:-1","max-image-preview":"max-image-preview:large","max-video-preview":"max-video-preview:-1"},"canonical":"https:\/\/sushihiroba.co.uk\/pl\/pokoje-czatu-fetish\/","og_locale":"pl_PL","og_type":"article","og_title":"Pokoje czatu Fetish - Online Dating Roba","og_description":"Istnieje wiele r\u00f3\u017cnych czat\u00f3w dla os\u00f3b zainteresowanych BDSM. Mo\u017cesz znale\u017a\u0107 te, kt\u00f3re s\u0105 specjalnie dla os\u00f3b, kt\u00f3re chc\u0105 si\u0119 pod\u0142\u0105czy\u0107,&hellip;","og_url":"https:\/\/sushihiroba.co.uk\/pl\/pokoje-czatu-fetish\/","og_site_name":"Online Dating Roba","twitter_card":"summary_large_image","twitter_misc":{"Szacowany czas czytania":"4 minuty"},"schema":{"@context":"https:\/\/schema.org","@graph":[{"@type":"WebSite","@id":"https:\/\/sushihiroba.co.uk\/pl\/#website","url":"https:\/\/sushihiroba.co.uk\/pl\/","name":"Online Dating Roba","description":"Guide To Find Love","potentialAction":[{"@type":"SearchAction","target":{"@type":"EntryPoint","urlTemplate":"https:\/\/sushihiroba.co.uk\/pl\/?s={search_term_string}"},"query-input":"required name=search_term_string"}],"inLanguage":"pl-PL"},{"@type":"WebPage","@id":"https:\/\/sushihiroba.co.uk\/pl\/pokoje-czatu-fetish\/#webpage","url":"https:\/\/sushihiroba.co.uk\/pl\/pokoje-czatu-fetish\/","name":"Pokoje czatu Fetish - Online Dating Roba","isPartOf":{"@id":"https:\/\/sushihiroba.co.uk\/pl\/#website"},"datePublished":"2022-10-10T11:13:05+00:00","dateModified":"2022-10-10T11:13:05+00:00","breadcrumb":{"@id":"https:\/\/sushihiroba.co.uk\/pl\/pokoje-czatu-fetish\/#breadcrumb"},"inLanguage":"pl-PL","potentialAction":[{"@type":"ReadAction","target":["https:\/\/sushihiroba.co.uk\/pl\/pokoje-czatu-fetish\/"]}]},{"@type":"BreadcrumbList","@id":"https:\/\/sushihiroba.co.uk\/pl\/pokoje-czatu-fetish\/#breadcrumb","itemListElement":[{"@type":"ListItem","position":1,"name":"Home","item":"http:\/\/sushihiroba.co.uk\/pl\/"},{"@type":"ListItem","position":2,"name":"Pokoje czatu Fetish"}]}]}},"_links":{"self":[{"href":"https:\/\/sushihiroba.co.uk\/pl\/wp-json\/wp\/v2\/pages\/149"}],"collection":[{"href":"https:\/\/sushihiroba.co.uk\/pl\/wp-json\/wp\/v2\/pages"}],"about":[{"href":"https:\/\/sushihiroba.co.uk\/pl\/wp-json\/wp\/v2\/types\/page"}],"author":[{"embeddable":true,"href":"https:\/\/sushihiroba.co.uk\/pl\/wp-json\/wp\/v2\/users\/1"}],"replies":[{"embeddable":true,"href":"https:\/\/sushihiroba.co.uk\/pl\/wp-json\/wp\/v2\/comments?post=149"}],"version-history":[{"count":0,"href":"https:\/\/sushihiroba.co.uk\/pl\/wp-json\/wp\/v2\/pages\/149\/revisions"}],"wp:attachment":[{"href":"https:\/\/sushihiroba.co.uk\/pl\/wp-json\/wp\/v2\/media?parent=149"}],"curies":[{"name":"wp","href":"https:\/\/api.w.org\/{rel}","templated":true}]}}