{"id":176,"date":"2022-10-10T12:12:51","date_gmt":"2022-10-10T11:12:51","guid":{"rendered":"http:\/\/sushihiroba.co.uk\/darmowy-seks-telefoniczny\/"},"modified":"2022-10-10T12:12:51","modified_gmt":"2022-10-10T11:12:51","slug":"darmowy-seks-telefoniczny","status":"publish","type":"page","link":"https:\/\/sushihiroba.co.uk\/pl\/darmowy-seks-telefoniczny\/","title":{"rendered":"Darmowy seks telefoniczny"},"content":{"rendered":"<p>Je\u015bli chodzi o pod\u0142\u0105czanie, darmowy seks przez telefon mo\u017ce by\u0107 \u015bwietnym sposobem na rozpocz\u0119cie pracy. Mo\u017ce pom\u00f3c prze\u0142ama\u0107 lody i uruchomi\u0107 rzeczy, bez martwienia si\u0119, \u017ce rzeczy stan\u0105 si\u0119 zbyt fizyczne zbyt szybko. Dodatkowo mo\u017ce to by\u0107 \u015bwietna zabawa! Je\u015bli my\u015blisz o wypr\u00f3bowaniu darmowego seksu telefonicznego, oto kilka wskaz\u00f3wek, kt\u00f3re pomog\u0105 Ci zacz\u0105\u0107:<\/p>\n<ol>\n<li>Znajd\u017a partnera, kt\u00f3ry jest na to gotowy. To chyba najwa\u017cniejszy krok. Je\u015bli oboje nie jeste\u015bcie na tej samej stronie, nie b\u0119dzie to zabawne dla \u017cadnego z was.<\/li>\n<li>Poczuj si\u0119 komfortowo. To jest kluczowe. Je\u015bli nie czujesz si\u0119 komfortowo, to si\u0119 poka\u017ce. Znajd\u017a miejsce, w kt\u00f3rym mo\u017cesz odpocz\u0105\u0107 i poczu\u0107 si\u0119 komfortowo.<\/li>\n<li>Pu\u015b\u0107 luzem. To Twoja szansa, aby przez chwil\u0119 by\u0107 kim\u015b innym. Baw si\u0119 dobrze!<\/li>\n<li>B\u0105d\u017a pe\u0142en szacunku. Pami\u0119taj, \u017ce jest to jeszcze jedna osoba na drugim ko\u0144cu linii. B\u0105d\u017a wi\u0119c pe\u0142en szacunku i nie m\u00f3w niczego, czego nie chcia\u0142by\u015b, aby ci powiedziano.<\/li>\n<li>Roz\u0142\u0105cz si\u0119, je\u015bli zrobi si\u0119 zbyt gor\u0105co. Je\u015bli sprawy zaczn\u0105 si\u0119 zbytnio nagrzewa\u0107, mo\u017cna si\u0119 roz\u0142\u0105czy\u0107. Zawsze mo\u017cesz oddzwoni\u0107 innym razem.<\/li>\n<\/ol>\n<h2>Bezp\u0142atna wersja pr\u00f3bna czatu<\/h2>\n<p>Je\u015bli szukasz nowego sposobu na poznawanie ludzi, linie czatu s\u0105 \u015bwietn\u0105 opcj\u0105. Wiele linii czatu oferuje bezp\u0142atne wersje pr\u00f3bne, dzi\u0119ki czemu mo\u017cesz je wypr\u00f3bowa\u0107 przed zatwierdzeniem. To \u015bwietny spos\u00f3b, aby sprawdzi\u0107, czy linia czatu jest dla Ciebie odpowiednia. Gdy zadzwonisz na lini\u0119 czatu, zostaniesz po\u0142\u0105czony z przypadkow\u0105 osob\u0105. Mo\u017cesz rozmawia\u0107 przez kilka minut, a nast\u0119pnie zdecydowa\u0107, czy chcesz si\u0119 spotka\u0107.<\/p>\n<p>Istnieje wiele witryn erotycznych na telefon i mog\u0105 one by\u0107 \u015bwietnym sposobem na znalezienie mi\u0142o\u015bci. Mo\u017cesz znale\u017a\u0107 kogo\u015b, z kim mo\u017cesz porozmawia\u0107, kto zajmuje si\u0119 tymi samymi rzeczami co ty, a nawet mo\u017cesz znale\u017a\u0107 kogo\u015b, kto szuka powa\u017cnego zwi\u0105zku. Po prostu upewnij si\u0119, \u017ce jeste\u015b ostro\u017cny podczas korzystania z tych stron i \u017ce po\u015bwi\u0119casz czas na znalezienie odpowiedniej osoby dla siebie.<\/p>\n<h2>Darmowy czat seksualny<\/h2>\n<p>Nie ma nic lepszego ni\u017c \u0142\u0105czenie si\u0119 z kim\u015b na g\u0142\u0119bokim poziomie seksualnym. Darmowy czat seksualny zapewnia wyj\u0105tkow\u0105 okazj\u0119, aby to zrobi\u0107. Mo\u017cesz po\u0142\u0105czy\u0107 si\u0119 z kim\u015b, kto podziela twoje zainteresowania seksualne i odkrywa twoje pragnienia w bezpiecznym i anonimowym \u015brodowisku. Darmowy czat seksualny to idealny spos\u00f3b na urozmaicenie \u017cycia mi\u0142osnego i zbli\u017cenie si\u0119 do partnera.<\/p>\n<h3>ComeWithYou<\/h3>\n<p>ComeWithYou to nowa aplikacja randkowa, kt\u00f3ra wstrz\u0105sa \u015bwiatem randek online. Aplikacja pozwala u\u017cytkownikom \u0142\u0105czy\u0107 si\u0119 ze sob\u0105 za pomoc\u0105 po\u0142\u0105czenia telefonicznego, a nie tylko za po\u015brednictwem wiadomo\u015bci tekstowych. W ten spos\u00f3b u\u017cytkownicy mog\u0105 s\u0142ysze\u0107 nawzajem swoje g\u0142osy i lepiej zrozumie\u0107, z kim rozmawiaj\u0105. Aplikacja oferuje r\u00f3wnie\u017c bezp\u0142atn\u0105 us\u0142ug\u0119 seksu telefonicznego, dzi\u0119ki czemu u\u017cytkownicy mog\u0105 si\u0119 jeszcze lepiej pozna\u0107. Aplikacja jest wci\u0105\u017c na wczesnym etapie, ale ju\u017c zrobi\u0142a plusk w \u015bwiecie randek online.<\/p>\n<h3>FlirtHookup<\/h3>\n<p>Je\u015bli szukasz sposobu na urozmaicenie swojego \u017cycia seksualnego, nie szukaj dalej ni\u017c FlirtHookup. Ta innowacyjna nowa aplikacja pozwala \u0142\u0105czy\u0107 si\u0119 z potencjalnymi partnerami seksualnymi w Twojej okolicy i rozmawia\u0107 z nimi brudno, aby zacz\u0105\u0107.<\/p>\n<p>Najlepsze w FlirtHookup jest to, \u017ce jest ca\u0142kowicie darmowy w u\u017cyciu. Oznacza to, \u017ce mo\u017cesz rozmawia\u0107 z dowoln\u0105 liczb\u0105 os\u00f3b, nie martwi\u0105c si\u0119 o rozbicie banku.<\/p>\n<p>Wi\u0119c je\u015bli szukasz gor\u0105cej, brudnej zabawy, pobierz FlirtHookup ju\u017c dzi\u015b i zacznij odkrywa\u0107 swoje naj\u015bmielsze fantazje.<\/p>\n<h3>Shag<\/h3>\n<p>Je\u015bli szukasz nowej aplikacji randkowej do wypr\u00f3bowania, rozwa\u017c Shag. Jest to bezp\u0142atna aplikacja, kt\u00f3ra pozwala \u0142\u0105czy\u0107 si\u0119 z potencjalnymi meczami w Twojej okolicy. Aplikacja jest prosta w u\u017cyciu i \u0142atwa w nawigacji. Ponadto jest to \u015bwietny spos\u00f3b na poznanie nowych ludzi i po\u0142o\u017cenie si\u0119.<\/p>\n<p>Je\u015bli chodzi o znalezienie po\u0142\u0105czenia, Shag jest w\u0142a\u015bciw\u0105 drog\u0105. Aplikacja jest bezp\u0142atna do pobrania i u\u017cytkowania. Ponadto jest \u0142atwy w u\u017cyciu i nawigacji. Mo\u017cesz szybko i \u0142atwo znale\u017a\u0107 potencjalne dopasowania w swojej okolicy. Ponadto aplikacja to \u015bwietny spos\u00f3b na poznanie nowych ludzi i po\u0142o\u017cenie si\u0119.<\/p>\n","protected":false},"excerpt":{"rendered":"<p>Je\u015bli chodzi o pod\u0142\u0105czanie, darmowy seks przez telefon mo\u017ce by\u0107 \u015bwietnym sposobem na rozpocz\u0119cie pracy. Mo\u017ce pom\u00f3c prze\u0142ama\u0107 lody i&hellip;<\/p>\n","protected":false},"author":1,"featured_media":0,"parent":0,"menu_order":0,"comment_status":"closed","ping_status":"closed","template":"","meta":[],"yoast_head":"<!-- This site is optimized with the Yoast SEO plugin v17.7.1 - https:\/\/yoast.com\/wordpress\/plugins\/seo\/ -->\n<title>Darmowy seks telefoniczny - Online Dating Roba<\/title>\n<meta name=\"robots\" content=\"index, follow, max-snippet:-1, max-image-preview:large, max-video-preview:-1\" \/>\n<link rel=\"canonical\" href=\"https:\/\/sushihiroba.co.uk\/pl\/darmowy-seks-telefoniczny\/\" \/>\n<meta property=\"og:locale\" content=\"pl_PL\" \/>\n<meta property=\"og:type\" content=\"article\" \/>\n<meta property=\"og:title\" content=\"Darmowy seks telefoniczny - Online Dating Roba\" \/>\n<meta property=\"og:description\" content=\"Je\u015bli chodzi o pod\u0142\u0105czanie, darmowy seks przez telefon mo\u017ce by\u0107 \u015bwietnym sposobem na rozpocz\u0119cie pracy. Mo\u017ce pom\u00f3c prze\u0142ama\u0107 lody i&hellip;\" \/>\n<meta property=\"og:url\" content=\"https:\/\/sushihiroba.co.uk\/pl\/darmowy-seks-telefoniczny\/\" \/>\n<meta property=\"og:site_name\" content=\"Online Dating Roba\" \/>\n<meta name=\"twitter:card\" content=\"summary_large_image\" \/>\n<meta name=\"twitter:label1\" content=\"Szacowany czas czytania\" \/>\n\t<meta name=\"twitter:data1\" content=\"4 minuty\" \/>\n<script type=\"application\/ld+json\" class=\"yoast-schema-graph\">{\"@context\":\"https:\/\/schema.org\",\"@graph\":[{\"@type\":\"WebSite\",\"@id\":\"https:\/\/sushihiroba.co.uk\/pl\/#website\",\"url\":\"https:\/\/sushihiroba.co.uk\/pl\/\",\"name\":\"Online Dating Roba\",\"description\":\"Guide To Find Love\",\"potentialAction\":[{\"@type\":\"SearchAction\",\"target\":{\"@type\":\"EntryPoint\",\"urlTemplate\":\"https:\/\/sushihiroba.co.uk\/pl\/?s={search_term_string}\"},\"query-input\":\"required name=search_term_string\"}],\"inLanguage\":\"pl-PL\"},{\"@type\":\"WebPage\",\"@id\":\"https:\/\/sushihiroba.co.uk\/pl\/darmowy-seks-telefoniczny\/#webpage\",\"url\":\"https:\/\/sushihiroba.co.uk\/pl\/darmowy-seks-telefoniczny\/\",\"name\":\"Darmowy seks telefoniczny - Online Dating Roba\",\"isPartOf\":{\"@id\":\"https:\/\/sushihiroba.co.uk\/pl\/#website\"},\"datePublished\":\"2022-10-10T11:12:51+00:00\",\"dateModified\":\"2022-10-10T11:12:51+00:00\",\"breadcrumb\":{\"@id\":\"https:\/\/sushihiroba.co.uk\/pl\/darmowy-seks-telefoniczny\/#breadcrumb\"},\"inLanguage\":\"pl-PL\",\"potentialAction\":[{\"@type\":\"ReadAction\",\"target\":[\"https:\/\/sushihiroba.co.uk\/pl\/darmowy-seks-telefoniczny\/\"]}]},{\"@type\":\"BreadcrumbList\",\"@id\":\"https:\/\/sushihiroba.co.uk\/pl\/darmowy-seks-telefoniczny\/#breadcrumb\",\"itemListElement\":[{\"@type\":\"ListItem\",\"position\":1,\"name\":\"Home\",\"item\":\"http:\/\/sushihiroba.co.uk\/pl\/\"},{\"@type\":\"ListItem\",\"position\":2,\"name\":\"Darmowy seks telefoniczny\"}]}]}<\/script>\n<!-- \/ Yoast SEO plugin. -->","yoast_head_json":{"title":"Darmowy seks telefoniczny - Online Dating Roba","robots":{"index":"index","follow":"follow","max-snippet":"max-snippet:-1","max-image-preview":"max-image-preview:large","max-video-preview":"max-video-preview:-1"},"canonical":"https:\/\/sushihiroba.co.uk\/pl\/darmowy-seks-telefoniczny\/","og_locale":"pl_PL","og_type":"article","og_title":"Darmowy seks telefoniczny - Online Dating Roba","og_description":"Je\u015bli chodzi o pod\u0142\u0105czanie, darmowy seks przez telefon mo\u017ce by\u0107 \u015bwietnym sposobem na rozpocz\u0119cie pracy. Mo\u017ce pom\u00f3c prze\u0142ama\u0107 lody i&hellip;","og_url":"https:\/\/sushihiroba.co.uk\/pl\/darmowy-seks-telefoniczny\/","og_site_name":"Online Dating Roba","twitter_card":"summary_large_image","twitter_misc":{"Szacowany czas czytania":"4 minuty"},"schema":{"@context":"https:\/\/schema.org","@graph":[{"@type":"WebSite","@id":"https:\/\/sushihiroba.co.uk\/pl\/#website","url":"https:\/\/sushihiroba.co.uk\/pl\/","name":"Online Dating Roba","description":"Guide To Find Love","potentialAction":[{"@type":"SearchAction","target":{"@type":"EntryPoint","urlTemplate":"https:\/\/sushihiroba.co.uk\/pl\/?s={search_term_string}"},"query-input":"required name=search_term_string"}],"inLanguage":"pl-PL"},{"@type":"WebPage","@id":"https:\/\/sushihiroba.co.uk\/pl\/darmowy-seks-telefoniczny\/#webpage","url":"https:\/\/sushihiroba.co.uk\/pl\/darmowy-seks-telefoniczny\/","name":"Darmowy seks telefoniczny - Online Dating Roba","isPartOf":{"@id":"https:\/\/sushihiroba.co.uk\/pl\/#website"},"datePublished":"2022-10-10T11:12:51+00:00","dateModified":"2022-10-10T11:12:51+00:00","breadcrumb":{"@id":"https:\/\/sushihiroba.co.uk\/pl\/darmowy-seks-telefoniczny\/#breadcrumb"},"inLanguage":"pl-PL","potentialAction":[{"@type":"ReadAction","target":["https:\/\/sushihiroba.co.uk\/pl\/darmowy-seks-telefoniczny\/"]}]},{"@type":"BreadcrumbList","@id":"https:\/\/sushihiroba.co.uk\/pl\/darmowy-seks-telefoniczny\/#breadcrumb","itemListElement":[{"@type":"ListItem","position":1,"name":"Home","item":"http:\/\/sushihiroba.co.uk\/pl\/"},{"@type":"ListItem","position":2,"name":"Darmowy seks telefoniczny"}]}]}},"_links":{"self":[{"href":"https:\/\/sushihiroba.co.uk\/pl\/wp-json\/wp\/v2\/pages\/176"}],"collection":[{"href":"https:\/\/sushihiroba.co.uk\/pl\/wp-json\/wp\/v2\/pages"}],"about":[{"href":"https:\/\/sushihiroba.co.uk\/pl\/wp-json\/wp\/v2\/types\/page"}],"author":[{"embeddable":true,"href":"https:\/\/sushihiroba.co.uk\/pl\/wp-json\/wp\/v2\/users\/1"}],"replies":[{"embeddable":true,"href":"https:\/\/sushihiroba.co.uk\/pl\/wp-json\/wp\/v2\/comments?post=176"}],"version-history":[{"count":0,"href":"https:\/\/sushihiroba.co.uk\/pl\/wp-json\/wp\/v2\/pages\/176\/revisions"}],"wp:attachment":[{"href":"https:\/\/sushihiroba.co.uk\/pl\/wp-json\/wp\/v2\/media?parent=176"}],"curies":[{"name":"wp","href":"https:\/\/api.w.org\/{rel}","templated":true}]}}