{"id":177,"date":"2022-10-10T12:14:24","date_gmt":"2022-10-10T11:14:24","guid":{"rendered":"http:\/\/sushihiroba.co.uk\/serwisy-randkowe-nerdow\/"},"modified":"2022-10-10T12:14:24","modified_gmt":"2022-10-10T11:14:24","slug":"serwisy-randkowe-nerdow","status":"publish","type":"page","link":"https:\/\/sushihiroba.co.uk\/pl\/serwisy-randkowe-nerdow\/","title":{"rendered":"Serwisy randkowe nerd\u00f3w"},"content":{"rendered":"<p>Nie musisz si\u0119 denerwowa\u0107 &#8222;randkami nerd\u00f3w&#8221;. Po pierwsze, pami\u0119taj, \u017ce nerdy faceci s\u0105 jak ka\u017cdy inny facet, je\u015bli chodzi o pod\u0142\u0105czanie. Szukaj\u0105 tego samego, czym jeste\u015b: kogo\u015b, z kim mo\u017cesz si\u0119 dobrze bawi\u0107. Po drugie, nie b\u00f3j si\u0119 pokaza\u0107 swojej nerdowskiej strony. Faceci uwa\u017caj\u0105 inteligencj\u0119 i mi\u0142o\u015b\u0107 do nauki sexy, wi\u0119c pozw\u00f3l swojej fladze nerda lata\u0107! Wreszcie, nie b\u00f3j si\u0119 wykona\u0107 pierwszego ruchu. Nerdowie s\u0105 cz\u0119sto nie\u015bmiali, wi\u0119c to od ciebie zale\u017cy, czy przejmiesz kontrol\u0119 i poprosisz go o wyj\u015bcie. Dzi\u0119ki tym wskaz\u00f3wkom na pewno \u015bwietnie si\u0119 bawisz &#8222;randki nerd\u00f3w!&#8221;<\/p>\n<h2>Randka Geek<\/h2>\n<p>Szukasz randki, kt\u00f3ra jest troch\u0119 geekiem? Nast\u0119pnie nie szukaj dalej ni\u017c lokalny bar geek lub internetowy serwis randkowy. Oto kilka wskaz\u00f3wek, jak um\u00f3wi\u0107 si\u0119 z geekiem.<\/p>\n<ul>\n<li>Przygotuj si\u0119 na intensywne rozmowy. Geekowie uwielbiaj\u0105 rozmawia\u0107 o swoich zainteresowaniach, wi\u0119c przygotuj si\u0119 na om\u00f3wienie wszystkiego, od najnowszego filmu komiksowego po najnowsz\u0105 gr\u0119 wideo.<\/li>\n<li>B\u0105d\u017a cierpliwy. Geekowie mog\u0105 by\u0107 na pocz\u0105tku troch\u0119 nie\u015bmiali, wi\u0119c mo\u017ce min\u0105\u0107 troch\u0119 czasu, zanim si\u0119 przed tob\u0105 otworz\u0105.<\/li>\n<li>Szczerze m\u00f3wi\u0105c. Geekowie doceniaj\u0105 szczero\u015b\u0107, wi\u0119c nie pr\u00f3buj udawa\u0107 swojej drogi przez rozmow\u0119. Je\u015bli nie jeste\u015b zainteresowany tymi samymi rzeczami, po prostu b\u0105d\u017a o tym szczery.<\/li>\n<li>B\u0105d\u017a elastyczny. Geekowie mog\u0105 by\u0107 do\u015b\u0107 ustawieni na sw\u00f3j spos\u00f3b, dlatego wa\u017cne jest, aby by\u0107 elastycznym, je\u015bli chodzi o plany. Je\u015bli twoja randka chce zosta\u0107 i gra\u0107 w gry wideo przez ca\u0142\u0105 noc, id\u017a z tym.<\/li>\n<li>B\u0105d\u017a sob\u0105. Geek\u00f3w przyci\u0105gaj\u0105 ludzie, kt\u00f3rzy s\u0105 autentyczni i autentyczni. Wi\u0119c po prostu b\u0105d\u017a sob\u0105, a na pewno znajdziesz idealne dopasowanie geeky.<\/li>\n<\/ul>\n<p>Istnieje wiele <a href=\"http:\/\/sushihiroba.co.uk\/local-swinger-sites\/\">serwis\u00f3w randkowych<\/a> dla nerd\u00f3w, z kt\u00f3rych ka\u017cdy oferuje co\u015b nieco innego pod wzgl\u0119dem funkcji i odbiorc\u00f3w. Niekt\u00f3re witryny, takie jak Geek 2 Geek, s\u0105 zaprojektowane specjalnie dla maniak\u00f3w i nerd\u00f3w, podczas gdy inne, takie jak OkCupid, s\u0105 otwarte dla os\u00f3b na wszystkich poziomach nerd\u00f3w.<\/p>\n<p>Je\u015bli szukasz mi\u0142o\u015bci i uwa\u017casz si\u0119 za nerda, istnieje serwis randkowy dla Ciebie. Niezale\u017cnie od tego, czy interesujesz si\u0119 science fiction, grami, czy czymkolwiek pomi\u0119dzy, istnieje spo\u0142eczno\u015b\u0107 podobnie my\u015bl\u0105cych ludzi, kt\u00f3rzy czekaj\u0105 na ciebie. Wi\u0119c wyjd\u017a i zacznij si\u0119 bawi\u0107 z kim\u015b wyj\u0105tkowym ju\u017c dzi\u015b.<\/p>\n<h2>Serwisy randkowe dla graczy<\/h2>\n<p>Istnieje wiele serwis\u00f3w randkowych, kt\u00f3re s\u0105 przeznaczone specjalnie dla graczy. Strony te rozumiej\u0105 pasje i zainteresowania graczy i mog\u0105 dopasowa\u0107 Ci\u0119 do innych singli, kt\u00f3rzy podzielaj\u0105 Twoje zainteresowania zwi\u0105zane z grami. Niezale\u017cnie od tego, czy szukasz przypadkowego zwi\u0105zku, czy czego\u015b powa\u017cniejszego, istnieje serwis randkowy dla graczy. Wi\u0119c wyjd\u017a tam i zacznij randki z graczami!<\/p>\n<h3>YourSecretHookup<\/h3>\n<p>Je\u015bli jeste\u015b samozwa\u0144czym nerdem szukaj\u0105cym mi\u0142o\u015bci, mo\u017cesz sprawdzi\u0107 now\u0105 aplikacj\u0119 randkow\u0105, YourSecretHookup. Aplikacja, kt\u00f3ra jest przeznaczona dla nerd\u00f3w i maniak\u00f3w wszystkich typ\u00f3w, ma 4-gwiazdkow\u0105 ocen\u0119 w App Store i zosta\u0142a pochwalona przez u\u017cytkownik\u00f3w za \u0142atwo\u015b\u0107 u\u017cycia i &#8222;przyjazny dla nerd\u00f3w&#8221; interfejs.<\/p>\n<p>YourSecretHookup to \u015bwietna opcja dla nerd\u00f3w, kt\u00f3rzy szukaj\u0105 mi\u0142o\u015bci, ale nie jest idealna. Aplikacja ma wiele funkcji, kt\u00f3re sprawiaj\u0105, \u017ce jest \u015bwietna dla nerd\u00f3w, ale ma r\u00f3wnie\u017c kilka wad. Po pierwsze, aplikacja jest dost\u0119pna tylko w USA. Po drugie, aplikacja nie ma bardzo du\u017cej bazy u\u017cytkownik\u00f3w, wi\u0119c mo\u017cesz mie\u0107 problemy ze znalezieniem dopasowa\u0144 w swojej okolicy.<\/p>\n<p>Og\u00f3lnie rzecz bior\u0105c, YourSecretHookup to \u015bwietna aplikacja randkowa dla nerd\u00f3w. Je\u015bli szukasz partnera nerda, jest to \u015bwietna opcja. Je\u015bli jednak jeste\u015b poza Stanami Zjednoczonymi lub szukasz bardziej og\u00f3lnej aplikacji randkowej, mo\u017cesz poszuka\u0107 gdzie indziej.<\/p>\n<h3>FindMyFlings<\/h3>\n<p>Niedawno natkn\u0105\u0142em si\u0119 na aplikacj\u0119 randkow\u0105 FindMyFlings i pomy\u015bla\u0142em, \u017ce spr\u00f3buj\u0119, poniewa\u017c uwa\u017cam si\u0119 za. Musz\u0119 powiedzie\u0107, \u017ce by\u0142em mile zaskoczony! Aplikacja jest bardzo przyjazna dla u\u017cytkownika i jest idealnym miejscem dla nerd\u00f3w, aby spotka\u0107 innych nerd\u00f3w. Aplikacja ma r\u00f3wnie\u017c \u015bwietn\u0105 funkcj\u0119 o nazwie &#8222;Nerd Factor&#8221;, kt\u00f3ra pozwala oceni\u0107 siebie w skali 1-10 pod wzgl\u0119dem nerwowo\u015bci. Zdecydowanie polecam t\u0119 aplikacj\u0119 wszystkim nerdom, kt\u00f3rzy szukaj\u0105 mi\u0142o\u015bci!<\/p>\n<h3>Mn\u00f3stwo ryb<\/h3>\n<p>Je\u015bli jeste\u015b samozwa\u0144czym nerdem, kt\u00f3ry szuka mi\u0142o\u015bci, mo\u017cesz sprawdzi\u0107 aplikacj\u0119 randkow\u0105 Plenty of Fish. Wed\u0142ug opinii, ta aplikacja jest wype\u0142niona lud\u017ami, kt\u00f3rzy pasjonuj\u0105 si\u0119 takimi rzeczami, jak komiksy, gry i cosplay.<\/p>\n<p>Tak wi\u0119c, je\u015bli szukasz zwi\u0105zku nerd\u00f3w, mo\u017ce to by\u0107 aplikacja dla Ciebie. Jednak niekt\u00f3rzy recenzenci skar\u017cyli si\u0119 na interfejs aplikacji i baz\u0119 u\u017cytkownik\u00f3w. Mo\u017cesz wi\u0119c wzi\u0105\u0107 te skargi pod uwag\u0119 przed pobraniem.<\/p>\n","protected":false},"excerpt":{"rendered":"<p>Nie musisz si\u0119 denerwowa\u0107 &#8222;randkami nerd\u00f3w&#8221;. Po pierwsze, pami\u0119taj, \u017ce nerdy faceci s\u0105 jak ka\u017cdy inny facet, je\u015bli chodzi o&hellip;<\/p>\n","protected":false},"author":1,"featured_media":0,"parent":0,"menu_order":0,"comment_status":"closed","ping_status":"closed","template":"","meta":[],"yoast_head":"<!-- This site is optimized with the Yoast SEO plugin v17.7.1 - https:\/\/yoast.com\/wordpress\/plugins\/seo\/ -->\n<title>Serwisy randkowe nerd\u00f3w - Online Dating Roba<\/title>\n<meta name=\"robots\" content=\"index, follow, max-snippet:-1, max-image-preview:large, max-video-preview:-1\" \/>\n<link rel=\"canonical\" href=\"https:\/\/sushihiroba.co.uk\/pl\/serwisy-randkowe-nerdow\/\" \/>\n<meta property=\"og:locale\" content=\"pl_PL\" \/>\n<meta property=\"og:type\" content=\"article\" \/>\n<meta property=\"og:title\" content=\"Serwisy randkowe nerd\u00f3w - Online Dating Roba\" \/>\n<meta property=\"og:description\" content=\"Nie musisz si\u0119 denerwowa\u0107 &#8222;randkami nerd\u00f3w&#8221;. Po pierwsze, pami\u0119taj, \u017ce nerdy faceci s\u0105 jak ka\u017cdy inny facet, je\u015bli chodzi o&hellip;\" \/>\n<meta property=\"og:url\" content=\"https:\/\/sushihiroba.co.uk\/pl\/serwisy-randkowe-nerdow\/\" \/>\n<meta property=\"og:site_name\" content=\"Online Dating Roba\" \/>\n<meta name=\"twitter:card\" content=\"summary_large_image\" \/>\n<meta name=\"twitter:label1\" content=\"Szacowany czas czytania\" \/>\n\t<meta name=\"twitter:data1\" content=\"4 minuty\" \/>\n<script type=\"application\/ld+json\" class=\"yoast-schema-graph\">{\"@context\":\"https:\/\/schema.org\",\"@graph\":[{\"@type\":\"WebSite\",\"@id\":\"https:\/\/sushihiroba.co.uk\/pl\/#website\",\"url\":\"https:\/\/sushihiroba.co.uk\/pl\/\",\"name\":\"Online Dating Roba\",\"description\":\"Guide To Find Love\",\"potentialAction\":[{\"@type\":\"SearchAction\",\"target\":{\"@type\":\"EntryPoint\",\"urlTemplate\":\"https:\/\/sushihiroba.co.uk\/pl\/?s={search_term_string}\"},\"query-input\":\"required name=search_term_string\"}],\"inLanguage\":\"pl-PL\"},{\"@type\":\"WebPage\",\"@id\":\"https:\/\/sushihiroba.co.uk\/pl\/serwisy-randkowe-nerdow\/#webpage\",\"url\":\"https:\/\/sushihiroba.co.uk\/pl\/serwisy-randkowe-nerdow\/\",\"name\":\"Serwisy randkowe nerd\\u00f3w - Online Dating Roba\",\"isPartOf\":{\"@id\":\"https:\/\/sushihiroba.co.uk\/pl\/#website\"},\"datePublished\":\"2022-10-10T11:14:24+00:00\",\"dateModified\":\"2022-10-10T11:14:24+00:00\",\"breadcrumb\":{\"@id\":\"https:\/\/sushihiroba.co.uk\/pl\/serwisy-randkowe-nerdow\/#breadcrumb\"},\"inLanguage\":\"pl-PL\",\"potentialAction\":[{\"@type\":\"ReadAction\",\"target\":[\"https:\/\/sushihiroba.co.uk\/pl\/serwisy-randkowe-nerdow\/\"]}]},{\"@type\":\"BreadcrumbList\",\"@id\":\"https:\/\/sushihiroba.co.uk\/pl\/serwisy-randkowe-nerdow\/#breadcrumb\",\"itemListElement\":[{\"@type\":\"ListItem\",\"position\":1,\"name\":\"Home\",\"item\":\"http:\/\/sushihiroba.co.uk\/pl\/\"},{\"@type\":\"ListItem\",\"position\":2,\"name\":\"Serwisy randkowe nerd\\u00f3w\"}]}]}<\/script>\n<!-- \/ Yoast SEO plugin. -->","yoast_head_json":{"title":"Serwisy randkowe nerd\u00f3w - Online Dating Roba","robots":{"index":"index","follow":"follow","max-snippet":"max-snippet:-1","max-image-preview":"max-image-preview:large","max-video-preview":"max-video-preview:-1"},"canonical":"https:\/\/sushihiroba.co.uk\/pl\/serwisy-randkowe-nerdow\/","og_locale":"pl_PL","og_type":"article","og_title":"Serwisy randkowe nerd\u00f3w - Online Dating Roba","og_description":"Nie musisz si\u0119 denerwowa\u0107 &#8222;randkami nerd\u00f3w&#8221;. Po pierwsze, pami\u0119taj, \u017ce nerdy faceci s\u0105 jak ka\u017cdy inny facet, je\u015bli chodzi o&hellip;","og_url":"https:\/\/sushihiroba.co.uk\/pl\/serwisy-randkowe-nerdow\/","og_site_name":"Online Dating Roba","twitter_card":"summary_large_image","twitter_misc":{"Szacowany czas czytania":"4 minuty"},"schema":{"@context":"https:\/\/schema.org","@graph":[{"@type":"WebSite","@id":"https:\/\/sushihiroba.co.uk\/pl\/#website","url":"https:\/\/sushihiroba.co.uk\/pl\/","name":"Online Dating Roba","description":"Guide To Find Love","potentialAction":[{"@type":"SearchAction","target":{"@type":"EntryPoint","urlTemplate":"https:\/\/sushihiroba.co.uk\/pl\/?s={search_term_string}"},"query-input":"required name=search_term_string"}],"inLanguage":"pl-PL"},{"@type":"WebPage","@id":"https:\/\/sushihiroba.co.uk\/pl\/serwisy-randkowe-nerdow\/#webpage","url":"https:\/\/sushihiroba.co.uk\/pl\/serwisy-randkowe-nerdow\/","name":"Serwisy randkowe nerd\u00f3w - Online Dating Roba","isPartOf":{"@id":"https:\/\/sushihiroba.co.uk\/pl\/#website"},"datePublished":"2022-10-10T11:14:24+00:00","dateModified":"2022-10-10T11:14:24+00:00","breadcrumb":{"@id":"https:\/\/sushihiroba.co.uk\/pl\/serwisy-randkowe-nerdow\/#breadcrumb"},"inLanguage":"pl-PL","potentialAction":[{"@type":"ReadAction","target":["https:\/\/sushihiroba.co.uk\/pl\/serwisy-randkowe-nerdow\/"]}]},{"@type":"BreadcrumbList","@id":"https:\/\/sushihiroba.co.uk\/pl\/serwisy-randkowe-nerdow\/#breadcrumb","itemListElement":[{"@type":"ListItem","position":1,"name":"Home","item":"http:\/\/sushihiroba.co.uk\/pl\/"},{"@type":"ListItem","position":2,"name":"Serwisy randkowe nerd\u00f3w"}]}]}},"_links":{"self":[{"href":"https:\/\/sushihiroba.co.uk\/pl\/wp-json\/wp\/v2\/pages\/177"}],"collection":[{"href":"https:\/\/sushihiroba.co.uk\/pl\/wp-json\/wp\/v2\/pages"}],"about":[{"href":"https:\/\/sushihiroba.co.uk\/pl\/wp-json\/wp\/v2\/types\/page"}],"author":[{"embeddable":true,"href":"https:\/\/sushihiroba.co.uk\/pl\/wp-json\/wp\/v2\/users\/1"}],"replies":[{"embeddable":true,"href":"https:\/\/sushihiroba.co.uk\/pl\/wp-json\/wp\/v2\/comments?post=177"}],"version-history":[{"count":0,"href":"https:\/\/sushihiroba.co.uk\/pl\/wp-json\/wp\/v2\/pages\/177\/revisions"}],"wp:attachment":[{"href":"https:\/\/sushihiroba.co.uk\/pl\/wp-json\/wp\/v2\/media?parent=177"}],"curies":[{"name":"wp","href":"https:\/\/api.w.org\/{rel}","templated":true}]}}