{"id":203,"date":"2022-10-10T11:37:20","date_gmt":"2022-10-10T10:37:20","guid":{"rendered":"http:\/\/sushihiroba.co.uk\/przewodnik-po-znajdowaniu-dat-i-podlaczaniu-sie-do-internetu\/"},"modified":"2022-11-07T14:18:09","modified_gmt":"2022-11-07T14:18:09","slug":"przewodnik-po-znajdowaniu-dat-i-podlaczaniu-sie-do-internetu","status":"publish","type":"page","link":"https:\/\/sushihiroba.co.uk\/pl\/","title":{"rendered":"Przewodnik po znajdowaniu dat i pod\u0142\u0105czaniu si\u0119 do Internetu"},"content":{"rendered":"<p>Istnieje wiele aplikacji randkowych, ale znalezienie takiej, z kt\u00f3rej naprawd\u0119 lubisz korzysta\u0107, nie zawsze jest \u0142atwe. Mo\u017cesz my\u015ble\u0107, \u017ce wiesz, czego chcesz, ale kiedy zaczniesz rozmawia\u0107 z lud\u017ami online, zdasz sobie spraw\u0119, \u017ce naprawd\u0119 nie przemy\u015bla\u0142e\u015b rzeczy. Na szcz\u0119\u015bcie wi\u0119kszo\u015b\u0107 pracy wykonali\u015bmy za Ciebie.<\/p>\n<h2>Dlaczego warto korzysta\u0107 z aplikacji randkowej?<\/h2>\n<p>Jednym z powod\u00f3w, dla kt\u00f3rych aplikacje randkowe s\u0105 tak popularne, jest to, \u017ce pozwalaj\u0105 nam \u0142\u0105czy\u0107 si\u0119 z lud\u017ami w oparciu o nasze zainteresowania &#8211; co\u015b, co nie zawsze jest mo\u017cliwe osobi\u015bcie. Kolejn\u0105 rzecz\u0105, kt\u00f3ra sprawia, \u017ce aplikacje randkowe s\u0105 \u015bwietne, jest to, \u017ce daj\u0105 nam kontrol\u0119 nad tym, ile informacji chcemy ujawni\u0107 o sobie. Nie ma presji, aby ujawni\u0107 zbyt wiele o sobie lub swoim \u017cyciu, a to daje nam wolno\u015b\u0107, aby naprawd\u0119 si\u0119 otworzy\u0107.<\/p>\n<p>Kolejn\u0105 zalet\u0105 aplikacji randkowych jest to, \u017ce pomagaj\u0105 nam wyeliminowa\u0107 podejrzanych facet\u00f3w. Wiemy <a href=\"http:\/\/www.sexrandki.org\">popularny portal randkowy<\/a>, czego szukamy u partnera i zwykle w ci\u0105gu kilku sekund mo\u017cemy stwierdzi\u0107, czy kto\u015b jest legalny, czy nie. Ponadto wiele serwis\u00f3w randkowych oferuje filtry, takie jak lokalizacja, przedzia\u0142 wiekowy, religia, pochodzenie etniczne itp., Dzi\u0119ki czemu mo\u017cemy szybko zaw\u0119zi\u0107 pole. Ponadto aplikacje randkowe s\u0105 wygodne. Pozwalaj\u0105 nam rozmawia\u0107 z lud\u017ami bez konieczno\u015bci anga\u017cowania si\u0119 w cokolwiek. Dzi\u0119ki temu mo\u017cemy przetestowa\u0107 wody i dowiedzie\u0107 si\u0119, czy b\u0119dziemy kompatybilni, zanim zdecydujemy si\u0119 na pe\u0142n\u0105 dat\u0119.<\/p>\n<p>Istnieje wiele r\u00f3\u017cnych typ\u00f3w os\u00f3b szukaj\u0105cych mi\u0142o\u015bci w Internecie. Niekt\u00f3rzy chc\u0105 spotka\u0107 si\u0119 z kim\u015b osobi\u015bcie; inni po prostu chc\u0105 rozmawia\u0107. A niekt\u00f3rym w og\u00f3le nie zale\u017cy na spotkaniu z kimkolwiek. Co wi\u0119c sprawia, \u017ce jedna aplikacja randkowa jest lepsza od innej? U\u017cyli\u015bmy w\u0142asnych urz\u0105dze\u0144 do przetestowania ka\u017cdej aplikacji i stwierdzili\u015bmy, \u017ce chocia\u017c istnieje wiele opcji, niekt\u00f3re wyr\u00f3\u017cniaj\u0105 si\u0119 na tle innych. Oto pi\u0119\u0107 najlepszych aplikacji randkowych, z kt\u00f3rych mo\u017cesz teraz korzysta\u0107.<\/p>\n<h2>Nasze najlepsze recenzje &#8211; jaki jest tw\u00f3j najlepszy wyb\u00f3r?<\/h2>\n<p>Szukasz mi\u0142o\u015bci lub po prostu zabawy? Istnieje wiele aplikacji randkowych, ale kt\u00f3re z nich naprawd\u0119 wyr\u00f3\u017cniaj\u0105 si\u0119 z t\u0142umu?<\/p>\n<p>Obecnie ponad 100 milion\u00f3w cz\u0142onk\u00f3w na ca\u0142ym \u015bwiecie korzysta z aplikacji randkowych. Niekt\u00f3re z nich to Tinder, Bumble, Happn, OkCupid, Grindr i PlentyOfFish.<\/p>\n<p>Niekt\u00f3re z tych aplikacji s\u0105 bezp\u0142atne, podczas gdy inne wymagaj\u0105 p\u0142atno\u015bci. Wyb\u00f3r nale\u017cy do Ciebie.<\/p>\n<h3>eHarmony<\/h3>\n<p>eHarmony to jedna z kilku internetowych aplikacji randkowych, kt\u00f3re koncentruj\u0105 si\u0119 wy\u0142\u0105cznie na znalezieniu mi\u0142o\u015bci w twoim przedziale wiekowym. W przeciwie\u0144stwie do innych stron, takich jak Match.com lub OkCupid, eHarmony koncentruje si\u0119 na pomocy w znalezieniu d\u0142ugotrwa\u0142ego zwi\u0105zku. eHarmony jest idealny dla os\u00f3b poszukuj\u0105cych powa\u017cnego po\u0142\u0105czenia.<\/p>\n<p>Istnieje wiele r\u00f3\u017cnych typ\u00f3w os\u00f3b, kt\u00f3re korzystaj\u0105 z eHarmony. Na przyk\u0142ad niekt\u00f3rzy ludzie szukaj\u0105 przypadkowego flingu, podczas gdy inni wol\u0105 umawia\u0107 si\u0119 z kim\u015b o podobnych warto\u015bciach. Inne osoby szukaj\u0105 zaanga\u017cowanego zwi\u0105zku, podczas gdy jeszcze inne chc\u0105 po prostu pozna\u0107 nowych ludzi.<\/p>\n<p>Opr\u00f3cz mo\u017cliwo\u015bci filtrowania potencjalnych dat na podstawie rodzaju relacji, kt\u00f3rej szukaj\u0105, eHarmony <a href=\"http:\/\/www.darmowe-sex-randki.com\">portal sex spotkania<\/a> pomaga zaw\u0119zi\u0107 opcje w oparciu o cechy osobowo\u015bci. Po wype\u0142nieniu obszernego kwestionariusza witryna generuje szczeg\u00f3\u0142owy raport, kt\u00f3ry zawiera list\u0119 Twoich cech. Te informacje pozwalaj\u0105 zobaczy\u0107, jak bardzo jeste\u015b kompatybilny z inn\u0105 osob\u0105. Nast\u0119pnie mo\u017cesz wybra\u0107, czy chcesz kontynuowa\u0107 komunikacj\u0119 z dan\u0105 osob\u0105.<\/p>\n<h3>  Zawias<\/h3>\n<p>Hinge to jedna z tych aplikacji, kt\u00f3re wydaj\u0105 si\u0119 by\u0107 zaprojektowane specjalnie do randek. Aplikacja wykorzystuje sztuczn\u0105 inteligencj\u0119, aby pom\u00f3c Ci znale\u017a\u0107 ludzi na podstawie wsp\u00f3lnych zainteresowa\u0144 i podobie\u0144stw. Ale mimo \u017ce jest bezp\u0142atny, Hinge oferuje p\u0142atne funkcje, kt\u00f3re pozwalaj\u0105 przesuwa\u0107 palcem szybciej i widzie\u0107 mniej profili dziennie.<\/p>\n<p>Aplikacja oferuje trzy r\u00f3\u017cne sposoby interakcji z potencjalnymi datami: przesu\u0144 palcem w prawo, przesu\u0144 palcem w lewo i Lubi\u0119 \/ Nie lubi\u0119. Je\u015bli chcesz, aby mecz si\u0119 odby\u0142, musisz aktywnie wybra\u0107 to, co chcesz powiedzie\u0107. Mo\u017cesz co\u015b napisa\u0107 lub u\u017cy\u0107 wcze\u015bniej napisanych odpowiedzi.<\/p>\n<p>Je\u015bli zdecydujesz si\u0119 co\u015b wpisa\u0107, mo\u017cesz wybra\u0107 pi\u0119\u0107 temat\u00f3w do om\u00f3wienia z dat\u0105 <a href=\"http:\/\/www.free-sex-games-no-credit-card.com\/fr\/jeux-porno-gratuits-pas-dinscription\/\">jeux pornographie gratuit<\/a>. Nale\u017c\u0105 do nich podr\u00f3\u017ce, jedzenie, ksi\u0105\u017cki, filmy, muzyka i sport. Po wybraniu tematu mo\u017cesz doda\u0107 kilka s\u0142\u00f3w kluczowych, aby zaw\u0119zi\u0107 wyszukiwanie. Na przyk\u0142ad mog\u0119 szuka\u0107 os\u00f3b, kt\u00f3re s\u0105 zainteresowane podr\u00f3\u017c\u0105 do Nowego Jorku. Wtedy mog\u0119 ograniczy\u0107 moje poszukiwania do ludzi w promieniu 50 mil od Manhattanu. Nie ma ogranicze\u0144 co do tego, gdzie mieszkasz, ale nie mo\u017cesz ograniczy\u0107 wyszukiwania do niekt\u00f3rych stan\u00f3w lub kraj\u00f3w.<\/p>\n<p>Mo\u017cesz tak\u017ce filtrowa\u0107 dopasowania wed\u0142ug wieku, p\u0142ci, statusu zwi\u0105zku i lokalizacji. Dzi\u0119ki temu znalezienie kompatybilnych partner\u00f3w jest znacznie \u0142atwiejsze.<\/p>\n<h3>  Hubka<\/h3>\n<p>Tinder to najpopularniejsza aplikacja randkowa w\u015br\u00f3d millenials\u00f3w. I chocia\u017c wielu m\u0142odych doros\u0142ych szybko odrzuca aplikacj\u0119 jako spos\u00f3b na spotkanie z nieznajomymi na przypadkowy seks, w rzeczywisto\u015bci istniej\u0105 pewne uzasadnione powody, dla kt\u00f3rych warto to sprawdzi\u0107.<\/p>\n<p>Aplikacja jest bardzo prosta w u\u017cyciu i bezp\u0142atna. Wystarczy przesun\u0105\u0107 palcem w lewo lub w prawo na profilach w zale\u017cno\u015bci od tego, czy podoba Ci si\u0119 dana osoba, czy nie. Je\u015bli si\u0119 polubisz, zobaczysz informacje o profilu &#8211; w tym gdzie pracuj\u0105, jakie s\u0105 ich hobby, a nawet ich ulubione zespo\u0142y.<\/p>\n<p>Ale poniewa\u017c Tinder nie jest tak naprawd\u0119 przeznaczony do d\u0142ugotrwa\u0142ych relacji, najlepiej nadaje <a href=\"http:\/\/www.nosignupporngames.net\/pl\/najlepsze-gry-erotyczne-vr\/\">gry porno<\/a> si\u0119 do spotka\u0144 z przyjaci\u00f3\u0142mi i zabawy. Mimo to mo\u017cna tu r\u00f3wnie\u017c znale\u017a\u0107 partnera.<\/p>\n<h3>Bumble<\/h3>\n<p>Je\u015bli szukasz aplikacji randkowej, w kt\u00f3rej m\u0119\u017cczy\u017ani s\u0105 zmuszeni do wykonania pierwszego ruchu, nie szukaj dalej ni\u017c Bumble. Aplikacja randkowa, kt\u00f3ra zosta\u0142a uruchomiona w 2013 roku, jest zasadniczo Tinderem dla kobiet. Je\u015bli faceci nie wy\u015bl\u0105 jej wiadomo\u015bci w ci\u0105gu 24 godzin, zostanie dopasowana do innego m\u0119\u017cczyzny. A je\u015bli nie odpowie w ci\u0105gu 24 godzin, straci szans\u0119.<\/p>\n<p>Idea aplikacji jest prosta: zach\u0119ca kobiety do inicjowania kontaktu i daje m\u0119\u017cczyznom mniejsz\u0105 kontrol\u0119 nad procesem. Ale to, co czyni Bumble wyj\u0105tkowym, to spos\u00f3b, w jaki zmusza m\u0119\u017cczyzn do czekania, podczas gdy kobiety decyduj\u0105, czy chc\u0105 z nim porozmawia\u0107, czy nie.<\/p>\n<p>Po uruchomieniu w 2013 roku Bumble szybko sta\u0142 si\u0119 popularny w\u015br\u00f3d m\u0142odych doros\u0142ych. W rzeczywisto\u015bci aplikacja mo\u017ce pochwali\u0107 si\u0119 prawie 20 milionami aktywnych u\u017cytkownik\u00f3w miesi\u0119cznie, co czyni j\u0105 drug\u0105 najcz\u0119\u015bciej u\u017cywan\u0105 aplikacj\u0105 randkow\u0105 na \u015bwiecie.<\/p>\n<h3>Kawa spotyka bajgiel<\/h3>\n<p>Najnowsza aplikacja randkowa, kt\u00f3ra trafi na rynek, nazywa si\u0119 Coffee Meets Bagel. Chocia\u017c istnieje wiele opcji, Coffee Meets Bagle zabiera sprawy w innym kierunku. Zamiast przesuwa\u0107 palcem w lewo lub w prawo, u\u017cywa innej metody, w kt\u00f3rej obie strony musz\u0105 zatwierdzi\u0107 si\u0119 nawzajem przed dopasowaniem.<\/p>\n<p>Chocia\u017c brzmi to \u015bwietnie w teorii, oznacza to, \u017ce jeste\u015b ograniczony do rozmowy z lud\u017ami w ci\u0105gu siedmiu dni. Mo\u017ce to prowadzi\u0107 do niezr\u0119cznych rozm\u00f3w, gdy pr\u00f3bujesz znale\u017a\u0107 kogo\u015b, kto podziela twoje zainteresowania.<\/p>\n<p>Opr\u00f3cz siedmiodniowego okna, sekcja profilu Coffee Meets Bagles nie jest dok\u0142adnie tym, co mo\u017cna nazwa\u0107 dok\u0142adnym. Nie ma sposobu, aby zobaczy\u0107, ile polubie\u0144 dana osoba otrzyma\u0142a lub jakie s\u0105 jej ulubione filmy lub programy telewizyjne. Ale dobr\u0105 wiadomo\u015bci\u0105 jest to, \u017ce strona zawiera obszerne informacje o potencjalnych dopasowaniach. Dowiesz si\u0119 wszystkiego, od tego, czy byli samotni, czy brali udzia\u0142 w relacjach online, po przedzia\u0142 wiekowy.<\/p>\n<h3>My\u015bli ko\u0144cowe<\/h3>\n<p>Podsumowuj\u0105c, je\u015bli szukasz dobrego serwisu randkowego online z du\u017c\u0105 baz\u0105 danych, Tinder jest najlepszym wyborem. Witryna oferuje szeroki zakres funkcji, takich jak pokoje rozm\u00f3w, czat wideo z kamer\u0105 internetow\u0105, poczta e-mail, wiadomo\u015bci b\u0142yskawiczne, fora, blogi itp. Je\u015bli szukasz darmowego serwisu randkowego lub p\u0142atnego serwisu randkowego, mo\u017cesz wypr\u00f3bowa\u0107 obie strony. Znajdziesz wiele os\u00f3b, kt\u00f3re chc\u0105 si\u0119 pod\u0142\u0105czy\u0107 i po\u0142o\u017cy\u0107.<\/p>\n<p>Post\u0119puj\u0105c zgodnie z naszymi radami, mamy nadziej\u0119, \u017ce znajdziesz to, czego potrzebujesz i cieszysz si\u0119 zdrowym do\u015bwiadczeniem randkowym.<\/p>\n","protected":false},"excerpt":{"rendered":"<p>Istnieje wiele aplikacji randkowych, ale znalezienie takiej, z kt\u00f3rej naprawd\u0119 lubisz korzysta\u0107, nie zawsze jest \u0142atwe. Mo\u017cesz my\u015ble\u0107, \u017ce wiesz,&hellip;<\/p>\n","protected":false},"author":1,"featured_media":122,"parent":0,"menu_order":0,"comment_status":"closed","ping_status":"closed","template":"","meta":[],"yoast_head":"<!-- This site is optimized with the Yoast SEO plugin v17.7.1 - https:\/\/yoast.com\/wordpress\/plugins\/seo\/ -->\n<title>Przewodnik po znajdowaniu dat i pod\u0142\u0105czaniu si\u0119 do Internetu - Online Dating Roba<\/title>\n<meta name=\"robots\" content=\"index, follow, max-snippet:-1, max-image-preview:large, max-video-preview:-1\" \/>\n<link rel=\"canonical\" href=\"https:\/\/sushihiroba.co.uk\/pl\/\" \/>\n<meta property=\"og:locale\" content=\"pl_PL\" \/>\n<meta property=\"og:type\" content=\"article\" \/>\n<meta property=\"og:title\" content=\"Przewodnik po znajdowaniu dat i pod\u0142\u0105czaniu si\u0119 do Internetu - Online Dating Roba\" \/>\n<meta property=\"og:description\" content=\"Istnieje wiele aplikacji randkowych, ale znalezienie takiej, z kt\u00f3rej naprawd\u0119 lubisz korzysta\u0107, nie zawsze jest \u0142atwe. Mo\u017cesz my\u015ble\u0107, \u017ce wiesz,&hellip;\" \/>\n<meta property=\"og:url\" content=\"https:\/\/sushihiroba.co.uk\/pl\/\" \/>\n<meta property=\"og:site_name\" content=\"Online Dating Roba\" \/>\n<meta property=\"article:modified_time\" content=\"2022-11-07T14:18:09+00:00\" \/>\n<meta property=\"og:image\" content=\"https:\/\/sushihiroba.co.uk\/wp-content\/uploads\/2022\/10\/local-dating-apps-for-singles.jpeg\" \/>\n\t<meta property=\"og:image:width\" content=\"500\" \/>\n\t<meta property=\"og:image:height\" content=\"333\" \/>\n<meta name=\"twitter:card\" content=\"summary_large_image\" \/>\n<meta name=\"twitter:label1\" content=\"Szacowany czas czytania\" \/>\n\t<meta name=\"twitter:data1\" content=\"7 minut\" \/>\n<script type=\"application\/ld+json\" class=\"yoast-schema-graph\">{\"@context\":\"https:\/\/schema.org\",\"@graph\":[{\"@type\":\"WebSite\",\"@id\":\"https:\/\/sushihiroba.co.uk\/pl\/#website\",\"url\":\"https:\/\/sushihiroba.co.uk\/pl\/\",\"name\":\"Online Dating Roba\",\"description\":\"Guide To Find Love\",\"potentialAction\":[{\"@type\":\"SearchAction\",\"target\":{\"@type\":\"EntryPoint\",\"urlTemplate\":\"https:\/\/sushihiroba.co.uk\/pl\/?s={search_term_string}\"},\"query-input\":\"required name=search_term_string\"}],\"inLanguage\":\"pl-PL\"},{\"@type\":\"ImageObject\",\"@id\":\"https:\/\/sushihiroba.co.uk\/pl\/#primaryimage\",\"inLanguage\":\"pl-PL\",\"url\":\"https:\/\/sushihiroba.co.uk\/wp-content\/uploads\/2022\/10\/local-dating-apps-for-singles.jpeg\",\"contentUrl\":\"https:\/\/sushihiroba.co.uk\/wp-content\/uploads\/2022\/10\/local-dating-apps-for-singles.jpeg\",\"width\":500,\"height\":333},{\"@type\":\"WebPage\",\"@id\":\"https:\/\/sushihiroba.co.uk\/pl\/#webpage\",\"url\":\"https:\/\/sushihiroba.co.uk\/pl\/\",\"name\":\"Przewodnik po znajdowaniu dat i pod\\u0142\\u0105czaniu si\\u0119 do Internetu - Online Dating Roba\",\"isPartOf\":{\"@id\":\"https:\/\/sushihiroba.co.uk\/pl\/#website\"},\"primaryImageOfPage\":{\"@id\":\"https:\/\/sushihiroba.co.uk\/pl\/#primaryimage\"},\"datePublished\":\"2022-10-10T10:37:20+00:00\",\"dateModified\":\"2022-11-07T14:18:09+00:00\",\"breadcrumb\":{\"@id\":\"https:\/\/sushihiroba.co.uk\/pl\/#breadcrumb\"},\"inLanguage\":\"pl-PL\",\"potentialAction\":[{\"@type\":\"ReadAction\",\"target\":[\"https:\/\/sushihiroba.co.uk\/pl\/\"]}]},{\"@type\":\"BreadcrumbList\",\"@id\":\"https:\/\/sushihiroba.co.uk\/pl\/#breadcrumb\",\"itemListElement\":[{\"@type\":\"ListItem\",\"position\":1,\"name\":\"Home\",\"item\":\"https:\/\/sushihiroba.co.uk\/pl\/\"},{\"@type\":\"ListItem\",\"position\":2,\"name\":\"Przewodnik po znajdowaniu dat i pod\\u0142\\u0105czaniu si\\u0119 do Internetu\"}]}]}<\/script>\n<!-- \/ Yoast SEO plugin. -->","yoast_head_json":{"title":"Przewodnik po znajdowaniu dat i pod\u0142\u0105czaniu si\u0119 do Internetu - Online Dating Roba","robots":{"index":"index","follow":"follow","max-snippet":"max-snippet:-1","max-image-preview":"max-image-preview:large","max-video-preview":"max-video-preview:-1"},"canonical":"https:\/\/sushihiroba.co.uk\/pl\/","og_locale":"pl_PL","og_type":"article","og_title":"Przewodnik po znajdowaniu dat i pod\u0142\u0105czaniu si\u0119 do Internetu - Online Dating Roba","og_description":"Istnieje wiele aplikacji randkowych, ale znalezienie takiej, z kt\u00f3rej naprawd\u0119 lubisz korzysta\u0107, nie zawsze jest \u0142atwe. Mo\u017cesz my\u015ble\u0107, \u017ce wiesz,&hellip;","og_url":"https:\/\/sushihiroba.co.uk\/pl\/","og_site_name":"Online Dating Roba","article_modified_time":"2022-11-07T14:18:09+00:00","og_image":[{"width":500,"height":333,"url":"https:\/\/sushihiroba.co.uk\/wp-content\/uploads\/2022\/10\/local-dating-apps-for-singles.jpeg","type":"image\/jpeg"}],"twitter_card":"summary_large_image","twitter_misc":{"Szacowany czas czytania":"7 minut"},"schema":{"@context":"https:\/\/schema.org","@graph":[{"@type":"WebSite","@id":"https:\/\/sushihiroba.co.uk\/pl\/#website","url":"https:\/\/sushihiroba.co.uk\/pl\/","name":"Online Dating Roba","description":"Guide To Find Love","potentialAction":[{"@type":"SearchAction","target":{"@type":"EntryPoint","urlTemplate":"https:\/\/sushihiroba.co.uk\/pl\/?s={search_term_string}"},"query-input":"required name=search_term_string"}],"inLanguage":"pl-PL"},{"@type":"ImageObject","@id":"https:\/\/sushihiroba.co.uk\/pl\/#primaryimage","inLanguage":"pl-PL","url":"https:\/\/sushihiroba.co.uk\/wp-content\/uploads\/2022\/10\/local-dating-apps-for-singles.jpeg","contentUrl":"https:\/\/sushihiroba.co.uk\/wp-content\/uploads\/2022\/10\/local-dating-apps-for-singles.jpeg","width":500,"height":333},{"@type":"WebPage","@id":"https:\/\/sushihiroba.co.uk\/pl\/#webpage","url":"https:\/\/sushihiroba.co.uk\/pl\/","name":"Przewodnik po znajdowaniu dat i pod\u0142\u0105czaniu si\u0119 do Internetu - Online Dating Roba","isPartOf":{"@id":"https:\/\/sushihiroba.co.uk\/pl\/#website"},"primaryImageOfPage":{"@id":"https:\/\/sushihiroba.co.uk\/pl\/#primaryimage"},"datePublished":"2022-10-10T10:37:20+00:00","dateModified":"2022-11-07T14:18:09+00:00","breadcrumb":{"@id":"https:\/\/sushihiroba.co.uk\/pl\/#breadcrumb"},"inLanguage":"pl-PL","potentialAction":[{"@type":"ReadAction","target":["https:\/\/sushihiroba.co.uk\/pl\/"]}]},{"@type":"BreadcrumbList","@id":"https:\/\/sushihiroba.co.uk\/pl\/#breadcrumb","itemListElement":[{"@type":"ListItem","position":1,"name":"Home","item":"https:\/\/sushihiroba.co.uk\/pl\/"},{"@type":"ListItem","position":2,"name":"Przewodnik po znajdowaniu dat i pod\u0142\u0105czaniu si\u0119 do Internetu"}]}]}},"_links":{"self":[{"href":"https:\/\/sushihiroba.co.uk\/pl\/wp-json\/wp\/v2\/pages\/203"}],"collection":[{"href":"https:\/\/sushihiroba.co.uk\/pl\/wp-json\/wp\/v2\/pages"}],"about":[{"href":"https:\/\/sushihiroba.co.uk\/pl\/wp-json\/wp\/v2\/types\/page"}],"author":[{"embeddable":true,"href":"https:\/\/sushihiroba.co.uk\/pl\/wp-json\/wp\/v2\/users\/1"}],"replies":[{"embeddable":true,"href":"https:\/\/sushihiroba.co.uk\/pl\/wp-json\/wp\/v2\/comments?post=203"}],"version-history":[{"count":3,"href":"https:\/\/sushihiroba.co.uk\/pl\/wp-json\/wp\/v2\/pages\/203\/revisions"}],"predecessor-version":[{"id":346,"href":"https:\/\/sushihiroba.co.uk\/pl\/wp-json\/wp\/v2\/pages\/203\/revisions\/346"}],"wp:featuredmedia":[{"embeddable":true,"href":"https:\/\/sushihiroba.co.uk\/pl\/wp-json\/wp\/v2\/media\/122"}],"wp:attachment":[{"href":"https:\/\/sushihiroba.co.uk\/pl\/wp-json\/wp\/v2\/media?parent=203"}],"curies":[{"name":"wp","href":"https:\/\/api.w.org\/{rel}","templated":true}]}}