{"id":134,"date":"2022-10-10T12:14:24","date_gmt":"2022-10-10T11:14:24","guid":{"rendered":"http:\/\/sushihiroba.co.uk\/sites-de-namoro-nerd\/"},"modified":"2022-10-10T12:14:24","modified_gmt":"2022-10-10T11:14:24","slug":"sites-de-namoro-nerd","status":"publish","type":"page","link":"https:\/\/sushihiroba.co.uk\/pt-pt\/sites-de-namoro-nerd\/","title":{"rendered":"Sites de namoro nerd"},"content":{"rendered":"<p>N\u00e3o h\u00e1 necessidade de ficar nervoso sobre &#8220;namoro com cromos&#8221;. Primeiro, lembra-te que os tot\u00f3s s\u00e3o como qualquer outro tipo quando se trata de namorar. Est\u00e3o \u00e0 procura da mesma coisa que tu: algu\u00e9m com quem te divertires. Segundo, n\u00e3o tenhas medo de mostrar o teu lado tot\u00f3. Os rapazes encontram intelig\u00eancia e amor por aprender sexy, por isso deixem a tua bandeira tot\u00f3 voar! Finalmente, n\u00e3o tenha medo de dar o primeiro passo. Os tipos tot\u00f3s s\u00e3o muitas vezes t\u00edmidos, por isso cabe-te a ti assumir o comando e convid\u00e1-lo para sair. Com estas dicas, vais divertir-te imenso a namorar com os cromos.<\/p>\n<h2>Data um geek<\/h2>\n<p>Est\u00e1s \u00e0 procura de um encontro que seja um pouco exc\u00eantrico? Em seguida, n\u00e3o procure mais do que o seu bar geek local ou site de encontros on-line. Aqui est\u00e3o algumas dicas sobre como namorar um cromo.<\/p>\n<ul>\n<li>Preparem-se para conversas intensas. Os geeks adoram falar sobre os seus interesses, por isso preparem-se para discutir tudo, desde o mais recente filme de banda desenhada at\u00e9 ao mais recente videojogo.<\/li>\n<li>Seja paciente. Os cromos podem ser um pouco t\u00edmidos no in\u00edcio, por isso pode levar algum tempo para que se abram a si.<\/li>\n<li>Seja honesto. Os cromos apreciam a honestidade, por isso n\u00e3o tentem fingir o vosso caminho atrav\u00e9s de uma conversa. Se n\u00e3o est\u00e1 interessado nas mesmas coisas, seja sincero.<\/li>\n<li>Seja flex\u00edvel. Os geeks podem ser bem definidos nos seus caminhos, por isso \u00e9 importante ser flex\u00edvel quando se trata de planos. Se o teu par quer ficar e jogar videojogos a noite toda, vai com ele.<\/li>\n<li>Seja voc\u00ea mesmo. Os geeks s\u00e3o atra\u00eddos por pessoas que s\u00e3o genu\u00ednas e aut\u00eanticas. Por isso, s\u00ea tu mesmo e tens a certeza que vais encontrar a combina\u00e7\u00e3o perfeita.<\/li>\n<\/ul>\n<p>H\u00e1 uma abund\u00e2ncia de <a href=\"http:\/\/sushihiroba.co.uk\/pt-pt\/locais-de-swinger-locais\/\">sites de encontros nerds l\u00e1 fora<\/a>, cada um oferecendo algo um pouco diferente em termos de recursos e p\u00fablico. Alguns sites, como geek 2 Geek, s\u00e3o projetados especificamente para geeks e nerds, enquanto outros, como OkCupid, est\u00e3o abertos a pessoas de todos os n\u00edveis nerd.<\/p>\n<p>Se procuras amor e te consideras um cromo, h\u00e1 um site de encontros l\u00e1 fora para ti. Quer gostes de fic\u00e7\u00e3o cient\u00edfica, jogos ou qualquer coisa no meio, h\u00e1 uma comunidade de pessoas com ideias semelhantes \u00e0 espera de te conhecer. Ent\u00e3o vai l\u00e1 fora e come\u00e7a a brincar com algu\u00e9m especial hoje.<\/p>\n<h2>Sites de namoro de jogos<\/h2>\n<p>H\u00e1 uma s\u00e9rie de sites de encontros que atendem especificamente aos jogadores. Estes sites compreendem as paix\u00f5es e interesses dos jogadores e podem compar\u00e1-lo com outros singles que partilham os seus interesses de jogo. Quer estejas \u00e0 procura de uma rela\u00e7\u00e3o casual ou algo mais s\u00e9rio, h\u00e1 um site de encontros de jogos para ti. Ent\u00e3o vai l\u00e1 fora e come\u00e7a a namorar com os jogadores!<\/p>\n<h3>YourSecretHookup<\/h3>\n<p>Se \u00e9s um tot\u00f3 auto-proclamado \u00e0 procura de amor, ent\u00e3o talvez queiras ver a nova aplica\u00e7\u00e3o de encontros, YourSecretHookup. A aplica\u00e7\u00e3o, que atende a nerds e geeks de todos os tipos, tem uma classifica\u00e7\u00e3o de 4 estrelas na App Store e tem sido elogiada pelos utilizadores pela sua facilidade de utiliza\u00e7\u00e3o e interface &#8220;nerd-friendly&#8221;.<\/p>\n<p>YourSecretHookup \u00e9 uma \u00f3tima op\u00e7\u00e3o para os tot\u00f3s que procuram o amor, mas n\u00e3o \u00e9 perfeito. A aplica\u00e7\u00e3o tem muitas funcionalidades que o tornam \u00f3timo para os nerds, mas tamb\u00e9m tem alguns inconvenientes. Em primeiro lugar, a aplica\u00e7\u00e3o s\u00f3 est\u00e1 dispon\u00edvel nos EUA. Em segundo lugar, a aplica\u00e7\u00e3o n\u00e3o tem uma base de utilizadores muito grande, por isso pode ter dificuldade em encontrar f\u00f3sforos na sua \u00e1rea.<\/p>\n<p>No geral, YourSecretHookup \u00e9 uma \u00f3tima aplica\u00e7\u00e3o de encontros para tot\u00f3s. Se procura um parceiro nerd, esta \u00e9 uma \u00f3tima op\u00e7\u00e3o. No entanto, se estiver fora dos EUA, ou se estiver \u00e0 procura de uma aplica\u00e7\u00e3o de encontros mais geral, talvez queira procurar em outro lugar.<\/p>\n<h3>FindMyFlings<\/h3>\n<p>Recentemente deparei-me com a aplica\u00e7\u00e3o de encontros FindMyFlings e pensei em tentar, j\u00e1 que me considero um pouco tot\u00f3. Devo dizer que fiquei agradavelmente surpreendida! A aplica\u00e7\u00e3o \u00e9 muito f\u00e1cil de usar e o local perfeito para os nerds conhecerem outros tot\u00f3s. A aplica\u00e7\u00e3o tamb\u00e9m tem uma grande funcionalidade chamada &#8220;Nerd Fator&#8221; que lhe permite classificar-se numa escala de 1-10 em termos de nerdidade. Eu definitivamente recomendaria esta aplica\u00e7\u00e3o a qualquer tot\u00f3 que esteja \u00e0 procura de amor!<\/p>\n<h3>Abund\u00e2ncia de peixes<\/h3>\n<p>Se \u00e9s um cromo auto-proclamado que est\u00e1 \u00e0 procura de amor, ent\u00e3o talvez queiras ver a aplica\u00e7\u00e3o de encontros Plenty of Fish. De acordo com as cr\u00edticas, esta aplica\u00e7\u00e3o est\u00e1 repleta de pessoas que s\u00e3o apaixonadas por coisas como banda desenhada, jogos e cosplay.<\/p>\n<p>Por isso, se est\u00e1s \u00e0 procura de uma rela\u00e7\u00e3o tonta, esta pode ser a aplica\u00e7\u00e3o para ti. No entanto, alguns revisores queixaram-se da interface da aplica\u00e7\u00e3o e da base de utilizadores. Por isso, \u00e9 melhor levar em considera\u00e7\u00e3o essas queixas antes de descarregar.<\/p>\n","protected":false},"excerpt":{"rendered":"<p>N\u00e3o h\u00e1 necessidade de ficar nervoso sobre &#8220;namoro com cromos&#8221;. Primeiro, lembra-te que os tot\u00f3s s\u00e3o como qualquer outro tipo&hellip;<\/p>\n","protected":false},"author":1,"featured_media":0,"parent":0,"menu_order":0,"comment_status":"closed","ping_status":"closed","template":"","meta":[],"yoast_head":"<!-- This site is optimized with the Yoast SEO plugin v17.7.1 - https:\/\/yoast.com\/wordpress\/plugins\/seo\/ -->\n<title>Sites de namoro nerd - Online Dating Roba<\/title>\n<meta name=\"robots\" content=\"index, follow, max-snippet:-1, max-image-preview:large, max-video-preview:-1\" \/>\n<link rel=\"canonical\" href=\"https:\/\/sushihiroba.co.uk\/pt-pt\/sites-de-namoro-nerd\/\" \/>\n<meta property=\"og:locale\" content=\"pt_PT\" \/>\n<meta property=\"og:type\" content=\"article\" \/>\n<meta property=\"og:title\" content=\"Sites de namoro nerd - Online Dating Roba\" \/>\n<meta property=\"og:description\" content=\"N\u00e3o h\u00e1 necessidade de ficar nervoso sobre &#8220;namoro com cromos&#8221;. Primeiro, lembra-te que os tot\u00f3s s\u00e3o como qualquer outro tipo&hellip;\" \/>\n<meta property=\"og:url\" content=\"https:\/\/sushihiroba.co.uk\/pt-pt\/sites-de-namoro-nerd\/\" \/>\n<meta property=\"og:site_name\" content=\"Online Dating Roba\" \/>\n<meta name=\"twitter:card\" content=\"summary_large_image\" \/>\n<meta name=\"twitter:label1\" content=\"Tempo estimado de leitura\" \/>\n\t<meta name=\"twitter:data1\" content=\"4 minutos\" \/>\n<script type=\"application\/ld+json\" class=\"yoast-schema-graph\">{\"@context\":\"https:\/\/schema.org\",\"@graph\":[{\"@type\":\"WebSite\",\"@id\":\"https:\/\/sushihiroba.co.uk\/pt-pt\/#website\",\"url\":\"https:\/\/sushihiroba.co.uk\/pt-pt\/\",\"name\":\"Online Dating Roba\",\"description\":\"Guide To Find Love\",\"potentialAction\":[{\"@type\":\"SearchAction\",\"target\":{\"@type\":\"EntryPoint\",\"urlTemplate\":\"https:\/\/sushihiroba.co.uk\/pt-pt\/?s={search_term_string}\"},\"query-input\":\"required name=search_term_string\"}],\"inLanguage\":\"pt-PT\"},{\"@type\":\"WebPage\",\"@id\":\"https:\/\/sushihiroba.co.uk\/pt-pt\/sites-de-namoro-nerd\/#webpage\",\"url\":\"https:\/\/sushihiroba.co.uk\/pt-pt\/sites-de-namoro-nerd\/\",\"name\":\"Sites de namoro nerd - Online Dating Roba\",\"isPartOf\":{\"@id\":\"https:\/\/sushihiroba.co.uk\/pt-pt\/#website\"},\"datePublished\":\"2022-10-10T11:14:24+00:00\",\"dateModified\":\"2022-10-10T11:14:24+00:00\",\"breadcrumb\":{\"@id\":\"https:\/\/sushihiroba.co.uk\/pt-pt\/sites-de-namoro-nerd\/#breadcrumb\"},\"inLanguage\":\"pt-PT\",\"potentialAction\":[{\"@type\":\"ReadAction\",\"target\":[\"https:\/\/sushihiroba.co.uk\/pt-pt\/sites-de-namoro-nerd\/\"]}]},{\"@type\":\"BreadcrumbList\",\"@id\":\"https:\/\/sushihiroba.co.uk\/pt-pt\/sites-de-namoro-nerd\/#breadcrumb\",\"itemListElement\":[{\"@type\":\"ListItem\",\"position\":1,\"name\":\"Home\",\"item\":\"https:\/\/sushihiroba.co.uk\/pt-pt\/\"},{\"@type\":\"ListItem\",\"position\":2,\"name\":\"Sites de namoro nerd\"}]}]}<\/script>\n<!-- \/ Yoast SEO plugin. -->","yoast_head_json":{"title":"Sites de namoro nerd - Online Dating Roba","robots":{"index":"index","follow":"follow","max-snippet":"max-snippet:-1","max-image-preview":"max-image-preview:large","max-video-preview":"max-video-preview:-1"},"canonical":"https:\/\/sushihiroba.co.uk\/pt-pt\/sites-de-namoro-nerd\/","og_locale":"pt_PT","og_type":"article","og_title":"Sites de namoro nerd - Online Dating Roba","og_description":"N\u00e3o h\u00e1 necessidade de ficar nervoso sobre &#8220;namoro com cromos&#8221;. Primeiro, lembra-te que os tot\u00f3s s\u00e3o como qualquer outro tipo&hellip;","og_url":"https:\/\/sushihiroba.co.uk\/pt-pt\/sites-de-namoro-nerd\/","og_site_name":"Online Dating Roba","twitter_card":"summary_large_image","twitter_misc":{"Tempo estimado de leitura":"4 minutos"},"schema":{"@context":"https:\/\/schema.org","@graph":[{"@type":"WebSite","@id":"https:\/\/sushihiroba.co.uk\/pt-pt\/#website","url":"https:\/\/sushihiroba.co.uk\/pt-pt\/","name":"Online Dating Roba","description":"Guide To Find Love","potentialAction":[{"@type":"SearchAction","target":{"@type":"EntryPoint","urlTemplate":"https:\/\/sushihiroba.co.uk\/pt-pt\/?s={search_term_string}"},"query-input":"required name=search_term_string"}],"inLanguage":"pt-PT"},{"@type":"WebPage","@id":"https:\/\/sushihiroba.co.uk\/pt-pt\/sites-de-namoro-nerd\/#webpage","url":"https:\/\/sushihiroba.co.uk\/pt-pt\/sites-de-namoro-nerd\/","name":"Sites de namoro nerd - Online Dating Roba","isPartOf":{"@id":"https:\/\/sushihiroba.co.uk\/pt-pt\/#website"},"datePublished":"2022-10-10T11:14:24+00:00","dateModified":"2022-10-10T11:14:24+00:00","breadcrumb":{"@id":"https:\/\/sushihiroba.co.uk\/pt-pt\/sites-de-namoro-nerd\/#breadcrumb"},"inLanguage":"pt-PT","potentialAction":[{"@type":"ReadAction","target":["https:\/\/sushihiroba.co.uk\/pt-pt\/sites-de-namoro-nerd\/"]}]},{"@type":"BreadcrumbList","@id":"https:\/\/sushihiroba.co.uk\/pt-pt\/sites-de-namoro-nerd\/#breadcrumb","itemListElement":[{"@type":"ListItem","position":1,"name":"Home","item":"https:\/\/sushihiroba.co.uk\/pt-pt\/"},{"@type":"ListItem","position":2,"name":"Sites de namoro nerd"}]}]}},"_links":{"self":[{"href":"https:\/\/sushihiroba.co.uk\/pt-pt\/wp-json\/wp\/v2\/pages\/134"}],"collection":[{"href":"https:\/\/sushihiroba.co.uk\/pt-pt\/wp-json\/wp\/v2\/pages"}],"about":[{"href":"https:\/\/sushihiroba.co.uk\/pt-pt\/wp-json\/wp\/v2\/types\/page"}],"author":[{"embeddable":true,"href":"https:\/\/sushihiroba.co.uk\/pt-pt\/wp-json\/wp\/v2\/users\/1"}],"replies":[{"embeddable":true,"href":"https:\/\/sushihiroba.co.uk\/pt-pt\/wp-json\/wp\/v2\/comments?post=134"}],"version-history":[{"count":0,"href":"https:\/\/sushihiroba.co.uk\/pt-pt\/wp-json\/wp\/v2\/pages\/134\/revisions"}],"wp:attachment":[{"href":"https:\/\/sushihiroba.co.uk\/pt-pt\/wp-json\/wp\/v2\/media?parent=134"}],"curies":[{"name":"wp","href":"https:\/\/api.w.org\/{rel}","templated":true}]}}