{"id":153,"date":"2022-10-10T12:13:05","date_gmt":"2022-10-10T11:13:05","guid":{"rendered":"http:\/\/sushihiroba.co.uk\/salas-de-chat-fetish\/"},"modified":"2022-10-10T12:13:05","modified_gmt":"2022-10-10T11:13:05","slug":"salas-de-chat-fetish","status":"publish","type":"page","link":"https:\/\/sushihiroba.co.uk\/pt-pt\/salas-de-chat-fetish\/","title":{"rendered":"Salas de Chat Fetish"},"content":{"rendered":"<p>H\u00e1 muitas salas de chat diferentes l\u00e1 fora para pessoas que est\u00e3o interessadas em BDSM. Voc\u00ea pode encontrar aqueles que s\u00e3o especificamente para pessoas que procuram se juntar, e h\u00e1 tamb\u00e9m aqueles que s\u00e3o apenas para discuss\u00e3o geral. Se procura um encontro, \u00e9 uma boa ideia verificar algumas salas de chat diferentes para ver qual tem mais pessoas interessadas na mesma coisa que voc\u00ea. Voc\u00ea tamb\u00e9m pode encontrar um monte de recursos e conselhos diferentes nestas salas de chat, por isso \u00e9 uma boa ideia explor\u00e1-los se voc\u00ea \u00e9 novo na cena do BDSM.<\/p>\n<h2>Sala fetiche<\/h2>\n<p>No mundo dos encontros online, h\u00e1 todo o tipo de salas de chat diferentes dispon\u00edveis para pessoas com todo o tipo de interesses diferentes. Um tipo de chatroom que se tornou cada vez mais popular nos \u00faltimos anos \u00e9 a sala de chat fetiche.<\/p>\n<p>Uma sala de chat fetiche \u00e9 um lugar onde <a href=\"http:\/\/sushihiroba.co.uk\/free-phone-sex\/\">pessoas com interesse sexual<\/a> num t\u00f3pico espec\u00edfico podem se juntar e conversar sobre os seus interesses. Existem salas de chat para todos os tipos de fetiches diferentes, desde fetichistas de p\u00e9s a pessoas que est\u00e3o interessadas em BDSM.<\/p>\n<p>Salas de chat fetiches podem ser um \u00f3timo lugar para explorar os seus interesses sexuais e conhecer pessoas com ideias semelhantes. No entanto, \u00e9 importante lembrar-se de respeitar os interesses e limites dos outros, e nunca pressionar ningu\u00e9m a fazer algo com que n\u00e3o se sinta confort\u00e1vel.<\/p>\n<h2>Sala de Chat Fetish<\/h2>\n<p>Em uma sala de chat fetiche, voc\u00ea pode explorar seus desejos mais profundos com pessoas com ideias semelhantes e potencialmente encontrar o amor. Quer goste de BDSM, fetiche por p\u00e9s ou qualquer outra dobra, pode encontrar algu\u00e9m que partilhe os seus interesses e com quem possa explorar a sua sexualidade. A melhor parte das salas de chat fetiches \u00e9 que voc\u00ea pode ser completamente aberto e honesto sobre os seus interesses, e ningu\u00e9m vai julg\u00e1-lo. Por isso, se procura um espa\u00e7o livre de julgamentos para expressar os seus desejos mais profundos, uma sala de chat fetiche \u00e9 o lugar perfeito para si.<\/p>\n<p>Salas de chat fetiches podem ser uma \u00f3tima maneira de se conectar com pessoas com ideias semelhantes que partilham os seus interesses. Eles podem ser uma \u00f3tima maneira de explorar a sua sexualidade e aprender mais sobre o que te excita. Eles tamb\u00e9m podem ser uma \u00f3tima maneira de conhecer potenciais parceiros que partilham os seus interesses. No entanto, \u00e9 importante lembrar que nem todas as salas de chat fetiche s\u00e3o criadas iguais. Alguns s\u00e3o melhores que outros, e outros s\u00e3o mais perigosos que outros. \u00c9 importante fazer a sua pesquisa antes de se juntar a qualquer sala de chat, e apenas juntar-se \u00e0queles com quem se sente confort\u00e1vel.<\/p>\n<h3>Flingster<\/h3>\n<p>Se procura uma maneira segura e segura de explorar o seu lado exc\u00eantrico, ent\u00e3o deve definitivamente verificar Flingster. Esta aplica\u00e7\u00e3o de encontros \u00e9 perfeita para quem est\u00e1 curioso sobre o BDSM e quer encontrar uma sala de chat onde possam explorar os seus desejos sexuais de forma segura e consensual.<\/p>\n<p>O Flingster \u00e9 uma \u00f3tima op\u00e7\u00e3o para quem quer mergulhar os seus dedos no estilo de vida da BDSM, pois oferece uma variedade de salas de chat que atendem a diferentes dobras e fetiches. Tamb\u00e9m pode ter a certeza de que todos os membros do site s\u00e3o reais, uma vez que cada perfil \u00e9 verificado atrav\u00e9s de um processo rigoroso.<\/p>\n<p>Por isso, se procura uma forma segura e divertida de explorar o seu lado exc\u00eantrico, ent\u00e3o n\u00e3o se esque\u00e7a de verificar o Flingster!<\/p>\n<h3>Geek2Geek<\/h3>\n<p>Geek2Geek \u00e9 uma aplica\u00e7\u00e3o de encontros que atende a tot\u00f3s, geeks e outras pessoas esquisitas. A aplica\u00e7\u00e3o tem muitas funcionalidades que o tornam \u00f3timo para pessoas tot\u00f3s, incluindo uma fun\u00e7\u00e3o de pesquisa que permite encontrar outros nerds que partilham os seus interesses. A aplica\u00e7\u00e3o tamb\u00e9m tem uma fun\u00e7\u00e3o de chat, para que possa conversar com outros nerds sobre os seus interesses partilhados. A aplica\u00e7\u00e3o \u00e9 gratuita para download e utiliza\u00e7\u00e3o, estando dispon\u00edvel tanto para iOS como android.<\/p>\n<h3>NaughtyDate<\/h3>\n<p>A NaughtyDate \u00e9 uma aplica\u00e7\u00e3o de encontros especializada em salas de chat BDSM. \u00c9 um \u00f3timo lugar para encontrar pessoas com ideias semelhantes e explorar as suas dobradi\u00e7as e fetiches. A aplica\u00e7\u00e3o \u00e9 f\u00e1cil de usar e tem muitas funcionalidades, tornando-a uma \u00f3tima escolha para quem procura uma experi\u00eancia de chatroom exc\u00eantrica.<\/p>\n","protected":false},"excerpt":{"rendered":"<p>H\u00e1 muitas salas de chat diferentes l\u00e1 fora para pessoas que est\u00e3o interessadas em BDSM. Voc\u00ea pode encontrar aqueles que&hellip;<\/p>\n","protected":false},"author":1,"featured_media":0,"parent":0,"menu_order":0,"comment_status":"closed","ping_status":"closed","template":"","meta":[],"yoast_head":"<!-- This site is optimized with the Yoast SEO plugin v17.7.1 - https:\/\/yoast.com\/wordpress\/plugins\/seo\/ -->\n<title>Salas de Chat Fetish - Online Dating Roba<\/title>\n<meta name=\"robots\" content=\"index, follow, max-snippet:-1, max-image-preview:large, max-video-preview:-1\" \/>\n<link rel=\"canonical\" href=\"https:\/\/sushihiroba.co.uk\/pt-pt\/salas-de-chat-fetish\/\" \/>\n<meta property=\"og:locale\" content=\"pt_PT\" \/>\n<meta property=\"og:type\" content=\"article\" \/>\n<meta property=\"og:title\" content=\"Salas de Chat Fetish - Online Dating Roba\" \/>\n<meta property=\"og:description\" content=\"H\u00e1 muitas salas de chat diferentes l\u00e1 fora para pessoas que est\u00e3o interessadas em BDSM. Voc\u00ea pode encontrar aqueles que&hellip;\" \/>\n<meta property=\"og:url\" content=\"https:\/\/sushihiroba.co.uk\/pt-pt\/salas-de-chat-fetish\/\" \/>\n<meta property=\"og:site_name\" content=\"Online Dating Roba\" \/>\n<meta name=\"twitter:card\" content=\"summary_large_image\" \/>\n<meta name=\"twitter:label1\" content=\"Tempo estimado de leitura\" \/>\n\t<meta name=\"twitter:data1\" content=\"4 minutos\" \/>\n<script type=\"application\/ld+json\" class=\"yoast-schema-graph\">{\"@context\":\"https:\/\/schema.org\",\"@graph\":[{\"@type\":\"WebSite\",\"@id\":\"https:\/\/sushihiroba.co.uk\/pt-pt\/#website\",\"url\":\"https:\/\/sushihiroba.co.uk\/pt-pt\/\",\"name\":\"Online Dating Roba\",\"description\":\"Guide To Find Love\",\"potentialAction\":[{\"@type\":\"SearchAction\",\"target\":{\"@type\":\"EntryPoint\",\"urlTemplate\":\"https:\/\/sushihiroba.co.uk\/pt-pt\/?s={search_term_string}\"},\"query-input\":\"required name=search_term_string\"}],\"inLanguage\":\"pt-PT\"},{\"@type\":\"WebPage\",\"@id\":\"https:\/\/sushihiroba.co.uk\/pt-pt\/salas-de-chat-fetish\/#webpage\",\"url\":\"https:\/\/sushihiroba.co.uk\/pt-pt\/salas-de-chat-fetish\/\",\"name\":\"Salas de Chat Fetish - Online Dating Roba\",\"isPartOf\":{\"@id\":\"https:\/\/sushihiroba.co.uk\/pt-pt\/#website\"},\"datePublished\":\"2022-10-10T11:13:05+00:00\",\"dateModified\":\"2022-10-10T11:13:05+00:00\",\"breadcrumb\":{\"@id\":\"https:\/\/sushihiroba.co.uk\/pt-pt\/salas-de-chat-fetish\/#breadcrumb\"},\"inLanguage\":\"pt-PT\",\"potentialAction\":[{\"@type\":\"ReadAction\",\"target\":[\"https:\/\/sushihiroba.co.uk\/pt-pt\/salas-de-chat-fetish\/\"]}]},{\"@type\":\"BreadcrumbList\",\"@id\":\"https:\/\/sushihiroba.co.uk\/pt-pt\/salas-de-chat-fetish\/#breadcrumb\",\"itemListElement\":[{\"@type\":\"ListItem\",\"position\":1,\"name\":\"Home\",\"item\":\"https:\/\/sushihiroba.co.uk\/pt-pt\/\"},{\"@type\":\"ListItem\",\"position\":2,\"name\":\"Salas de Chat Fetish\"}]}]}<\/script>\n<!-- \/ Yoast SEO plugin. -->","yoast_head_json":{"title":"Salas de Chat Fetish - Online Dating Roba","robots":{"index":"index","follow":"follow","max-snippet":"max-snippet:-1","max-image-preview":"max-image-preview:large","max-video-preview":"max-video-preview:-1"},"canonical":"https:\/\/sushihiroba.co.uk\/pt-pt\/salas-de-chat-fetish\/","og_locale":"pt_PT","og_type":"article","og_title":"Salas de Chat Fetish - Online Dating Roba","og_description":"H\u00e1 muitas salas de chat diferentes l\u00e1 fora para pessoas que est\u00e3o interessadas em BDSM. Voc\u00ea pode encontrar aqueles que&hellip;","og_url":"https:\/\/sushihiroba.co.uk\/pt-pt\/salas-de-chat-fetish\/","og_site_name":"Online Dating Roba","twitter_card":"summary_large_image","twitter_misc":{"Tempo estimado de leitura":"4 minutos"},"schema":{"@context":"https:\/\/schema.org","@graph":[{"@type":"WebSite","@id":"https:\/\/sushihiroba.co.uk\/pt-pt\/#website","url":"https:\/\/sushihiroba.co.uk\/pt-pt\/","name":"Online Dating Roba","description":"Guide To Find Love","potentialAction":[{"@type":"SearchAction","target":{"@type":"EntryPoint","urlTemplate":"https:\/\/sushihiroba.co.uk\/pt-pt\/?s={search_term_string}"},"query-input":"required name=search_term_string"}],"inLanguage":"pt-PT"},{"@type":"WebPage","@id":"https:\/\/sushihiroba.co.uk\/pt-pt\/salas-de-chat-fetish\/#webpage","url":"https:\/\/sushihiroba.co.uk\/pt-pt\/salas-de-chat-fetish\/","name":"Salas de Chat Fetish - Online Dating Roba","isPartOf":{"@id":"https:\/\/sushihiroba.co.uk\/pt-pt\/#website"},"datePublished":"2022-10-10T11:13:05+00:00","dateModified":"2022-10-10T11:13:05+00:00","breadcrumb":{"@id":"https:\/\/sushihiroba.co.uk\/pt-pt\/salas-de-chat-fetish\/#breadcrumb"},"inLanguage":"pt-PT","potentialAction":[{"@type":"ReadAction","target":["https:\/\/sushihiroba.co.uk\/pt-pt\/salas-de-chat-fetish\/"]}]},{"@type":"BreadcrumbList","@id":"https:\/\/sushihiroba.co.uk\/pt-pt\/salas-de-chat-fetish\/#breadcrumb","itemListElement":[{"@type":"ListItem","position":1,"name":"Home","item":"https:\/\/sushihiroba.co.uk\/pt-pt\/"},{"@type":"ListItem","position":2,"name":"Salas de Chat Fetish"}]}]}},"_links":{"self":[{"href":"https:\/\/sushihiroba.co.uk\/pt-pt\/wp-json\/wp\/v2\/pages\/153"}],"collection":[{"href":"https:\/\/sushihiroba.co.uk\/pt-pt\/wp-json\/wp\/v2\/pages"}],"about":[{"href":"https:\/\/sushihiroba.co.uk\/pt-pt\/wp-json\/wp\/v2\/types\/page"}],"author":[{"embeddable":true,"href":"https:\/\/sushihiroba.co.uk\/pt-pt\/wp-json\/wp\/v2\/users\/1"}],"replies":[{"embeddable":true,"href":"https:\/\/sushihiroba.co.uk\/pt-pt\/wp-json\/wp\/v2\/comments?post=153"}],"version-history":[{"count":0,"href":"https:\/\/sushihiroba.co.uk\/pt-pt\/wp-json\/wp\/v2\/pages\/153\/revisions"}],"wp:attachment":[{"href":"https:\/\/sushihiroba.co.uk\/pt-pt\/wp-json\/wp\/v2\/media?parent=153"}],"curies":[{"name":"wp","href":"https:\/\/api.w.org\/{rel}","templated":true}]}}