{"id":155,"date":"2022-10-10T12:13:28","date_gmt":"2022-10-10T11:13:28","guid":{"rendered":"http:\/\/sushihiroba.co.uk\/conversa-sexual-milf\/"},"modified":"2022-10-10T12:13:28","modified_gmt":"2022-10-10T11:13:28","slug":"conversa-sexual-milf","status":"publish","type":"page","link":"https:\/\/sushihiroba.co.uk\/pt-pt\/conversa-sexual-milf\/","title":{"rendered":"Conversa sexual MILF"},"content":{"rendered":"<p>Existem muitos sites de <a href=\"http:\/\/sushihiroba.co.uk\/fetish-chat-rooms\/\">chat<\/a> gratuitos que podem ajud\u00e1-lo a se conectar com mulheres mais velhas \u00e0 procura de um caso. Tudo o que precisa fazer \u00e9 encontrar um site que goste, criar um perfil e come\u00e7ar a conversar. Vai ficar surpreendido com a facilidade em ligar-se a algu\u00e9m especial. Sisesem e divram-se.<\/p>\n<h2>Chat com Milfs<\/h2>\n<p>Se quer conversar com milfs, ent\u00e3o h\u00e1 algumas coisas que deve ter em mente. Primeiro, seja respeitoso. S\u00e3o senhoras que s\u00e3o tipicamente mais velhas do que tu, por isso \u00e9 importante ser um cavalheiro. Segundo, seja interessante. Fa\u00e7a perguntas, partilhe hist\u00f3rias e seja envolvente. Terceiro, n\u00e3o seja insistente. Estas senhoras est\u00e3o \u00e0 procura de algu\u00e9m com quem conversar, n\u00e3o algu\u00e9m com quem namorar, por isso n\u00e3o tente pression\u00e1-las em nada. Relaxe, divirta-se e aproveite a conversa.<\/p>\n<h2>Falar com Milfs<\/h2>\n<p>No outro dia, estava a falar com uns milfs e eles diziam que \u00e9 dif\u00edcil encontrar o amor hoje em dia. Disseram que est\u00e3o solteiros h\u00e1 algum tempo e n\u00e3o t\u00eam tido muita sorte. Disseram que tentaram namorar online, mas n\u00e3o lhes correu bem. Disseram que est\u00e3o a come\u00e7ar a sentir-se demasiado velhos para encontrarem o amor. Disse-lhes que nunca s\u00e3o demasiado velhos para encontrar o amor e que s\u00f3 precisam de continuar a procurar. Disse-lhes que deviam tentar ir a eventos de solteiros ou clubes. Acho que se continuarem a procurar, v\u00e3o encontrar o amor.<\/p>\n<p>N\u00e3o h\u00e1 nada como fazer sexo com um MILF. S\u00e3o experientes, sabem o que est\u00e3o a fazer, e n\u00e3o t\u00eam medo de assumir o comando. \u00c9 por isso que a conversa sexual da MILF \u00e9 t\u00e3o popular. \u00c9 uma \u00f3tima maneira de se conectar com mulheres mais velhas que sabem o que querem e n\u00e3o t\u00eam medo de ir atr\u00e1s dela.<\/p>\n<p>Se voc\u00ea est\u00e1 procurando entrar em conversa sexual MILF, o melhor lugar para come\u00e7ar \u00e9 encontrar uma sala de chat que \u00e9 especificamente para mulheres mais velhas. Assim, poder\u00e1 encontrar mulheres que estejam especificamente \u00e0 procura de homens mais novos para conversar. Assim que encontrar uma sala de chat que satisfa\u00e7a as suas necessidades, tudo o que precisa fazer \u00e9 inscrever-se e come\u00e7ar a conversar. \u00c9 simples assim. Se quiser levar as coisas para o pr\u00f3ximo n\u00edvel, pode at\u00e9 experimentar o videochat. Esta \u00e9 uma \u00f3tima maneira de conhecer algu\u00e9m e ver se h\u00e1 uma liga\u00e7\u00e3o sexual. Lembre-se de ser respeitoso e seguir as regras, e ter\u00e1 certeza de se divertir.<\/p>\n<h3>Rio Tinder<\/h3>\n<p>O Tinder \u00e9 uma aplica\u00e7\u00e3o de encontros popular que permite aos utilizadores passar para a direita ou para a esquerda para indicar o seu interesse em outro utilizador. Se dois utilizadores passarem diretamente nos perfis um do outro, s\u00e3o capazes de conversar e potencialmente se encontrarem pessoalmente.<\/p>\n<p>O Tinder \u00e9 geralmente considerado uma forma segura e f\u00e1cil de conhecer pessoas, embora tenha havido alguns relatos de perfis falsos e vigaristas. No geral, o Tinder \u00e9 uma forma popular e conveniente de conhecer novas pessoas, e \u00e9 especialmente adequado para aqueles que procuram um encontro r\u00e1pido ou uma rela\u00e7\u00e3o casual.<\/p>\n<h3>LivroOfSext<\/h3>\n<p>Se procura um site de chat milf que seja gratuito e f\u00e1cil de usar, o BookOfSext \u00e9 uma \u00f3tima op\u00e7\u00e3o. O site tem um design limpo e moderno, e \u00e9 f\u00e1cil de encontrar e conversar com milfs. Existem tamb\u00e9m muitas funcionalidades, como a capacidade de enviar mensagens privadas, e o site est\u00e1 dispon\u00edvel em v\u00e1rios idiomas. No entanto, h\u00e1 alguns inconvenientes. Por exemplo, o site n\u00e3o tem muitos utilizadores, e n\u00e3o est\u00e1 dispon\u00edvel em todos os pa\u00edses.<\/p>\n<h3>DoubleList<\/h3>\n<p>Se procura um site de chat gratuito, ent\u00e3o deve definitivamente consultar a DoubleList. O site tem uma grande sele\u00e7\u00e3o de salas de chat, e voc\u00ea pode at\u00e9 mesmo criar sua pr\u00f3pria sala de chat, se voc\u00ea quiser. Existem tamb\u00e9m muitas funcionalidades que pode usar para tornar a sua experi\u00eancia de chat mais agrad\u00e1vel, como a capacidade de enviar mensagens privadas ou at\u00e9 mesmo fazer chamadas de v\u00eddeo. No geral, o DoubleList \u00e9 um \u00f3timo site de chat, e definitivamente vale a pena verificar se voc\u00ea est\u00e1 procurando um site de chat milf gratuito.<\/p>\n","protected":false},"excerpt":{"rendered":"<p>Existem muitos sites de chat gratuitos que podem ajud\u00e1-lo a se conectar com mulheres mais velhas \u00e0 procura de um&hellip;<\/p>\n","protected":false},"author":1,"featured_media":0,"parent":0,"menu_order":0,"comment_status":"closed","ping_status":"closed","template":"","meta":[],"yoast_head":"<!-- This site is optimized with the Yoast SEO plugin v17.7.1 - https:\/\/yoast.com\/wordpress\/plugins\/seo\/ -->\n<title>Conversa sexual MILF - Online Dating Roba<\/title>\n<meta name=\"robots\" content=\"index, follow, max-snippet:-1, max-image-preview:large, max-video-preview:-1\" \/>\n<link rel=\"canonical\" href=\"https:\/\/sushihiroba.co.uk\/pt-pt\/conversa-sexual-milf\/\" \/>\n<meta property=\"og:locale\" content=\"pt_PT\" \/>\n<meta property=\"og:type\" content=\"article\" \/>\n<meta property=\"og:title\" content=\"Conversa sexual MILF - Online Dating Roba\" \/>\n<meta property=\"og:description\" content=\"Existem muitos sites de chat gratuitos que podem ajud\u00e1-lo a se conectar com mulheres mais velhas \u00e0 procura de um&hellip;\" \/>\n<meta property=\"og:url\" content=\"https:\/\/sushihiroba.co.uk\/pt-pt\/conversa-sexual-milf\/\" \/>\n<meta property=\"og:site_name\" content=\"Online Dating Roba\" \/>\n<meta name=\"twitter:card\" content=\"summary_large_image\" \/>\n<meta name=\"twitter:label1\" content=\"Tempo estimado de leitura\" \/>\n\t<meta name=\"twitter:data1\" content=\"4 minutos\" \/>\n<script type=\"application\/ld+json\" class=\"yoast-schema-graph\">{\"@context\":\"https:\/\/schema.org\",\"@graph\":[{\"@type\":\"WebSite\",\"@id\":\"https:\/\/sushihiroba.co.uk\/pt-pt\/#website\",\"url\":\"https:\/\/sushihiroba.co.uk\/pt-pt\/\",\"name\":\"Online Dating Roba\",\"description\":\"Guide To Find Love\",\"potentialAction\":[{\"@type\":\"SearchAction\",\"target\":{\"@type\":\"EntryPoint\",\"urlTemplate\":\"https:\/\/sushihiroba.co.uk\/pt-pt\/?s={search_term_string}\"},\"query-input\":\"required name=search_term_string\"}],\"inLanguage\":\"pt-PT\"},{\"@type\":\"WebPage\",\"@id\":\"https:\/\/sushihiroba.co.uk\/pt-pt\/conversa-sexual-milf\/#webpage\",\"url\":\"https:\/\/sushihiroba.co.uk\/pt-pt\/conversa-sexual-milf\/\",\"name\":\"Conversa sexual MILF - Online Dating Roba\",\"isPartOf\":{\"@id\":\"https:\/\/sushihiroba.co.uk\/pt-pt\/#website\"},\"datePublished\":\"2022-10-10T11:13:28+00:00\",\"dateModified\":\"2022-10-10T11:13:28+00:00\",\"breadcrumb\":{\"@id\":\"https:\/\/sushihiroba.co.uk\/pt-pt\/conversa-sexual-milf\/#breadcrumb\"},\"inLanguage\":\"pt-PT\",\"potentialAction\":[{\"@type\":\"ReadAction\",\"target\":[\"https:\/\/sushihiroba.co.uk\/pt-pt\/conversa-sexual-milf\/\"]}]},{\"@type\":\"BreadcrumbList\",\"@id\":\"https:\/\/sushihiroba.co.uk\/pt-pt\/conversa-sexual-milf\/#breadcrumb\",\"itemListElement\":[{\"@type\":\"ListItem\",\"position\":1,\"name\":\"Home\",\"item\":\"https:\/\/sushihiroba.co.uk\/pt-pt\/\"},{\"@type\":\"ListItem\",\"position\":2,\"name\":\"Conversa sexual MILF\"}]}]}<\/script>\n<!-- \/ Yoast SEO plugin. -->","yoast_head_json":{"title":"Conversa sexual MILF - Online Dating Roba","robots":{"index":"index","follow":"follow","max-snippet":"max-snippet:-1","max-image-preview":"max-image-preview:large","max-video-preview":"max-video-preview:-1"},"canonical":"https:\/\/sushihiroba.co.uk\/pt-pt\/conversa-sexual-milf\/","og_locale":"pt_PT","og_type":"article","og_title":"Conversa sexual MILF - Online Dating Roba","og_description":"Existem muitos sites de chat gratuitos que podem ajud\u00e1-lo a se conectar com mulheres mais velhas \u00e0 procura de um&hellip;","og_url":"https:\/\/sushihiroba.co.uk\/pt-pt\/conversa-sexual-milf\/","og_site_name":"Online Dating Roba","twitter_card":"summary_large_image","twitter_misc":{"Tempo estimado de leitura":"4 minutos"},"schema":{"@context":"https:\/\/schema.org","@graph":[{"@type":"WebSite","@id":"https:\/\/sushihiroba.co.uk\/pt-pt\/#website","url":"https:\/\/sushihiroba.co.uk\/pt-pt\/","name":"Online Dating Roba","description":"Guide To Find Love","potentialAction":[{"@type":"SearchAction","target":{"@type":"EntryPoint","urlTemplate":"https:\/\/sushihiroba.co.uk\/pt-pt\/?s={search_term_string}"},"query-input":"required name=search_term_string"}],"inLanguage":"pt-PT"},{"@type":"WebPage","@id":"https:\/\/sushihiroba.co.uk\/pt-pt\/conversa-sexual-milf\/#webpage","url":"https:\/\/sushihiroba.co.uk\/pt-pt\/conversa-sexual-milf\/","name":"Conversa sexual MILF - Online Dating Roba","isPartOf":{"@id":"https:\/\/sushihiroba.co.uk\/pt-pt\/#website"},"datePublished":"2022-10-10T11:13:28+00:00","dateModified":"2022-10-10T11:13:28+00:00","breadcrumb":{"@id":"https:\/\/sushihiroba.co.uk\/pt-pt\/conversa-sexual-milf\/#breadcrumb"},"inLanguage":"pt-PT","potentialAction":[{"@type":"ReadAction","target":["https:\/\/sushihiroba.co.uk\/pt-pt\/conversa-sexual-milf\/"]}]},{"@type":"BreadcrumbList","@id":"https:\/\/sushihiroba.co.uk\/pt-pt\/conversa-sexual-milf\/#breadcrumb","itemListElement":[{"@type":"ListItem","position":1,"name":"Home","item":"https:\/\/sushihiroba.co.uk\/pt-pt\/"},{"@type":"ListItem","position":2,"name":"Conversa sexual MILF"}]}]}},"_links":{"self":[{"href":"https:\/\/sushihiroba.co.uk\/pt-pt\/wp-json\/wp\/v2\/pages\/155"}],"collection":[{"href":"https:\/\/sushihiroba.co.uk\/pt-pt\/wp-json\/wp\/v2\/pages"}],"about":[{"href":"https:\/\/sushihiroba.co.uk\/pt-pt\/wp-json\/wp\/v2\/types\/page"}],"author":[{"embeddable":true,"href":"https:\/\/sushihiroba.co.uk\/pt-pt\/wp-json\/wp\/v2\/users\/1"}],"replies":[{"embeddable":true,"href":"https:\/\/sushihiroba.co.uk\/pt-pt\/wp-json\/wp\/v2\/comments?post=155"}],"version-history":[{"count":0,"href":"https:\/\/sushihiroba.co.uk\/pt-pt\/wp-json\/wp\/v2\/pages\/155\/revisions"}],"wp:attachment":[{"href":"https:\/\/sushihiroba.co.uk\/pt-pt\/wp-json\/wp\/v2\/media?parent=155"}],"curies":[{"name":"wp","href":"https:\/\/api.w.org\/{rel}","templated":true}]}}