{"id":159,"date":"2022-10-10T12:13:54","date_gmt":"2022-10-10T11:13:54","guid":{"rendered":"http:\/\/sushihiroba.co.uk\/locais-de-swinger-locais\/"},"modified":"2022-10-10T12:13:54","modified_gmt":"2022-10-10T11:13:54","slug":"locais-de-swinger-locais","status":"publish","type":"page","link":"https:\/\/sushihiroba.co.uk\/pt-pt\/locais-de-swinger-locais\/","title":{"rendered":"Locais de swinger locais"},"content":{"rendered":"<p>H\u00e1 uma tonelada de sites de swinger locais que voc\u00ea pode usar para se encontrar com outros casais na sua \u00e1rea. S\u00e3o uma \u00f3tima maneira de conhecer novas pessoas e conhec\u00ea-las a um n\u00edvel mais \u00edntimo. Voc\u00ea tamb\u00e9m pode encontrar muita informa\u00e7\u00e3o sobre estes sites sobre a cena dos swingers locais e quais os eventos que est\u00e3o acontecendo na sua \u00e1rea.<\/p>\n<h2>Swinger Sites<\/h2>\n<p>Existem v\u00e1rios tipos diferentes de sites de swinger. Alguns est\u00e3o focados em ligar swingers em uma \u00e1rea espec\u00edfica para que possam se encontrar. Outros s\u00e3o mais como sites de redes sociais, onde as pessoas podem partilhar os seus interesses e conectar-se com pessoas com ideias semelhantes. Outros ainda est\u00e3o mais orientados para namorar, e voc\u00ea pode encontrar pessoas que est\u00e3o interessadas nas mesmas coisas que voc\u00ea.<\/p>\n<p>Se est\u00e1 interessado em explorar o estilo de vida swinger, h\u00e1 algumas maneiras diferentes de faz\u00ea-lo. Voc\u00ea pode verificar alguns dos diferentes sites swinger para ver qual \u00e9 o certo para voc\u00ea. Voc\u00ea tamb\u00e9m pode olhar para eventos locais ou encontros que podem estar acontecendo na sua \u00e1rea. Ou podes sempre dar o salto e ir a uma festa ou clube de swinger. Seja qual for o caminho que escolher, lembre-se de ser respeitoso e divertir-se!<\/p>\n<h2>Swingers Hookups<\/h2>\n<p>No mundo dos encontros online, h\u00e1 muito foco em <a href=\"http:\/\/sushihiroba.co.uk\/friends-with-benefits-websites\/\">encontros e aventuras de curto prazo<\/a>. Mas se procura algo um pouco mais a longo prazo, h\u00e1 uma tend\u00eancia crescente de pessoas \u00e0 procura de swingers.<\/p>\n<p>\u00c9 aqui que duas pessoas que j\u00e1 est\u00e3o numa rela\u00e7\u00e3o abrem a sua rela\u00e7\u00e3o para incluir outros parceiros sexuais. Pode ser uma \u00f3tima maneira de apimentar a sua vida sexual e adicionar alguma variedade.<\/p>\n<p>Se est\u00e1 interessado em explorar esta op\u00e7\u00e3o, h\u00e1 algumas coisas que precisa de ter em mente. Primeiro, tens de ser honesto com o teu parceiro sobre o que procuras. Segundo, tens de respeitar os limites dos outros. E, finalmente, tens de estar seguro e usar prote\u00e7\u00e3o.<\/p>\n<p>Se consegues fazer todas essas coisas, ent\u00e3o est\u00e1s a caminho de encontrar o amor no mundo dos swingers.<\/p>\n<h2>Sites de namoro swinger<\/h2>\n<p>Existem v\u00e1rios tipos diferentes de sites de encontros swinger. Os mais populares s\u00e3o provavelmente os sites de encontros gerais que atendem aos swingers. Estes sites normalmente t\u00eam muitos membros e s\u00e3o bastante populares. Eles geralmente t\u00eam um monte de funcionalidades e permitem-lhe procurar outros swingers na sua \u00e1rea.<\/p>\n<p>Outro tipo de site de encontros swinger \u00e9 o site de encontros de estilo de vida. Estes sites s\u00e3o direcionados especificamente para swingers e muitas vezes t\u00eam um monte de caracter\u00edsticas que atendem ao estilo de vida. Geralmente t\u00eam muitos membros e s\u00e3o bastante populares.<\/p>\n<p>O \u00faltimo tipo de site de encontros swinger \u00e9 o site de encontros para adultos. Estes sites s\u00e3o direcionados para adultos que est\u00e3o interessados em se encontrar com outros adultos. Geralmente t\u00eam muitos membros e s\u00e3o bastante populares.<\/p>\n<h3>Data<\/h3>\n<p>Se procura uma nova aplica\u00e7\u00e3o de encontros especificamente concebida para casais swinger, vai querer ver DateYou. Esta aplica\u00e7\u00e3o foi concebida para ajudar os casais a conectarem-se com outros casais na sua \u00e1rea local para divers\u00e3o e amizade. A aplica\u00e7\u00e3o \u00e9 f\u00e1cil de usar e tem muitas funcionalidades \u00f3timas, como um sistema de mensagens e uma forma de partilhar fotos e v\u00eddeos. A aplica\u00e7\u00e3o tamb\u00e9m tem uma funcionalidade de pesquisa incorporada para que voc\u00ea possa encontrar outros casais na sua \u00e1rea que est\u00e3o procurando algu\u00e9m com quem balan\u00e7ar. No geral, pensamos que o DateYou \u00e9 uma \u00f3tima op\u00e7\u00e3o para casais que procuram uma nova forma de conhecer outros casais.<\/p>\n<h3>Fling.com<\/h3>\n<p>Fling.com \u00e9 um local de swinger local que j\u00e1 existe h\u00e1 algum tempo. O site \u00e9 f\u00e1cil de usar e tem muitos membros. O site tamb\u00e9m \u00e9 um \u00f3timo lugar para encontrar swingers locais. O site tem muitas funcionalidades e \u00e9 um \u00f3timo lugar para encontrar swingers locais.<\/p>\n<h3>BBWCupid<\/h3>\n<p>BBWCupid \u00e9 uma aplica\u00e7\u00e3o de encontros especificamente projetada para solteiros BBW e seus admiradores. A aplica\u00e7\u00e3o est\u00e1 dispon\u00edvel gratuitamente na App Store e google Play, e tem uma classifica\u00e7\u00e3o de 4 estrelas em ambas as plataformas. A aplica\u00e7\u00e3o \u00e9 f\u00e1cil de usar e tem uma interface limpa. Tamb\u00e9m tem muitas funcionalidades que est\u00e3o orientadas para ajud\u00e1-lo a encontrar um f\u00f3sforo, incluindo uma fun\u00e7\u00e3o de pesquisa, uma lista de &#8220;favoritos&#8221; e um sistema de mensagens. A \u00fanica desvantagem para a aplica\u00e7\u00e3o \u00e9 que n\u00e3o tem uma base de utilizadores muito grande, por isso pode ter dificuldade em encontrar f\u00f3sforos na sua \u00e1rea.<\/p>\n","protected":false},"excerpt":{"rendered":"<p>H\u00e1 uma tonelada de sites de swinger locais que voc\u00ea pode usar para se encontrar com outros casais na sua&hellip;<\/p>\n","protected":false},"author":1,"featured_media":0,"parent":0,"menu_order":0,"comment_status":"closed","ping_status":"closed","template":"","meta":[],"yoast_head":"<!-- This site is optimized with the Yoast SEO plugin v17.7.1 - https:\/\/yoast.com\/wordpress\/plugins\/seo\/ -->\n<title>Locais de swinger locais - Online Dating Roba<\/title>\n<meta name=\"robots\" content=\"index, follow, max-snippet:-1, max-image-preview:large, max-video-preview:-1\" \/>\n<link rel=\"canonical\" href=\"https:\/\/sushihiroba.co.uk\/pt-pt\/locais-de-swinger-locais\/\" \/>\n<meta property=\"og:locale\" content=\"pt_PT\" \/>\n<meta property=\"og:type\" content=\"article\" \/>\n<meta property=\"og:title\" content=\"Locais de swinger locais - Online Dating Roba\" \/>\n<meta property=\"og:description\" content=\"H\u00e1 uma tonelada de sites de swinger locais que voc\u00ea pode usar para se encontrar com outros casais na sua&hellip;\" \/>\n<meta property=\"og:url\" content=\"https:\/\/sushihiroba.co.uk\/pt-pt\/locais-de-swinger-locais\/\" \/>\n<meta property=\"og:site_name\" content=\"Online Dating Roba\" \/>\n<meta name=\"twitter:card\" content=\"summary_large_image\" \/>\n<meta name=\"twitter:label1\" content=\"Tempo estimado de leitura\" \/>\n\t<meta name=\"twitter:data1\" content=\"4 minutos\" \/>\n<script type=\"application\/ld+json\" class=\"yoast-schema-graph\">{\"@context\":\"https:\/\/schema.org\",\"@graph\":[{\"@type\":\"WebSite\",\"@id\":\"https:\/\/sushihiroba.co.uk\/pt-pt\/#website\",\"url\":\"https:\/\/sushihiroba.co.uk\/pt-pt\/\",\"name\":\"Online Dating Roba\",\"description\":\"Guide To Find Love\",\"potentialAction\":[{\"@type\":\"SearchAction\",\"target\":{\"@type\":\"EntryPoint\",\"urlTemplate\":\"https:\/\/sushihiroba.co.uk\/pt-pt\/?s={search_term_string}\"},\"query-input\":\"required name=search_term_string\"}],\"inLanguage\":\"pt-PT\"},{\"@type\":\"WebPage\",\"@id\":\"https:\/\/sushihiroba.co.uk\/pt-pt\/locais-de-swinger-locais\/#webpage\",\"url\":\"https:\/\/sushihiroba.co.uk\/pt-pt\/locais-de-swinger-locais\/\",\"name\":\"Locais de swinger locais - Online Dating Roba\",\"isPartOf\":{\"@id\":\"https:\/\/sushihiroba.co.uk\/pt-pt\/#website\"},\"datePublished\":\"2022-10-10T11:13:54+00:00\",\"dateModified\":\"2022-10-10T11:13:54+00:00\",\"breadcrumb\":{\"@id\":\"https:\/\/sushihiroba.co.uk\/pt-pt\/locais-de-swinger-locais\/#breadcrumb\"},\"inLanguage\":\"pt-PT\",\"potentialAction\":[{\"@type\":\"ReadAction\",\"target\":[\"https:\/\/sushihiroba.co.uk\/pt-pt\/locais-de-swinger-locais\/\"]}]},{\"@type\":\"BreadcrumbList\",\"@id\":\"https:\/\/sushihiroba.co.uk\/pt-pt\/locais-de-swinger-locais\/#breadcrumb\",\"itemListElement\":[{\"@type\":\"ListItem\",\"position\":1,\"name\":\"Home\",\"item\":\"https:\/\/sushihiroba.co.uk\/pt-pt\/\"},{\"@type\":\"ListItem\",\"position\":2,\"name\":\"Locais de swinger locais\"}]}]}<\/script>\n<!-- \/ Yoast SEO plugin. -->","yoast_head_json":{"title":"Locais de swinger locais - Online Dating Roba","robots":{"index":"index","follow":"follow","max-snippet":"max-snippet:-1","max-image-preview":"max-image-preview:large","max-video-preview":"max-video-preview:-1"},"canonical":"https:\/\/sushihiroba.co.uk\/pt-pt\/locais-de-swinger-locais\/","og_locale":"pt_PT","og_type":"article","og_title":"Locais de swinger locais - Online Dating Roba","og_description":"H\u00e1 uma tonelada de sites de swinger locais que voc\u00ea pode usar para se encontrar com outros casais na sua&hellip;","og_url":"https:\/\/sushihiroba.co.uk\/pt-pt\/locais-de-swinger-locais\/","og_site_name":"Online Dating Roba","twitter_card":"summary_large_image","twitter_misc":{"Tempo estimado de leitura":"4 minutos"},"schema":{"@context":"https:\/\/schema.org","@graph":[{"@type":"WebSite","@id":"https:\/\/sushihiroba.co.uk\/pt-pt\/#website","url":"https:\/\/sushihiroba.co.uk\/pt-pt\/","name":"Online Dating Roba","description":"Guide To Find Love","potentialAction":[{"@type":"SearchAction","target":{"@type":"EntryPoint","urlTemplate":"https:\/\/sushihiroba.co.uk\/pt-pt\/?s={search_term_string}"},"query-input":"required name=search_term_string"}],"inLanguage":"pt-PT"},{"@type":"WebPage","@id":"https:\/\/sushihiroba.co.uk\/pt-pt\/locais-de-swinger-locais\/#webpage","url":"https:\/\/sushihiroba.co.uk\/pt-pt\/locais-de-swinger-locais\/","name":"Locais de swinger locais - Online Dating Roba","isPartOf":{"@id":"https:\/\/sushihiroba.co.uk\/pt-pt\/#website"},"datePublished":"2022-10-10T11:13:54+00:00","dateModified":"2022-10-10T11:13:54+00:00","breadcrumb":{"@id":"https:\/\/sushihiroba.co.uk\/pt-pt\/locais-de-swinger-locais\/#breadcrumb"},"inLanguage":"pt-PT","potentialAction":[{"@type":"ReadAction","target":["https:\/\/sushihiroba.co.uk\/pt-pt\/locais-de-swinger-locais\/"]}]},{"@type":"BreadcrumbList","@id":"https:\/\/sushihiroba.co.uk\/pt-pt\/locais-de-swinger-locais\/#breadcrumb","itemListElement":[{"@type":"ListItem","position":1,"name":"Home","item":"https:\/\/sushihiroba.co.uk\/pt-pt\/"},{"@type":"ListItem","position":2,"name":"Locais de swinger locais"}]}]}},"_links":{"self":[{"href":"https:\/\/sushihiroba.co.uk\/pt-pt\/wp-json\/wp\/v2\/pages\/159"}],"collection":[{"href":"https:\/\/sushihiroba.co.uk\/pt-pt\/wp-json\/wp\/v2\/pages"}],"about":[{"href":"https:\/\/sushihiroba.co.uk\/pt-pt\/wp-json\/wp\/v2\/types\/page"}],"author":[{"embeddable":true,"href":"https:\/\/sushihiroba.co.uk\/pt-pt\/wp-json\/wp\/v2\/users\/1"}],"replies":[{"embeddable":true,"href":"https:\/\/sushihiroba.co.uk\/pt-pt\/wp-json\/wp\/v2\/comments?post=159"}],"version-history":[{"count":0,"href":"https:\/\/sushihiroba.co.uk\/pt-pt\/wp-json\/wp\/v2\/pages\/159\/revisions"}],"wp:attachment":[{"href":"https:\/\/sushihiroba.co.uk\/pt-pt\/wp-json\/wp\/v2\/media?parent=159"}],"curies":[{"name":"wp","href":"https:\/\/api.w.org\/{rel}","templated":true}]}}