{"id":180,"date":"2022-10-10T12:12:51","date_gmt":"2022-10-10T11:12:51","guid":{"rendered":"http:\/\/sushihiroba.co.uk\/sexo-telefonico-gratuito\/"},"modified":"2022-10-10T12:12:51","modified_gmt":"2022-10-10T11:12:51","slug":"sexo-telefonico-gratuito","status":"publish","type":"page","link":"https:\/\/sushihiroba.co.uk\/pt-pt\/sexo-telefonico-gratuito\/","title":{"rendered":"Sexo telef\u00f3nico gratuito"},"content":{"rendered":"<p>Quando se trata de namorar, sexo por telefone gratuito pode ser uma \u00f3tima maneira de come\u00e7ar as coisas. Pode ajudar a quebrar o gelo e fazer as coisas funcionarem, sem ter que se preocupar com as coisas ficando muito f\u00edsicas muito rapidamente. Al\u00e9m disso, pode ser muito divertido! Se est\u00e1 a pensar em experimentar sexo por telefone gr\u00e1tis, aqui ficam algumas dicas para o ajudar a come\u00e7ar:<\/p>\n<ol>\n<li>Encontre um parceiro que esteja \u00e0 altura. Este \u00e9 provavelmente o passo mais importante. Se n\u00e3o estiverem os dois na mesma p\u00e1gina, n\u00e3o ser\u00e1 divertido para nenhum dos dois.<\/li>\n<li>Fique confort\u00e1vel. Esta \u00e9 a chave. Se n\u00e3o te sentes \u00e0 vontade, vai aparecer. Encontre um lugar onde possa relaxar e se sentir confort\u00e1vel.<\/li>\n<li>Solte-se. Esta \u00e9 a tua oportunidade de ser outra pessoa por uns tempos. Divirta-se com isto!<\/li>\n<li>Seja respeitoso. Lembre-se, esta ainda \u00e9 outra pessoa do outro lado da linha. Por isso, s\u00ea respeitoso e n\u00e3o digas nada que n\u00e3o queiras que te digam.<\/li>\n<li>Desligue se as coisas ficarem muito quentes. Se as coisas come\u00e7arem a aquecer demasiado, tudo bem desligar. Podes sempre ligar noutra altura.<\/li>\n<\/ol>\n<h2>Linhas de Chat de Teste Gratuito<\/h2>\n<p>Se procura uma nova forma de conhecer pessoas, as linhas de chat s\u00e3o uma \u00f3tima op\u00e7\u00e3o. Muitas linhas de chat oferecem testes gratuitos, para que possa experiment\u00e1-las antes de se comprometer. Esta \u00e9 uma \u00f3tima maneira de ver se uma linha de conversa\u00e7\u00e3o \u00e9 a certa para si. Quando ligares para uma linha de chat, estar\u00e1s ligado a uma pessoa aleat\u00f3ria. Pode conversar por alguns minutos, e depois decidir se quer se encontrar.<\/p>\n<p>H\u00e1 muitos sites de sexo telef\u00f3nico por a\u00ed, e eles podem ser uma \u00f3tima maneira de encontrar o amor. Podes encontrar algu\u00e9m com quem falar que esteja nas mesmas coisas que tu, e at\u00e9 podes encontrar algu\u00e9m que esteja \u00e0 procura de uma rela\u00e7\u00e3o s\u00e9ria. Apenas certifique-se de que tem cuidado quando est\u00e1 a usar estes sites, e que aproveita o tempo para encontrar a pessoa certa para si.<\/p>\n<h2>Chat Sexual Gr\u00e1tis<\/h2>\n<p>N\u00e3o h\u00e1 nada como ligar-se a algu\u00e9m de um n\u00edvel profundo sexualmente. O chat sexual gratuito proporciona uma oportunidade \u00fanica para fazer isso mesmo. Voc\u00ea pode conectar-se com algu\u00e9m que partilha os seus interesses sexuais e explorar seus desejos em um ambiente seguro e an\u00f3nimo. A conversa sexual gratuita \u00e9 a forma perfeita de apimentar a sua vida amorosa e aproximar-se do seu parceiro.<\/p>\n<h3>ComeWithYou<\/h3>\n<p>ComeWithYou \u00e9 uma nova aplica\u00e7\u00e3o de encontros que est\u00e1 a agitar o mundo dos encontros online. A aplica\u00e7\u00e3o permite que os utilizadores se conectem entre si usando uma chamada telef\u00f3nica, em vez de apenas atrav\u00e9s de mensagens de texto. Desta forma, os utilizadores podem realmente ouvir as vozes uns dos outros e ter uma melhor no\u00e7\u00e3o de com quem est\u00e3o a falar. A aplica\u00e7\u00e3o tamb\u00e9m oferece um servi\u00e7o de sexo por telefone gratuito, para que os utilizadores possam conhecer-se ainda melhor. A aplica\u00e7\u00e3o ainda se encontra em fase inicial, mas j\u00e1 fez um splash no mundo dos encontros online.<\/p>\n<h3>FlirtHookup<\/h3>\n<p>Se est\u00e1s \u00e0 procura de uma maneira de apimentar a tua vida sexual, n\u00e3o procures mais do que o FlirtHookup. Esta nova aplica\u00e7\u00e3o inovadora permite-lhe conectar-se com potenciais parceiros sexuais na sua \u00e1rea, e conversar sujo com eles para come\u00e7ar as coisas.<\/p>\n<p>A melhor parte sobre o FlirtHookup \u00e9 que \u00e9 completamente livre de usar. Isso significa que podes conversar com quantas pessoas quiseres, sem teres de te preocupar em assaltar o banco.<\/p>\n<p>Por isso, se procura divers\u00e3o quente e suja, baixe o FlirtHookup hoje e comece a explorar as suas fantasias mais loucas.<\/p>\n<h3>Shag<\/h3>\n<p>Se procura uma nova aplica\u00e7\u00e3o de encontros para experimentar, considere Shag. \u00c9 uma aplica\u00e7\u00e3o gratuita que permite ligar-se a potenciais partidas na sua \u00e1rea. A aplica\u00e7\u00e3o \u00e9 simples de usar e f\u00e1cil de navegar. Al\u00e9m disso, \u00e9 uma \u00f3tima maneira de conhecer pessoas novas e dar uma queca.<\/p>\n<p>Quando se trata de encontrar um encontro, o Shag \u00e9 o caminho a seguir. A aplica\u00e7\u00e3o \u00e9 gratuita para descarregar e usar. Al\u00e9m disso, \u00e9 f\u00e1cil de usar e navegar. Pode encontrar potenciais correspond\u00eancias na sua \u00e1rea de forma r\u00e1pida e f\u00e1cil. Al\u00e9m disso, a aplica\u00e7\u00e3o \u00e9 uma \u00f3tima maneira de conhecer novas pessoas e fazer sexo.<\/p>\n","protected":false},"excerpt":{"rendered":"<p>Quando se trata de namorar, sexo por telefone gratuito pode ser uma \u00f3tima maneira de come\u00e7ar as coisas. Pode ajudar&hellip;<\/p>\n","protected":false},"author":1,"featured_media":0,"parent":0,"menu_order":0,"comment_status":"closed","ping_status":"closed","template":"","meta":[],"yoast_head":"<!-- This site is optimized with the Yoast SEO plugin v17.7.1 - https:\/\/yoast.com\/wordpress\/plugins\/seo\/ -->\n<title>Sexo telef\u00f3nico gratuito - Online Dating Roba<\/title>\n<meta name=\"robots\" content=\"index, follow, max-snippet:-1, max-image-preview:large, max-video-preview:-1\" \/>\n<link rel=\"canonical\" href=\"https:\/\/sushihiroba.co.uk\/pt-pt\/sexo-telefonico-gratuito\/\" \/>\n<meta property=\"og:locale\" content=\"pt_PT\" \/>\n<meta property=\"og:type\" content=\"article\" \/>\n<meta property=\"og:title\" content=\"Sexo telef\u00f3nico gratuito - Online Dating Roba\" \/>\n<meta property=\"og:description\" content=\"Quando se trata de namorar, sexo por telefone gratuito pode ser uma \u00f3tima maneira de come\u00e7ar as coisas. Pode ajudar&hellip;\" \/>\n<meta property=\"og:url\" content=\"https:\/\/sushihiroba.co.uk\/pt-pt\/sexo-telefonico-gratuito\/\" \/>\n<meta property=\"og:site_name\" content=\"Online Dating Roba\" \/>\n<meta name=\"twitter:card\" content=\"summary_large_image\" \/>\n<meta name=\"twitter:label1\" content=\"Tempo estimado de leitura\" \/>\n\t<meta name=\"twitter:data1\" content=\"4 minutos\" \/>\n<script type=\"application\/ld+json\" class=\"yoast-schema-graph\">{\"@context\":\"https:\/\/schema.org\",\"@graph\":[{\"@type\":\"WebSite\",\"@id\":\"https:\/\/sushihiroba.co.uk\/pt-pt\/#website\",\"url\":\"https:\/\/sushihiroba.co.uk\/pt-pt\/\",\"name\":\"Online Dating Roba\",\"description\":\"Guide To Find Love\",\"potentialAction\":[{\"@type\":\"SearchAction\",\"target\":{\"@type\":\"EntryPoint\",\"urlTemplate\":\"https:\/\/sushihiroba.co.uk\/pt-pt\/?s={search_term_string}\"},\"query-input\":\"required name=search_term_string\"}],\"inLanguage\":\"pt-PT\"},{\"@type\":\"WebPage\",\"@id\":\"https:\/\/sushihiroba.co.uk\/pt-pt\/sexo-telefonico-gratuito\/#webpage\",\"url\":\"https:\/\/sushihiroba.co.uk\/pt-pt\/sexo-telefonico-gratuito\/\",\"name\":\"Sexo telef\\u00f3nico gratuito - Online Dating Roba\",\"isPartOf\":{\"@id\":\"https:\/\/sushihiroba.co.uk\/pt-pt\/#website\"},\"datePublished\":\"2022-10-10T11:12:51+00:00\",\"dateModified\":\"2022-10-10T11:12:51+00:00\",\"breadcrumb\":{\"@id\":\"https:\/\/sushihiroba.co.uk\/pt-pt\/sexo-telefonico-gratuito\/#breadcrumb\"},\"inLanguage\":\"pt-PT\",\"potentialAction\":[{\"@type\":\"ReadAction\",\"target\":[\"https:\/\/sushihiroba.co.uk\/pt-pt\/sexo-telefonico-gratuito\/\"]}]},{\"@type\":\"BreadcrumbList\",\"@id\":\"https:\/\/sushihiroba.co.uk\/pt-pt\/sexo-telefonico-gratuito\/#breadcrumb\",\"itemListElement\":[{\"@type\":\"ListItem\",\"position\":1,\"name\":\"Home\",\"item\":\"https:\/\/sushihiroba.co.uk\/pt-pt\/\"},{\"@type\":\"ListItem\",\"position\":2,\"name\":\"Sexo telef\\u00f3nico gratuito\"}]}]}<\/script>\n<!-- \/ Yoast SEO plugin. -->","yoast_head_json":{"title":"Sexo telef\u00f3nico gratuito - Online Dating Roba","robots":{"index":"index","follow":"follow","max-snippet":"max-snippet:-1","max-image-preview":"max-image-preview:large","max-video-preview":"max-video-preview:-1"},"canonical":"https:\/\/sushihiroba.co.uk\/pt-pt\/sexo-telefonico-gratuito\/","og_locale":"pt_PT","og_type":"article","og_title":"Sexo telef\u00f3nico gratuito - Online Dating Roba","og_description":"Quando se trata de namorar, sexo por telefone gratuito pode ser uma \u00f3tima maneira de come\u00e7ar as coisas. Pode ajudar&hellip;","og_url":"https:\/\/sushihiroba.co.uk\/pt-pt\/sexo-telefonico-gratuito\/","og_site_name":"Online Dating Roba","twitter_card":"summary_large_image","twitter_misc":{"Tempo estimado de leitura":"4 minutos"},"schema":{"@context":"https:\/\/schema.org","@graph":[{"@type":"WebSite","@id":"https:\/\/sushihiroba.co.uk\/pt-pt\/#website","url":"https:\/\/sushihiroba.co.uk\/pt-pt\/","name":"Online Dating Roba","description":"Guide To Find Love","potentialAction":[{"@type":"SearchAction","target":{"@type":"EntryPoint","urlTemplate":"https:\/\/sushihiroba.co.uk\/pt-pt\/?s={search_term_string}"},"query-input":"required name=search_term_string"}],"inLanguage":"pt-PT"},{"@type":"WebPage","@id":"https:\/\/sushihiroba.co.uk\/pt-pt\/sexo-telefonico-gratuito\/#webpage","url":"https:\/\/sushihiroba.co.uk\/pt-pt\/sexo-telefonico-gratuito\/","name":"Sexo telef\u00f3nico gratuito - Online Dating Roba","isPartOf":{"@id":"https:\/\/sushihiroba.co.uk\/pt-pt\/#website"},"datePublished":"2022-10-10T11:12:51+00:00","dateModified":"2022-10-10T11:12:51+00:00","breadcrumb":{"@id":"https:\/\/sushihiroba.co.uk\/pt-pt\/sexo-telefonico-gratuito\/#breadcrumb"},"inLanguage":"pt-PT","potentialAction":[{"@type":"ReadAction","target":["https:\/\/sushihiroba.co.uk\/pt-pt\/sexo-telefonico-gratuito\/"]}]},{"@type":"BreadcrumbList","@id":"https:\/\/sushihiroba.co.uk\/pt-pt\/sexo-telefonico-gratuito\/#breadcrumb","itemListElement":[{"@type":"ListItem","position":1,"name":"Home","item":"https:\/\/sushihiroba.co.uk\/pt-pt\/"},{"@type":"ListItem","position":2,"name":"Sexo telef\u00f3nico gratuito"}]}]}},"_links":{"self":[{"href":"https:\/\/sushihiroba.co.uk\/pt-pt\/wp-json\/wp\/v2\/pages\/180"}],"collection":[{"href":"https:\/\/sushihiroba.co.uk\/pt-pt\/wp-json\/wp\/v2\/pages"}],"about":[{"href":"https:\/\/sushihiroba.co.uk\/pt-pt\/wp-json\/wp\/v2\/types\/page"}],"author":[{"embeddable":true,"href":"https:\/\/sushihiroba.co.uk\/pt-pt\/wp-json\/wp\/v2\/users\/1"}],"replies":[{"embeddable":true,"href":"https:\/\/sushihiroba.co.uk\/pt-pt\/wp-json\/wp\/v2\/comments?post=180"}],"version-history":[{"count":0,"href":"https:\/\/sushihiroba.co.uk\/pt-pt\/wp-json\/wp\/v2\/pages\/180\/revisions"}],"wp:attachment":[{"href":"https:\/\/sushihiroba.co.uk\/pt-pt\/wp-json\/wp\/v2\/media?parent=180"}],"curies":[{"name":"wp","href":"https:\/\/api.w.org\/{rel}","templated":true}]}}