{"id":191,"date":"2022-10-10T12:13:39","date_gmt":"2022-10-10T11:13:39","guid":{"rendered":"http:\/\/sushihiroba.co.uk\/amigos-com-sites-de-beneficios\/"},"modified":"2022-10-10T12:13:39","modified_gmt":"2022-10-10T11:13:39","slug":"amigos-com-sites-de-beneficios","status":"publish","type":"page","link":"https:\/\/sushihiroba.co.uk\/pt-pt\/amigos-com-sites-de-beneficios\/","title":{"rendered":"Amigos com sites de benef\u00edcios"},"content":{"rendered":"<h1>Namoro local da FWB<\/h1>\n<p>N\u00e3o h\u00e1 nada como um <a href=\"http:\/\/sushihiroba.co.uk\/milf-sex-chat\/\">encontro<\/a> local. Conheces a pessoa, conheces o corpo, e sabes no que se metem. N\u00e3o h\u00e1 d\u00favidas ou d\u00favidas se eles v\u00e3o estar naquilo em que est\u00e1s metido. \u00c9 pura divers\u00e3o n\u00e3o adulterada.<\/p>\n<p>Claro que h\u00e1 algumas coisas que tens de ter em mente quando se persegue um encontro local. Em primeiro lugar, a comunica\u00e7\u00e3o \u00e9 fundamental. Tens de ser claro sobre o que procuras e com o que te sentes confort\u00e1vel. Caso contr\u00e1rio, as coisas podem ficar muito estranhas, muito r\u00e1pidas.<\/p>\n<p>Outra coisa a ter em mente \u00e9 que namorar fwb local \u00e0s vezes pode levar a algo mais. Se n\u00e3o est\u00e1s preparado para isso, ent\u00e3o \u00e9 importante estabelecer alguns limites. Caso contr\u00e1rio, podes acabar por te magoar. Mas se procura divers\u00e3o \u00e0 moda antiga, ent\u00e3o um encontro local de FWB \u00e9 definitivamente o caminho a seguir. Apenas certifique-se de comunicar e respeitar os limites uns dos outros.<\/p>\n<h2>FWB Sites<\/h2>\n<p>Existem muitos tipos diferentes de sites FWB dispon\u00edveis on-line, cada um atendendo a um tipo diferente de relacionamento. Alguns est\u00e3o orientados para aqueles que procuram uma rela\u00e7\u00e3o mais casual, enquanto outros est\u00e3o orientados para aqueles que procuram um compromisso mais s\u00e9rio. N\u00e3o importa o tipo de rela\u00e7\u00e3o que procura, deve haver um site da FWB que seja o certo para si.<\/p>\n<p>H\u00e1 uma s\u00e9rie de amigos com sites de benef\u00edcios que surgiram nos \u00faltimos anos que atendem pessoas que procuram amor. Estes sites permitem que os membros criem perfis e naveguem atrav\u00e9s dos perfis de outros membros de forma a encontrar uma correspond\u00eancia potencial. Na maioria dos casos, os membros tamb\u00e9m podem comunicar uns com os outros atrav\u00e9s do site, de modo a conhecerem-se melhor.<\/p>\n<p>Embora algumas pessoas possam hesitar em usar um site de amigos com benef\u00edcios para encontrar o amor, h\u00e1 uma s\u00e9rie de hist\u00f3rias de sucesso que sa\u00edram destes sites. Em muitos casos, as pessoas descobriram que usar um site de amigos com benef\u00edcios pode ser uma \u00f3tima maneira de conhecer novas pessoas e potencialmente encontrar o amor da sua vida.<\/p>\n<h2>Site de encontros FWB<\/h2>\n<p>H\u00e1 muitas maneiras diferentes de abordar o namoro, e um m\u00e9todo popular \u00e9 atrav\u00e9s do uso de um amigo com benef\u00edcios site de namoro. Este tipo de site pode ser uma \u00f3tima maneira de conhecer novas pessoas e conhec\u00ea-las sem a press\u00e3o de uma rela\u00e7\u00e3o comprometida. Voc\u00ea pode simplesmente desfrutar de passar tempo juntos e explorar suas op\u00e7\u00f5es sem se preocupar com o rumo das coisas.<\/p>\n<p>Claro que \u00e9 importante sermos honestos um com o outro sobre o que procuram desde o in\u00edcio. Se n\u00e3o estiveres na mesma p\u00e1gina, pode levar a algumas dificuldades na estrada. Mas se ambos s\u00e3o abertos e honestos sobre o que esperam, pode ser uma \u00f3tima maneira de conhecer algu\u00e9m novo.<\/p>\n<h3>NaughtyDate<\/h3>\n<p>A aplica\u00e7\u00e3o de encontros NaughtyDate \u00e9 uma das aplica\u00e7\u00f5es locais de namoro mais populares dispon\u00edveis hoje. Tem uma classifica\u00e7\u00e3o elevada na App Store e Google Play, e \u00e9 frequentemente descarregado pelos utilizadores. A aplica\u00e7\u00e3o permite que os utilizadores se conectem com outros utilizadores na sua \u00e1rea, e enviem e recebam mensagens. A NaughtyDate tamb\u00e9m permite que os utilizadores publiquem fotos e v\u00eddeos e vejam perfis de outros utilizadores. A aplica\u00e7\u00e3o \u00e9 gratuita para descarregar e usar, e n\u00e3o requer uma subscri\u00e7\u00e3o.<\/p>\n<h3>Geek2Geek<\/h3>\n<p>Se gosta de cultura geek, voc\u00ea vai adorar Geek2Geek, uma aplica\u00e7\u00e3o de encontros projetada para os geeks auto-proclamados. A aplica\u00e7\u00e3o \u00e9 gratuita para descarregar e usar, e \u00e9 muito f\u00e1cil de navegar. Pode navegar nos perfis por interesses ou procurar f\u00f3sforos por localiza\u00e7\u00e3o.<\/p>\n<p>Uma desvantagem para o Geek2Geek \u00e9 que n\u00e3o \u00e9 a aplica\u00e7\u00e3o mais amiga da diversidade l\u00e1 fora. A maioria dos utilizadores parecem ser brancos e masculinos, por isso, se n\u00e3o gostas disso, talvez queiras experimentar uma aplica\u00e7\u00e3o diferente.<\/p>\n<p>No geral, Geek2Geek \u00e9 um aplicativo decente para solteiros geeky. \u00c9 gratuito e relativamente f\u00e1cil de navegar, e tem uma sele\u00e7\u00e3o decente de utilizadores. Apenas esteja ciente de que n\u00e3o \u00e9 a aplica\u00e7\u00e3o mais diversificada l\u00e1 fora.<\/p>\n<h3>Kasual App<\/h3>\n<p>Se voc\u00ea est\u00e1 procurando por uma app de namoro fwb local, Kasual \u00e9 uma \u00f3tima op\u00e7\u00e3o. A aplica\u00e7\u00e3o \u00e9 f\u00e1cil de usar e tem muitas funcionalidades \u00f3timas, como a capacidade de visualizar perfis de outros utilizadores na sua \u00e1rea. A fun\u00e7\u00e3o de pesquisa tamb\u00e9m \u00e9 muito \u00fatil, permitindo-lhe encontrar potenciais correspond\u00eancias com base na sua localiza\u00e7\u00e3o. No geral, o Kasual \u00e9 uma \u00f3tima op\u00e7\u00e3o para quem procura uma aplica\u00e7\u00e3o local de encontros fwb.<\/p>\n","protected":false},"excerpt":{"rendered":"<p>Namoro local da FWB N\u00e3o h\u00e1 nada como um encontro local. Conheces a pessoa, conheces o corpo, e sabes no&hellip;<\/p>\n","protected":false},"author":1,"featured_media":0,"parent":0,"menu_order":0,"comment_status":"closed","ping_status":"closed","template":"","meta":[],"yoast_head":"<!-- This site is optimized with the Yoast SEO plugin v17.7.1 - https:\/\/yoast.com\/wordpress\/plugins\/seo\/ -->\n<title>Amigos com sites de benef\u00edcios - Online Dating Roba<\/title>\n<meta name=\"robots\" content=\"index, follow, max-snippet:-1, max-image-preview:large, max-video-preview:-1\" \/>\n<link rel=\"canonical\" href=\"https:\/\/sushihiroba.co.uk\/pt-pt\/amigos-com-sites-de-beneficios\/\" \/>\n<meta property=\"og:locale\" content=\"pt_PT\" \/>\n<meta property=\"og:type\" content=\"article\" \/>\n<meta property=\"og:title\" content=\"Amigos com sites de benef\u00edcios - Online Dating Roba\" \/>\n<meta property=\"og:description\" content=\"Namoro local da FWB N\u00e3o h\u00e1 nada como um encontro local. Conheces a pessoa, conheces o corpo, e sabes no&hellip;\" \/>\n<meta property=\"og:url\" content=\"https:\/\/sushihiroba.co.uk\/pt-pt\/amigos-com-sites-de-beneficios\/\" \/>\n<meta property=\"og:site_name\" content=\"Online Dating Roba\" \/>\n<meta name=\"twitter:card\" content=\"summary_large_image\" \/>\n<meta name=\"twitter:label1\" content=\"Tempo estimado de leitura\" \/>\n\t<meta name=\"twitter:data1\" content=\"4 minutos\" \/>\n<script type=\"application\/ld+json\" class=\"yoast-schema-graph\">{\"@context\":\"https:\/\/schema.org\",\"@graph\":[{\"@type\":\"WebSite\",\"@id\":\"https:\/\/sushihiroba.co.uk\/pt-pt\/#website\",\"url\":\"https:\/\/sushihiroba.co.uk\/pt-pt\/\",\"name\":\"Online Dating Roba\",\"description\":\"Guide To Find Love\",\"potentialAction\":[{\"@type\":\"SearchAction\",\"target\":{\"@type\":\"EntryPoint\",\"urlTemplate\":\"https:\/\/sushihiroba.co.uk\/pt-pt\/?s={search_term_string}\"},\"query-input\":\"required name=search_term_string\"}],\"inLanguage\":\"pt-PT\"},{\"@type\":\"WebPage\",\"@id\":\"https:\/\/sushihiroba.co.uk\/pt-pt\/amigos-com-sites-de-beneficios\/#webpage\",\"url\":\"https:\/\/sushihiroba.co.uk\/pt-pt\/amigos-com-sites-de-beneficios\/\",\"name\":\"Amigos com sites de benef\\u00edcios - Online Dating Roba\",\"isPartOf\":{\"@id\":\"https:\/\/sushihiroba.co.uk\/pt-pt\/#website\"},\"datePublished\":\"2022-10-10T11:13:39+00:00\",\"dateModified\":\"2022-10-10T11:13:39+00:00\",\"breadcrumb\":{\"@id\":\"https:\/\/sushihiroba.co.uk\/pt-pt\/amigos-com-sites-de-beneficios\/#breadcrumb\"},\"inLanguage\":\"pt-PT\",\"potentialAction\":[{\"@type\":\"ReadAction\",\"target\":[\"https:\/\/sushihiroba.co.uk\/pt-pt\/amigos-com-sites-de-beneficios\/\"]}]},{\"@type\":\"BreadcrumbList\",\"@id\":\"https:\/\/sushihiroba.co.uk\/pt-pt\/amigos-com-sites-de-beneficios\/#breadcrumb\",\"itemListElement\":[{\"@type\":\"ListItem\",\"position\":1,\"name\":\"Home\",\"item\":\"https:\/\/sushihiroba.co.uk\/pt-pt\/\"},{\"@type\":\"ListItem\",\"position\":2,\"name\":\"Amigos com sites de benef\\u00edcios\"}]}]}<\/script>\n<!-- \/ Yoast SEO plugin. -->","yoast_head_json":{"title":"Amigos com sites de benef\u00edcios - Online Dating Roba","robots":{"index":"index","follow":"follow","max-snippet":"max-snippet:-1","max-image-preview":"max-image-preview:large","max-video-preview":"max-video-preview:-1"},"canonical":"https:\/\/sushihiroba.co.uk\/pt-pt\/amigos-com-sites-de-beneficios\/","og_locale":"pt_PT","og_type":"article","og_title":"Amigos com sites de benef\u00edcios - Online Dating Roba","og_description":"Namoro local da FWB N\u00e3o h\u00e1 nada como um encontro local. Conheces a pessoa, conheces o corpo, e sabes no&hellip;","og_url":"https:\/\/sushihiroba.co.uk\/pt-pt\/amigos-com-sites-de-beneficios\/","og_site_name":"Online Dating Roba","twitter_card":"summary_large_image","twitter_misc":{"Tempo estimado de leitura":"4 minutos"},"schema":{"@context":"https:\/\/schema.org","@graph":[{"@type":"WebSite","@id":"https:\/\/sushihiroba.co.uk\/pt-pt\/#website","url":"https:\/\/sushihiroba.co.uk\/pt-pt\/","name":"Online Dating Roba","description":"Guide To Find Love","potentialAction":[{"@type":"SearchAction","target":{"@type":"EntryPoint","urlTemplate":"https:\/\/sushihiroba.co.uk\/pt-pt\/?s={search_term_string}"},"query-input":"required name=search_term_string"}],"inLanguage":"pt-PT"},{"@type":"WebPage","@id":"https:\/\/sushihiroba.co.uk\/pt-pt\/amigos-com-sites-de-beneficios\/#webpage","url":"https:\/\/sushihiroba.co.uk\/pt-pt\/amigos-com-sites-de-beneficios\/","name":"Amigos com sites de benef\u00edcios - Online Dating Roba","isPartOf":{"@id":"https:\/\/sushihiroba.co.uk\/pt-pt\/#website"},"datePublished":"2022-10-10T11:13:39+00:00","dateModified":"2022-10-10T11:13:39+00:00","breadcrumb":{"@id":"https:\/\/sushihiroba.co.uk\/pt-pt\/amigos-com-sites-de-beneficios\/#breadcrumb"},"inLanguage":"pt-PT","potentialAction":[{"@type":"ReadAction","target":["https:\/\/sushihiroba.co.uk\/pt-pt\/amigos-com-sites-de-beneficios\/"]}]},{"@type":"BreadcrumbList","@id":"https:\/\/sushihiroba.co.uk\/pt-pt\/amigos-com-sites-de-beneficios\/#breadcrumb","itemListElement":[{"@type":"ListItem","position":1,"name":"Home","item":"https:\/\/sushihiroba.co.uk\/pt-pt\/"},{"@type":"ListItem","position":2,"name":"Amigos com sites de benef\u00edcios"}]}]}},"_links":{"self":[{"href":"https:\/\/sushihiroba.co.uk\/pt-pt\/wp-json\/wp\/v2\/pages\/191"}],"collection":[{"href":"https:\/\/sushihiroba.co.uk\/pt-pt\/wp-json\/wp\/v2\/pages"}],"about":[{"href":"https:\/\/sushihiroba.co.uk\/pt-pt\/wp-json\/wp\/v2\/types\/page"}],"author":[{"embeddable":true,"href":"https:\/\/sushihiroba.co.uk\/pt-pt\/wp-json\/wp\/v2\/users\/1"}],"replies":[{"embeddable":true,"href":"https:\/\/sushihiroba.co.uk\/pt-pt\/wp-json\/wp\/v2\/comments?post=191"}],"version-history":[{"count":0,"href":"https:\/\/sushihiroba.co.uk\/pt-pt\/wp-json\/wp\/v2\/pages\/191\/revisions"}],"wp:attachment":[{"href":"https:\/\/sushihiroba.co.uk\/pt-pt\/wp-json\/wp\/v2\/media?parent=191"}],"curies":[{"name":"wp","href":"https:\/\/api.w.org\/{rel}","templated":true}]}}