{"id":206,"date":"2022-10-10T11:37:20","date_gmt":"2022-10-10T10:37:20","guid":{"rendered":"http:\/\/sushihiroba.co.uk\/guia-para-encontrar-datas-e-ligacoes-online\/"},"modified":"2022-10-10T11:37:20","modified_gmt":"2022-10-10T10:37:20","slug":"guia-para-encontrar-datas-e-ligacoes-online","status":"publish","type":"page","link":"https:\/\/sushihiroba.co.uk\/pt-pt\/","title":{"rendered":"Guia para encontrar datas e liga\u00e7\u00f5es online"},"content":{"rendered":"<p>Existem muitas aplica\u00e7\u00f5es de encontros por a\u00ed, mas encontrar um que voc\u00ea realmente gosta de usar nem sempre \u00e9 f\u00e1cil. Podes pensar que sabes o que queres, mas assim que come\u00e7ares a falar com pessoas online, vais perceber que n\u00e3o pensaste bem nas coisas. Felizmente, fizemos a maior parte do trabalho por si.<\/p>\n<h2>Porqu\u00ea usar uma aplica\u00e7\u00e3o de encontros?<\/h2>\n<p>Uma das raz\u00f5es pelas quais namorar apps s\u00e3o t\u00e3o populares \u00e9 porque nos permitem conectar-nos com pessoas com base nos nossos interesses &#8211; algo que nem sempre \u00e9 poss\u00edvel pessoalmente. Outra coisa que torna as aplica\u00e7\u00f5es de namoro \u00f3timas \u00e9 que nos d\u00e3o controlo sobre a quantidade de informa\u00e7\u00e3o que queremos divulgar sobre n\u00f3s mesmos. N\u00e3o h\u00e1 press\u00e3o para revelar muito sobre si ou sobre a sua vida, e isso d\u00e1-nos a liberdade de nos abrirmos.<\/p>\n<p>Outro benef\u00edcio de namorar aplicativos \u00e9 que nos ajudam a eliminar os caras peixinhos. Sabemos o que procuramos num parceiro, e normalmente podemos dizer em segundos se algu\u00e9m \u00e9 leg\u00edtimo ou n\u00e3o. Al\u00e9m disso, muitos sites de encontros oferecem filtros como localiza\u00e7\u00e3o, faixa et\u00e1ria, religi\u00e3o, etnia, etc., para que possamos reduzir o campo rapidamente. Al\u00e9m disso, aplicativos de namoro s\u00e3o convenientes. Deixam-nos conversar com pessoas sem ter de nos comprometer com nada. Isto permite-nos testar as \u00e1guas e descobrir se seremos compat\u00edveis antes de nos comprometermos com uma data completa.<\/p>\n<p>H\u00e1 muitos tipos diferentes de pessoas \u00e0 procura de amor online. Alguns querem conhecer algu\u00e9m pessoalmente; outros s\u00f3 querem conversar. E alguns n\u00e3o se importam em conhecer ningu\u00e9m. Ent\u00e3o, o que torna uma aplica\u00e7\u00e3o de namoro melhor do que outra? Usamos os nossos pr\u00f3prios dispositivos para testar cada app e descobrimos que, embora existam muitas op\u00e7\u00f5es, algumas sobressaem acima das restantes. Aqui est\u00e3o as cinco melhores aplica\u00e7\u00f5es de encontros que pode usar agora.<\/p>\n<h2>As nossas melhores avalia\u00e7\u00f5es &#8211; Qual \u00e9 a sua melhor escolha?<\/h2>\n<p>Est\u00e1s \u00e0 procura de amor ou apenas divers\u00e3o? H\u00e1 muitos aplicativos de encontros por a\u00ed, mas quais realmente se destacam da multid\u00e3o?<\/p>\n<p>Existem atualmente mais de 100 milh\u00f5es de membros em todo o mundo usando aplica\u00e7\u00f5es de namoro. Alguns deles incluem Tinder, Bumble, Happn, OkCupid, Grindr e PlentyOfFish.<\/p>\n<p>Algumas destas aplica\u00e7\u00f5es s\u00e3o gratuitas, enquanto outras requerem o pagamento. A escolha \u00e9 tua.<\/p>\n<h3>eHarmony<\/h3>\n<p>O eHarmony \u00e9 uma das v\u00e1rias aplica\u00e7\u00f5es de encontros online que se focam apenas em encontrar o amor dentro da sua faixa et\u00e1ria. Ao contr\u00e1rio de outros sites como Match.com ou OkCupid, o eHarmony foca-se em ajud\u00e1-lo a encontrar uma rela\u00e7\u00e3o duradoura. O eHarmony \u00e9 perfeito para quem procura uma liga\u00e7\u00e3o s\u00e9ria.<\/p>\n<p>H\u00e1 muitos tipos diferentes de pessoas que usam o eHarmony. Por exemplo, algumas pessoas est\u00e3o \u00e0 procura de uma aventura casual, enquanto outras preferem namorar algu\u00e9m com valores semelhantes. Outros indiv\u00edduos procuram uma rela\u00e7\u00e3o comprometida, enquanto outros s\u00f3 querem conhecer novas pessoas.<\/p>\n<p>Al\u00e9m de ser capaz de filtrar datas potenciais com base no tipo de rela\u00e7\u00e3o que procuram, o eHarmony ajuda-o a reduzir as suas op\u00e7\u00f5es com base em tra\u00e7os de personalidade. Depois de preencher um question\u00e1rio extensivo, o site gera um relat\u00f3rio detalhado que lista as suas caracter\u00edsticas. Esta informa\u00e7\u00e3o permite-lhe ver o qu\u00e3o compat\u00edvel \u00e9 com outra pessoa. Em seguida, pode escolher se deve ou n\u00e3o continuar a comunicar com o indiv\u00edduo.<\/p>\n<h3>  Dobradi\u00e7a<\/h3>\n<p>Hinge \u00e9 uma daquelas aplica\u00e7\u00f5es que parece ter sido desenhada especificamente para namorar. A aplica\u00e7\u00e3o usa intelig\u00eancia artificial para ajud\u00e1-lo a encontrar pessoas baseadas em interesses e comunh\u00f5es partilhados. Mas mesmo que seja gratuito, a Hinge oferece funcionalidades pagas que permitem passar mais r\u00e1pido e ver menos perfis por dia.<\/p>\n<p>A aplica\u00e7\u00e3o d\u00e1-lhe tr\u00eas maneiras diferentes de interagir com datas potenciais: Swipe Right, Swipe Left e Like\/Dislike. Se queres que um jogo aconte\u00e7a, tens de escolher ativamente o que queres dizer. Pode escrever algo ou usar respostas pr\u00e9-escritas.<\/p>\n<p>Se decidir escrever algo, pode selecionar cinco t\u00f3picos para discutir com a sua data. Estes incluem coisas como viagens, comida, livros, filmes, m\u00fasica e esportes. Depois de ter escolhido o seu t\u00f3pico, pode adicionar algumas palavras-chave para reduzir a sua pesquisa. Por exemplo, posso procurar pessoas interessadas em viajar para Nova Iorque. Ent\u00e3o posso limitar a minha busca a pessoas num raio de 80 km de Manhattan. N\u00e3o h\u00e1 limites para onde vives, mas n\u00e3o podes restringir as tuas pesquisas a certos estados ou pa\u00edses.<\/p>\n<p>Tamb\u00e9m pode filtrar os seus jogos por idade, sexo, estado de relacionamento e localiza\u00e7\u00e3o. Isto torna muito mais f\u00e1cil encontrar parceiros compat\u00edveis.<\/p>\n<h3>  Rio Tinder<\/h3>\n<p>O Tinder \u00e9 a aplica\u00e7\u00e3o de encontros mais popular entre os millennials. E apesar de muitos jovens adultos serem r\u00e1pidos a descartar a app como uma forma de conhecer estranhos para sexo casual, existem na verdade algumas raz\u00f5es leg\u00edtimas para que possa valer a pena verificar.<\/p>\n<p>A aplica\u00e7\u00e3o \u00e9 muito simples de usar, e \u00e9 gratuita. Basta passar para a esquerda ou para a direita em perfis baseados em gostar ou n\u00e3o da pessoa. Se gostarem um do outro, ver\u00e3o as informa\u00e7\u00f5es de perfil um do outro &#8211; incluindo onde trabalham, quais s\u00e3o os seus passatempos e at\u00e9 as suas bandas favoritas.<\/p>\n<p>Mas como o Tinder n\u00e3o \u00e9 projetado para relacionamentos a longo prazo, \u00e9 mais adequado para se encontrar com amigos e se divertir. Ainda assim, \u00e9 poss\u00edvel encontrar um parceiro aqui tamb\u00e9m.<\/p>\n<h3>Rio Bumble<\/h3>\n<p>Se procura uma aplica\u00e7\u00e3o de encontros onde os homens s\u00e3o for\u00e7ados a dar o primeiro passo, n\u00e3o procure mais do que Bumble. A aplica\u00e7\u00e3o de encontros, lan\u00e7ada em 2013, \u00e9 essencialmente o Tinder para mulheres. Se os rapazes n\u00e3o lhe enviarem mensagens dentro de 24 horas, ela \u00e9 acompanhada por outro homem. E se n\u00e3o responder dentro de 24 horas, perder\u00e1 a oportunidade.<\/p>\n<p>A ideia por tr\u00e1s da app \u00e9 simples: encoraja as mulheres a iniciar o contacto e d\u00e1 aos homens menos controlo sobre o processo. Mas o que torna o Bumble \u00fanico \u00e9 como obriga os homens a esperar enquanto as mulheres decidem se querem ou n\u00e3o falar com ele.<\/p>\n<p>Depois de ter sido lan\u00e7ado em 2013, Bumble rapidamente se tornou popular entre os jovens adultos. Na verdade, a aplica\u00e7\u00e3o conta com quase 20 milh\u00f5es de utilizadores ativos mensais, tornando-se a segunda aplica\u00e7\u00e3o de namoro mais usada no mundo.<\/p>\n<h3>Caf\u00e9 encontra Bagel<\/h3>\n<p>A mais recente aplica\u00e7\u00e3o de encontros a chegar ao mercado chama-se Coffee Meets Bagel. Embora haja muitas op\u00e7\u00f5es l\u00e1 fora, Coffee Meets Bagle leva as coisas numa dire\u00e7\u00e3o diferente. Em vez de ter utilizadores a passar para a esquerda ou para a direita, usa um m\u00e9todo diferente onde ambas as partes devem aprovar-se umas \u00e0s outras antes de um jogo acontecer.<\/p>\n<p>Embora isto pare\u00e7a \u00f3timo em teoria, significa que est\u00e1s limitado a conversar com pessoas dentro de sete dias. Isto pode levar a conversas embara\u00e7osas enquanto tentas encontrar algu\u00e9m que partilhe os teus interesses.<\/p>\n<p>Al\u00e9m da janela de sete dias, a sec\u00e7\u00e3o de perfil do Coffee Meets Bagles n\u00e3o \u00e9 exatamente o que se pode chamar de minuciosa. N\u00e3o h\u00e1 como ver quantos gostos uma pessoa recebeu ou quais s\u00e3o os seus filmes favoritos ou programas de TV. Mas a boa not\u00edcia \u00e9 que o site fornece informa\u00e7\u00f5es extensivas sobre potenciais partidas. Aprender\u00e1 tudo, quer tenham sido solteiros ou participados em relacionamentos online at\u00e9 \u00e0 sua faixa et\u00e1ria.<\/p>\n<h3>Pensamentos Finais<\/h3>\n<p>Em conclus\u00e3o, se procura um bom site de encontros online com uma grande base de dados, ent\u00e3o o Tinder \u00e9 a melhor escolha. O site oferece uma ampla gama de funcionalidades, tais como salas de chat, chat de v\u00eddeo webcam, e-mail, mensagens instant\u00e2neas, f\u00f3runs, blogs, etc. Se voc\u00ea est\u00e1 procurando um site de encontros gratuito ou um site de encontros pagos, ent\u00e3o voc\u00ea pode experimentar ambos os sites. Vai encontrar muitas pessoas que querem se juntar e dar uma queca.<\/p>\n<p>Seguindo o nosso conselho, esperamos que encontre o que precisa e desfrute de uma experi\u00eancia de namoro saud\u00e1vel.<\/p>\n","protected":false},"excerpt":{"rendered":"<p>Existem muitas aplica\u00e7\u00f5es de encontros por a\u00ed, mas encontrar um que voc\u00ea realmente gosta de usar nem sempre \u00e9 f\u00e1cil.&hellip;<\/p>\n","protected":false},"author":1,"featured_media":123,"parent":0,"menu_order":0,"comment_status":"closed","ping_status":"closed","template":"","meta":[],"yoast_head":"<!-- This site is optimized with the Yoast SEO plugin v17.7.1 - https:\/\/yoast.com\/wordpress\/plugins\/seo\/ -->\n<title>Guia para encontrar datas e liga\u00e7\u00f5es online - Online Dating Roba<\/title>\n<meta name=\"robots\" content=\"index, follow, max-snippet:-1, max-image-preview:large, max-video-preview:-1\" \/>\n<link rel=\"canonical\" href=\"https:\/\/sushihiroba.co.uk\/pt-pt\/\" \/>\n<meta property=\"og:locale\" content=\"pt_PT\" \/>\n<meta property=\"og:type\" content=\"article\" \/>\n<meta property=\"og:title\" content=\"Guia para encontrar datas e liga\u00e7\u00f5es online - Online Dating Roba\" \/>\n<meta property=\"og:description\" content=\"Existem muitas aplica\u00e7\u00f5es de encontros por a\u00ed, mas encontrar um que voc\u00ea realmente gosta de usar nem sempre \u00e9 f\u00e1cil.&hellip;\" \/>\n<meta property=\"og:url\" content=\"https:\/\/sushihiroba.co.uk\/pt-pt\/\" \/>\n<meta property=\"og:site_name\" content=\"Online Dating Roba\" \/>\n<meta property=\"og:image\" content=\"https:\/\/sushihiroba.co.uk\/wp-content\/uploads\/2022\/10\/local-dating-apps-for-singles.jpeg\" \/>\n\t<meta property=\"og:image:width\" content=\"500\" \/>\n\t<meta property=\"og:image:height\" content=\"333\" \/>\n<meta name=\"twitter:card\" content=\"summary_large_image\" \/>\n<meta name=\"twitter:label1\" content=\"Tempo estimado de leitura\" \/>\n\t<meta name=\"twitter:data1\" content=\"7 minutos\" \/>\n<script type=\"application\/ld+json\" class=\"yoast-schema-graph\">{\"@context\":\"https:\/\/schema.org\",\"@graph\":[{\"@type\":\"WebSite\",\"@id\":\"https:\/\/sushihiroba.co.uk\/pt-pt\/#website\",\"url\":\"https:\/\/sushihiroba.co.uk\/pt-pt\/\",\"name\":\"Online Dating Roba\",\"description\":\"Guide To Find Love\",\"potentialAction\":[{\"@type\":\"SearchAction\",\"target\":{\"@type\":\"EntryPoint\",\"urlTemplate\":\"https:\/\/sushihiroba.co.uk\/pt-pt\/?s={search_term_string}\"},\"query-input\":\"required name=search_term_string\"}],\"inLanguage\":\"pt-PT\"},{\"@type\":\"ImageObject\",\"@id\":\"https:\/\/sushihiroba.co.uk\/pt-pt\/#primaryimage\",\"inLanguage\":\"pt-PT\",\"url\":\"https:\/\/sushihiroba.co.uk\/wp-content\/uploads\/2022\/10\/local-dating-apps-for-singles.jpeg\",\"contentUrl\":\"https:\/\/sushihiroba.co.uk\/wp-content\/uploads\/2022\/10\/local-dating-apps-for-singles.jpeg\",\"width\":500,\"height\":333},{\"@type\":\"WebPage\",\"@id\":\"https:\/\/sushihiroba.co.uk\/pt-pt\/#webpage\",\"url\":\"https:\/\/sushihiroba.co.uk\/pt-pt\/\",\"name\":\"Guia para encontrar datas e liga\\u00e7\\u00f5es online - Online Dating Roba\",\"isPartOf\":{\"@id\":\"https:\/\/sushihiroba.co.uk\/pt-pt\/#website\"},\"primaryImageOfPage\":{\"@id\":\"https:\/\/sushihiroba.co.uk\/pt-pt\/#primaryimage\"},\"datePublished\":\"2022-10-10T10:37:20+00:00\",\"dateModified\":\"2022-10-10T10:37:20+00:00\",\"breadcrumb\":{\"@id\":\"https:\/\/sushihiroba.co.uk\/pt-pt\/#breadcrumb\"},\"inLanguage\":\"pt-PT\",\"potentialAction\":[{\"@type\":\"ReadAction\",\"target\":[\"https:\/\/sushihiroba.co.uk\/pt-pt\/\"]}]},{\"@type\":\"BreadcrumbList\",\"@id\":\"https:\/\/sushihiroba.co.uk\/pt-pt\/#breadcrumb\",\"itemListElement\":[{\"@type\":\"ListItem\",\"position\":1,\"name\":\"Home\",\"item\":\"https:\/\/sushihiroba.co.uk\/pt-pt\/\"},{\"@type\":\"ListItem\",\"position\":2,\"name\":\"Guia para encontrar datas e liga\\u00e7\\u00f5es online\"}]}]}<\/script>\n<!-- \/ Yoast SEO plugin. -->","yoast_head_json":{"title":"Guia para encontrar datas e liga\u00e7\u00f5es online - Online Dating Roba","robots":{"index":"index","follow":"follow","max-snippet":"max-snippet:-1","max-image-preview":"max-image-preview:large","max-video-preview":"max-video-preview:-1"},"canonical":"https:\/\/sushihiroba.co.uk\/pt-pt\/","og_locale":"pt_PT","og_type":"article","og_title":"Guia para encontrar datas e liga\u00e7\u00f5es online - Online Dating Roba","og_description":"Existem muitas aplica\u00e7\u00f5es de encontros por a\u00ed, mas encontrar um que voc\u00ea realmente gosta de usar nem sempre \u00e9 f\u00e1cil.&hellip;","og_url":"https:\/\/sushihiroba.co.uk\/pt-pt\/","og_site_name":"Online Dating Roba","og_image":[{"width":500,"height":333,"url":"https:\/\/sushihiroba.co.uk\/wp-content\/uploads\/2022\/10\/local-dating-apps-for-singles.jpeg","type":"image\/jpeg"}],"twitter_card":"summary_large_image","twitter_misc":{"Tempo estimado de leitura":"7 minutos"},"schema":{"@context":"https:\/\/schema.org","@graph":[{"@type":"WebSite","@id":"https:\/\/sushihiroba.co.uk\/pt-pt\/#website","url":"https:\/\/sushihiroba.co.uk\/pt-pt\/","name":"Online Dating Roba","description":"Guide To Find Love","potentialAction":[{"@type":"SearchAction","target":{"@type":"EntryPoint","urlTemplate":"https:\/\/sushihiroba.co.uk\/pt-pt\/?s={search_term_string}"},"query-input":"required name=search_term_string"}],"inLanguage":"pt-PT"},{"@type":"ImageObject","@id":"https:\/\/sushihiroba.co.uk\/pt-pt\/#primaryimage","inLanguage":"pt-PT","url":"https:\/\/sushihiroba.co.uk\/wp-content\/uploads\/2022\/10\/local-dating-apps-for-singles.jpeg","contentUrl":"https:\/\/sushihiroba.co.uk\/wp-content\/uploads\/2022\/10\/local-dating-apps-for-singles.jpeg","width":500,"height":333},{"@type":"WebPage","@id":"https:\/\/sushihiroba.co.uk\/pt-pt\/#webpage","url":"https:\/\/sushihiroba.co.uk\/pt-pt\/","name":"Guia para encontrar datas e liga\u00e7\u00f5es online - Online Dating Roba","isPartOf":{"@id":"https:\/\/sushihiroba.co.uk\/pt-pt\/#website"},"primaryImageOfPage":{"@id":"https:\/\/sushihiroba.co.uk\/pt-pt\/#primaryimage"},"datePublished":"2022-10-10T10:37:20+00:00","dateModified":"2022-10-10T10:37:20+00:00","breadcrumb":{"@id":"https:\/\/sushihiroba.co.uk\/pt-pt\/#breadcrumb"},"inLanguage":"pt-PT","potentialAction":[{"@type":"ReadAction","target":["https:\/\/sushihiroba.co.uk\/pt-pt\/"]}]},{"@type":"BreadcrumbList","@id":"https:\/\/sushihiroba.co.uk\/pt-pt\/#breadcrumb","itemListElement":[{"@type":"ListItem","position":1,"name":"Home","item":"https:\/\/sushihiroba.co.uk\/pt-pt\/"},{"@type":"ListItem","position":2,"name":"Guia para encontrar datas e liga\u00e7\u00f5es online"}]}]}},"_links":{"self":[{"href":"https:\/\/sushihiroba.co.uk\/pt-pt\/wp-json\/wp\/v2\/pages\/206"}],"collection":[{"href":"https:\/\/sushihiroba.co.uk\/pt-pt\/wp-json\/wp\/v2\/pages"}],"about":[{"href":"https:\/\/sushihiroba.co.uk\/pt-pt\/wp-json\/wp\/v2\/types\/page"}],"author":[{"embeddable":true,"href":"https:\/\/sushihiroba.co.uk\/pt-pt\/wp-json\/wp\/v2\/users\/1"}],"replies":[{"embeddable":true,"href":"https:\/\/sushihiroba.co.uk\/pt-pt\/wp-json\/wp\/v2\/comments?post=206"}],"version-history":[{"count":0,"href":"https:\/\/sushihiroba.co.uk\/pt-pt\/wp-json\/wp\/v2\/pages\/206\/revisions"}],"wp:featuredmedia":[{"embeddable":true,"href":"https:\/\/sushihiroba.co.uk\/pt-pt\/wp-json\/wp\/v2\/media\/123"}],"wp:attachment":[{"href":"https:\/\/sushihiroba.co.uk\/pt-pt\/wp-json\/wp\/v2\/media?parent=206"}],"curies":[{"name":"wp","href":"https:\/\/api.w.org\/{rel}","templated":true}]}}