{"id":130,"date":"2022-10-10T12:13:39","date_gmt":"2022-10-10T11:13:39","guid":{"rendered":"http:\/\/sushihiroba.co.uk\/vanner-med-fordelar-webbplatser\/"},"modified":"2022-10-10T12:13:39","modified_gmt":"2022-10-10T11:13:39","slug":"vanner-med-fordelar-webbplatser","status":"publish","type":"page","link":"https:\/\/sushihiroba.co.uk\/sv\/vanner-med-fordelar-webbplatser\/","title":{"rendered":"V\u00e4nner med f\u00f6rdelar webbplatser"},"content":{"rendered":"<h1>Lokal FWB Dating<\/h1>\n<p>Det finns inget som en lokal <a href=\"http:\/\/sushihiroba.co.uk\/sv\/milf-sex-chatt\/\">fwb-dejting<\/a>. Du k\u00e4nner personen, du k\u00e4nner deras kropp och du vet vad de gillar. Det g\u00e5r inte att gissa eller undra om de kommer att vara med p\u00e5 det du gillar. Det \u00e4r bara rent, of\u00f6rfalskat kul.<\/p>\n<p>Naturligtvis finns det n\u00e5gra saker du m\u00e5ste t\u00e4nka p\u00e5 n\u00e4r du bedriver en lokal fwb-dejting. F\u00f6rst och fr\u00e4mst \u00e4r kommunikation nyckeln. Du m\u00e5ste vara tydlig med vad du letar efter och vad du \u00e4r bekv\u00e4m med. Annars kan det bli ganska besv\u00e4rligt, ganska snabbt.<\/p>\n<p>En annan sak att t\u00e4nka p\u00e5 \u00e4r att lokal fwb-dejting ibland kan leda till n\u00e5got mer. Om du inte \u00e4r redo f\u00f6r det \u00e4r det viktigt att s\u00e4tta n\u00e5gra gr\u00e4nser. Annars kan du bli skadad. Men om du letar efter lite bra, gammaldags kul, \u00e4r en lokal fwb-dejting definitivt v\u00e4gen att g\u00e5. Se bara till att kommunicera och respektera varandras gr\u00e4nser.<\/p>\n<h2>FWB-webbplatser<\/h2>\n<p>Det finns m\u00e5nga olika typer av FWB-webbplatser tillg\u00e4ngliga online, var och en catering till en annan typ av relation. Vissa \u00e4r inriktade p\u00e5 dem som letar efter ett mer avslappnat f\u00f6rh\u00e5llande, medan andra \u00e4r inriktade p\u00e5 dem som letar efter ett mer seri\u00f6st engagemang. Oavsett vilken typ av relation du letar efter finns det troligen en FWB-webbplats som passar dig.<\/p>\n<p>Det finns ett antal v\u00e4nner med f\u00f6rdelar webbplatser som har dykt upp de senaste \u00e5ren som tillgodoser m\u00e4nniskor som letar efter k\u00e4rlek. Dessa webbplatser till\u00e5ter medlemmar att skapa profiler och bl\u00e4ddra igenom andra medlemmars profiler f\u00f6r att hitta en potentiell matchning. I de flesta fall kan medlemmar ocks\u00e5 kommunicera med varandra via webbplatsen f\u00f6r att l\u00e4ra k\u00e4nna varandra b\u00e4ttre.<\/p>\n<p>Medan vissa m\u00e4nniskor kan vara tveksamma till att anv\u00e4nda en webbplats f\u00f6r v\u00e4nner med f\u00f6rdelar f\u00f6r att hitta k\u00e4rlek, finns det ett antal framg\u00e5ngshistorier som har kommit ut fr\u00e5n dessa webbplatser. I m\u00e5nga fall har m\u00e4nniskor funnit att anv\u00e4nda en webbplats f\u00f6r v\u00e4nner med f\u00f6rm\u00e5ner kan vara ett bra s\u00e4tt att tr\u00e4ffa nya m\u00e4nniskor och potentiellt hitta sitt livs k\u00e4rlek.<\/p>\n<h2>FWB dejtingsajt<\/h2>\n<p>Det finns m\u00e5nga olika s\u00e4tt att n\u00e4rma sig dejting, och en popul\u00e4r metod \u00e4r genom att anv\u00e4nda en v\u00e4n med f\u00f6rdelar dejtingsajt. Denna typ av webbplats kan vara ett bra s\u00e4tt att tr\u00e4ffa nya m\u00e4nniskor och l\u00e4ra k\u00e4nna dem utan press fr\u00e5n ett engagerat f\u00f6rh\u00e5llande. Du kan helt enkelt njuta av att spendera tid tillsammans och utforska dina alternativ utan att oroa dig f\u00f6r vart saker g\u00e5r.<\/p>\n<p>Sj\u00e4lvklart \u00e4r det viktigt att vara \u00e4rliga mot varandra om vad man letar efter fr\u00e5n b\u00f6rjan. Om du inte \u00e4r p\u00e5 samma sida kan det leda till vissa sv\u00e5righeter p\u00e5 v\u00e4gen. Men om du \u00e4r b\u00e5de \u00f6ppen och \u00e4rlig om vad du hoppas p\u00e5 kan det vara ett bra s\u00e4tt att l\u00e4ra k\u00e4nna n\u00e5gon ny.<\/p>\n<h3>Styggt datum<\/h3>\n<p>NaughtyDate dejtingapp \u00e4r en av de mest popul\u00e4ra lokala fwb-dejtingapparna som finns tillg\u00e4ngliga idag. Den har ett h\u00f6gt betyg i App Store och Google Play och laddas ofta ner av anv\u00e4ndare. Appen till\u00e5ter anv\u00e4ndare att ansluta till andra anv\u00e4ndare i sitt omr\u00e5de och skicka och ta emot meddelanden. NaughtyDate till\u00e5ter ocks\u00e5 anv\u00e4ndare att l\u00e4gga upp foton och videor och visa profiler f\u00f6r andra anv\u00e4ndare. Appen \u00e4r gratis att ladda ner och anv\u00e4nda och kr\u00e4ver ingen prenumeration.<\/p>\n<h3>Geek2Geek<\/h3>\n<p>Om du gillar n\u00f6rdkultur kommer du att \u00e4lska Geek2Geek, en dejtingsapp designad f\u00f6r sj\u00e4lvutn\u00e4mnda n\u00f6rdar. Appen \u00e4r gratis att ladda ner och anv\u00e4nda, och den \u00e4r ganska l\u00e4tt att navigera. Du kan bl\u00e4ddra bland profiler efter intressen eller s\u00f6ka efter matchningar efter plats.<\/p>\n<p>En nackdel med Geek2Geek \u00e4r att det inte \u00e4r den mest m\u00e5ngfaldsv\u00e4nliga appen d\u00e4r ute. De flesta anv\u00e4ndare verkar vara vita och manliga, s\u00e5 om du inte gillar det kanske du vill prova en annan app.<\/p>\n<p>Sammantaget \u00e4r Geek2Geek en anst\u00e4ndig app f\u00f6r n\u00f6rdiga singlar. Det \u00e4r gratis att anv\u00e4nda och relativt l\u00e4tt att navigera, och det har ett anst\u00e4ndigt urval av anv\u00e4ndare. Var bara medveten om att det inte \u00e4r den mest m\u00e5ngsidiga appen d\u00e4r ute.<\/p>\n<h3>Kasual-appen<\/h3>\n<p>Om du letar efter en lokal fwb-dejtingsapp \u00e4r Kasual ett bra alternativ. Appen \u00e4r enkel att anv\u00e4nda och har m\u00e5nga fantastiska funktioner, som m\u00f6jligheten att visa profiler f\u00f6r andra anv\u00e4ndare i ditt omr\u00e5de. S\u00f6kfunktionen \u00e4r ocks\u00e5 till stor hj\u00e4lp, s\u00e5 att du kan hitta potentiella matchningar baserat p\u00e5 din plats. Sammantaget \u00e4r Kasual ett bra alternativ f\u00f6r dem som letar efter en lokal fwb-dejtingsapp.<\/p>\n","protected":false},"excerpt":{"rendered":"<p>Lokal FWB Dating Det finns inget som en lokal fwb-dejting. Du k\u00e4nner personen, du k\u00e4nner deras kropp och du vet&hellip;<\/p>\n","protected":false},"author":1,"featured_media":0,"parent":0,"menu_order":0,"comment_status":"closed","ping_status":"closed","template":"","meta":[],"yoast_head":"<!-- This site is optimized with the Yoast SEO plugin v17.7.1 - https:\/\/yoast.com\/wordpress\/plugins\/seo\/ -->\n<title>V\u00e4nner med f\u00f6rdelar webbplatser - Online Dating Roba<\/title>\n<meta name=\"robots\" content=\"index, follow, max-snippet:-1, max-image-preview:large, max-video-preview:-1\" \/>\n<link rel=\"canonical\" href=\"https:\/\/sushihiroba.co.uk\/sv\/vanner-med-fordelar-webbplatser\/\" \/>\n<meta property=\"og:locale\" content=\"sv_SE\" \/>\n<meta property=\"og:type\" content=\"article\" \/>\n<meta property=\"og:title\" content=\"V\u00e4nner med f\u00f6rdelar webbplatser - Online Dating Roba\" \/>\n<meta property=\"og:description\" content=\"Lokal FWB Dating Det finns inget som en lokal fwb-dejting. Du k\u00e4nner personen, du k\u00e4nner deras kropp och du vet&hellip;\" \/>\n<meta property=\"og:url\" content=\"https:\/\/sushihiroba.co.uk\/sv\/vanner-med-fordelar-webbplatser\/\" \/>\n<meta property=\"og:site_name\" content=\"Online Dating Roba\" \/>\n<meta name=\"twitter:card\" content=\"summary_large_image\" \/>\n<meta name=\"twitter:label1\" content=\"Ber\u00e4knad l\u00e4stid\" \/>\n\t<meta name=\"twitter:data1\" content=\"4 minuter\" \/>\n<script type=\"application\/ld+json\" class=\"yoast-schema-graph\">{\"@context\":\"https:\/\/schema.org\",\"@graph\":[{\"@type\":\"WebSite\",\"@id\":\"https:\/\/sushihiroba.co.uk\/sv\/#website\",\"url\":\"https:\/\/sushihiroba.co.uk\/sv\/\",\"name\":\"Online Dating Roba\",\"description\":\"Guide To Find Love\",\"potentialAction\":[{\"@type\":\"SearchAction\",\"target\":{\"@type\":\"EntryPoint\",\"urlTemplate\":\"https:\/\/sushihiroba.co.uk\/sv\/?s={search_term_string}\"},\"query-input\":\"required name=search_term_string\"}],\"inLanguage\":\"sv-SE\"},{\"@type\":\"WebPage\",\"@id\":\"https:\/\/sushihiroba.co.uk\/sv\/vanner-med-fordelar-webbplatser\/#webpage\",\"url\":\"https:\/\/sushihiroba.co.uk\/sv\/vanner-med-fordelar-webbplatser\/\",\"name\":\"V\\u00e4nner med f\\u00f6rdelar webbplatser - Online Dating Roba\",\"isPartOf\":{\"@id\":\"https:\/\/sushihiroba.co.uk\/sv\/#website\"},\"datePublished\":\"2022-10-10T11:13:39+00:00\",\"dateModified\":\"2022-10-10T11:13:39+00:00\",\"breadcrumb\":{\"@id\":\"https:\/\/sushihiroba.co.uk\/sv\/vanner-med-fordelar-webbplatser\/#breadcrumb\"},\"inLanguage\":\"sv-SE\",\"potentialAction\":[{\"@type\":\"ReadAction\",\"target\":[\"https:\/\/sushihiroba.co.uk\/sv\/vanner-med-fordelar-webbplatser\/\"]}]},{\"@type\":\"BreadcrumbList\",\"@id\":\"https:\/\/sushihiroba.co.uk\/sv\/vanner-med-fordelar-webbplatser\/#breadcrumb\",\"itemListElement\":[{\"@type\":\"ListItem\",\"position\":1,\"name\":\"Home\",\"item\":\"http:\/\/sushihiroba.co.uk\/sv\/\"},{\"@type\":\"ListItem\",\"position\":2,\"name\":\"V\\u00e4nner med f\\u00f6rdelar webbplatser\"}]}]}<\/script>\n<!-- \/ Yoast SEO plugin. -->","yoast_head_json":{"title":"V\u00e4nner med f\u00f6rdelar webbplatser - Online Dating Roba","robots":{"index":"index","follow":"follow","max-snippet":"max-snippet:-1","max-image-preview":"max-image-preview:large","max-video-preview":"max-video-preview:-1"},"canonical":"https:\/\/sushihiroba.co.uk\/sv\/vanner-med-fordelar-webbplatser\/","og_locale":"sv_SE","og_type":"article","og_title":"V\u00e4nner med f\u00f6rdelar webbplatser - Online Dating Roba","og_description":"Lokal FWB Dating Det finns inget som en lokal fwb-dejting. Du k\u00e4nner personen, du k\u00e4nner deras kropp och du vet&hellip;","og_url":"https:\/\/sushihiroba.co.uk\/sv\/vanner-med-fordelar-webbplatser\/","og_site_name":"Online Dating Roba","twitter_card":"summary_large_image","twitter_misc":{"Ber\u00e4knad l\u00e4stid":"4 minuter"},"schema":{"@context":"https:\/\/schema.org","@graph":[{"@type":"WebSite","@id":"https:\/\/sushihiroba.co.uk\/sv\/#website","url":"https:\/\/sushihiroba.co.uk\/sv\/","name":"Online Dating Roba","description":"Guide To Find Love","potentialAction":[{"@type":"SearchAction","target":{"@type":"EntryPoint","urlTemplate":"https:\/\/sushihiroba.co.uk\/sv\/?s={search_term_string}"},"query-input":"required name=search_term_string"}],"inLanguage":"sv-SE"},{"@type":"WebPage","@id":"https:\/\/sushihiroba.co.uk\/sv\/vanner-med-fordelar-webbplatser\/#webpage","url":"https:\/\/sushihiroba.co.uk\/sv\/vanner-med-fordelar-webbplatser\/","name":"V\u00e4nner med f\u00f6rdelar webbplatser - Online Dating Roba","isPartOf":{"@id":"https:\/\/sushihiroba.co.uk\/sv\/#website"},"datePublished":"2022-10-10T11:13:39+00:00","dateModified":"2022-10-10T11:13:39+00:00","breadcrumb":{"@id":"https:\/\/sushihiroba.co.uk\/sv\/vanner-med-fordelar-webbplatser\/#breadcrumb"},"inLanguage":"sv-SE","potentialAction":[{"@type":"ReadAction","target":["https:\/\/sushihiroba.co.uk\/sv\/vanner-med-fordelar-webbplatser\/"]}]},{"@type":"BreadcrumbList","@id":"https:\/\/sushihiroba.co.uk\/sv\/vanner-med-fordelar-webbplatser\/#breadcrumb","itemListElement":[{"@type":"ListItem","position":1,"name":"Home","item":"http:\/\/sushihiroba.co.uk\/sv\/"},{"@type":"ListItem","position":2,"name":"V\u00e4nner med f\u00f6rdelar webbplatser"}]}]}},"_links":{"self":[{"href":"https:\/\/sushihiroba.co.uk\/sv\/wp-json\/wp\/v2\/pages\/130"}],"collection":[{"href":"https:\/\/sushihiroba.co.uk\/sv\/wp-json\/wp\/v2\/pages"}],"about":[{"href":"https:\/\/sushihiroba.co.uk\/sv\/wp-json\/wp\/v2\/types\/page"}],"author":[{"embeddable":true,"href":"https:\/\/sushihiroba.co.uk\/sv\/wp-json\/wp\/v2\/users\/1"}],"replies":[{"embeddable":true,"href":"https:\/\/sushihiroba.co.uk\/sv\/wp-json\/wp\/v2\/comments?post=130"}],"version-history":[{"count":0,"href":"https:\/\/sushihiroba.co.uk\/sv\/wp-json\/wp\/v2\/pages\/130\/revisions"}],"wp:attachment":[{"href":"https:\/\/sushihiroba.co.uk\/sv\/wp-json\/wp\/v2\/media?parent=130"}],"curies":[{"name":"wp","href":"https:\/\/api.w.org\/{rel}","templated":true}]}}