{"id":163,"date":"2022-10-10T12:14:24","date_gmt":"2022-10-10T11:14:24","guid":{"rendered":"http:\/\/sushihiroba.co.uk\/nord-dejtingsajter\/"},"modified":"2022-10-10T12:14:24","modified_gmt":"2022-10-10T11:14:24","slug":"nord-dejtingsajter","status":"publish","type":"page","link":"https:\/\/sushihiroba.co.uk\/sv\/nord-dejtingsajter\/","title":{"rendered":"N\u00f6rd dejtingsajter"},"content":{"rendered":"<p>Det finns ingen anledning att vara nerv\u00f6s f\u00f6r &#8221;n\u00f6rddejting&#8221;. Kom f\u00f6rst ih\u00e5g att n\u00f6rdiga killar \u00e4r precis som alla andra killar n\u00e4r det g\u00e4ller att ansluta. De letar efter samma sak som du: n\u00e5gon att ha det bra med. F\u00f6r det andra, var inte r\u00e4dd f\u00f6r att visa din n\u00f6rdiga sida. Killar tycker att intelligens och en k\u00e4rlek till att l\u00e4ra sig sexigt, s\u00e5 l\u00e5t din n\u00f6rdflagga flyga! Slutligen, var inte r\u00e4dd f\u00f6r att g\u00f6ra det f\u00f6rsta steget. N\u00f6rdiga killar \u00e4r ofta blyga, s\u00e5 det \u00e4r upp till dig att ta ansvar och fr\u00e5ga ut honom. Med dessa tips \u00e4r du s\u00e4ker p\u00e5 att ha en fantastisk tid &#8221;n\u00f6rd dejting!&#8221;<\/p>\n<h2>Dejta en n\u00f6rd<\/h2>\n<p>Letar du efter en dejt som \u00e4r lite av en n\u00f6rd? Leta sedan inte l\u00e4ngre \u00e4n din lokala n\u00f6rdbar eller online dejtingsajt. H\u00e4r \u00e4r n\u00e5gra tips om hur du tr\u00e4ffar en n\u00f6rd.<\/p>\n<ul>\n<li>Var beredd p\u00e5 n\u00e5gra intensiva samtal. N\u00f6rdar \u00e4lskar att prata om sina intressen, s\u00e5 var beredd att diskutera allt fr\u00e5n den senaste serietidningsfilmen till det senaste videospelet.<\/li>\n<li>Ha t\u00e5lamod. N\u00f6rdar kan vara lite blyga i b\u00f6rjan, s\u00e5 det kan ta lite tid f\u00f6r dem att \u00f6ppna sig f\u00f6r dig.<\/li>\n<li>\u00c4rligt talat. N\u00f6rdar uppskattar \u00e4rlighet, s\u00e5 f\u00f6rs\u00f6k inte fejka dig igenom en konversation. Om du inte \u00e4r intresserad av samma saker, var bara p\u00e5 f\u00f6rhand om det.<\/li>\n<li>Var flexibel. N\u00f6rdar kan vara ganska inst\u00e4llda p\u00e5 sina s\u00e4tt, s\u00e5 det \u00e4r viktigt att vara flexibel n\u00e4r det g\u00e4ller planer. Om ditt datum vill stanna kvar och spela videospel hela natten, g\u00e5 med det.<\/li>\n<li>Var dig sj\u00e4lv. N\u00f6rdar lockas till m\u00e4nniskor som \u00e4r \u00e4kta och autentiska. S\u00e5 var bara dig sj\u00e4lv s\u00e5 \u00e4r du s\u00e4ker p\u00e5 att hitta den perfekta n\u00f6rdiga matchningen.<\/li>\n<\/ul>\n<p>Det finns gott om n\u00f6rd <a href=\"http:\/\/sushihiroba.co.uk\/local-swinger-sites\/\">dejtingsajter d\u00e4r ute<\/a>, var och en erbjuder n\u00e5got lite annorlunda n\u00e4r det g\u00e4ller funktioner och publik. Vissa webbplatser, som Geek 2 Geek, \u00e4r utformade speciellt f\u00f6r n\u00f6rdar och n\u00f6rdar, medan andra, som OkCupid, \u00e4r \u00f6ppna f\u00f6r m\u00e4nniskor p\u00e5 alla n\u00f6rdniv\u00e5er.<\/p>\n<p>Om du letar efter k\u00e4rlek och du anser dig vara en n\u00f6rd finns det en dejtingsajt d\u00e4r ute f\u00f6r dig. Oavsett om du gillar sci-fi, spel eller n\u00e5got d\u00e4remellan, finns det en gemenskap av likasinnade som v\u00e4ntar p\u00e5 att tr\u00e4ffa dig. S\u00e5 g\u00e5 ut och b\u00f6rja n\u00f6rda ut med n\u00e5gon speciell idag.<\/p>\n<h2>Gaming DejtingSajter<\/h2>\n<p>Det finns ett antal dejtingsajter som tillgodoser specifikt spelare. Dessa webbplatser f\u00f6rst\u00e5r spelarnas passioner och intressen och kan matcha dig med andra singlar som delar dina spelintressen. Oavsett om du letar efter ett avslappnat f\u00f6rh\u00e5llande eller n\u00e5got mer seri\u00f6st, finns det en speldejtingsida f\u00f6r dig. S\u00e5 g\u00e5 ut och b\u00f6rja gamer dating!<\/p>\n<h3>DinSecretHookup<\/h3>\n<p>Om du \u00e4r en sj\u00e4lvutn\u00e4mnd n\u00f6rd som letar efter k\u00e4rlek, kanske du vill kolla in den nya dejtingsappen, YourSecretHookup. Appen, som v\u00e4nder sig till n\u00f6rdar och n\u00f6rdar av alla slag, har ett 4-stj\u00e4rnigt betyg i App Store och har hyllats av anv\u00e4ndare f\u00f6r sin anv\u00e4ndarv\u00e4nlighet och &#8221;n\u00f6rdv\u00e4nliga&#8221; gr\u00e4nssnitt.<\/p>\n<p>YourSecretHookup \u00e4r ett utm\u00e4rkt alternativ f\u00f6r n\u00f6rdar som letar efter k\u00e4rlek, men det \u00e4r inte perfekt. Appen har m\u00e5nga funktioner som g\u00f6r den bra f\u00f6r n\u00f6rdar, men den har ocks\u00e5 n\u00e5gra nackdelar. F\u00f6r det f\u00f6rsta \u00e4r appen endast tillg\u00e4nglig i USA. F\u00f6r det andra har appen inte en s\u00e4rskilt stor anv\u00e4ndarbas, s\u00e5 du kan ha problem med att hitta matchningar i ditt omr\u00e5de.<\/p>\n<p>Sammantaget \u00e4r YourSecretHookup en bra dejtingsapp f\u00f6r n\u00f6rdar. Om du letar efter en n\u00f6rdig partner \u00e4r detta ett bra alternativ. Men om du \u00e4r utanf\u00f6r USA, eller om du letar efter en mer allm\u00e4n dejtingsapp, kanske du vill leta n\u00e5gon annanstans.<\/p>\n<h3>FindMyFlings<\/h3>\n<p>Jag st\u00f6tte nyligen p\u00e5 FindMyFlings dejtingsapp och t\u00e4nkte att jag skulle prova eftersom jag anser mig vara lite av en n\u00f6rd. Jag m\u00e5ste s\u00e4ga att jag blev positivt \u00f6verraskad! Appen \u00e4r mycket anv\u00e4ndarv\u00e4nlig och den perfekta platsen f\u00f6r n\u00f6rdar att tr\u00e4ffa andra n\u00f6rdar. Appen har ocks\u00e5 en fantastisk funktion som kallas &#8221;Nerd Factor&#8221; som l\u00e5ter dig betygs\u00e4tta dig sj\u00e4lv p\u00e5 en skala fr\u00e5n 1-10 n\u00e4r det g\u00e4ller din n\u00f6rdighet. Jag skulle definitivt rekommendera den h\u00e4r appen till alla n\u00f6rdar d\u00e4r ute som letar efter k\u00e4rlek!<\/p>\n<h3>Gott om fisk<\/h3>\n<p>Om du \u00e4r en sj\u00e4lvutn\u00e4mnd n\u00f6rd som letar efter k\u00e4rlek, kanske du vill kolla in dejtingappen Plenty of Fish. Enligt recensioner \u00e4r den h\u00e4r appen fylld med m\u00e4nniskor som brinner f\u00f6r saker som serier, spel och cosplay.<\/p>\n<p>S\u00e5 om du letar efter ett n\u00f6rdigt f\u00f6rh\u00e5llande kan det h\u00e4r vara appen f\u00f6r dig. Vissa granskare har dock klagat p\u00e5 appens gr\u00e4nssnitt och anv\u00e4ndarbas. S\u00e5 du kanske vill ta h\u00e4nsyn till dessa klagom\u00e5l innan du laddar ner.<\/p>\n","protected":false},"excerpt":{"rendered":"<p>Det finns ingen anledning att vara nerv\u00f6s f\u00f6r &#8221;n\u00f6rddejting&#8221;. Kom f\u00f6rst ih\u00e5g att n\u00f6rdiga killar \u00e4r precis som alla andra&hellip;<\/p>\n","protected":false},"author":1,"featured_media":0,"parent":0,"menu_order":0,"comment_status":"closed","ping_status":"closed","template":"","meta":[],"yoast_head":"<!-- This site is optimized with the Yoast SEO plugin v17.7.1 - https:\/\/yoast.com\/wordpress\/plugins\/seo\/ -->\n<title>N\u00f6rd dejtingsajter - Online Dating Roba<\/title>\n<meta name=\"robots\" content=\"index, follow, max-snippet:-1, max-image-preview:large, max-video-preview:-1\" \/>\n<link rel=\"canonical\" href=\"https:\/\/sushihiroba.co.uk\/sv\/nord-dejtingsajter\/\" \/>\n<meta property=\"og:locale\" content=\"sv_SE\" \/>\n<meta property=\"og:type\" content=\"article\" \/>\n<meta property=\"og:title\" content=\"N\u00f6rd dejtingsajter - Online Dating Roba\" \/>\n<meta property=\"og:description\" content=\"Det finns ingen anledning att vara nerv\u00f6s f\u00f6r &#8221;n\u00f6rddejting&#8221;. Kom f\u00f6rst ih\u00e5g att n\u00f6rdiga killar \u00e4r precis som alla andra&hellip;\" \/>\n<meta property=\"og:url\" content=\"https:\/\/sushihiroba.co.uk\/sv\/nord-dejtingsajter\/\" \/>\n<meta property=\"og:site_name\" content=\"Online Dating Roba\" \/>\n<meta name=\"twitter:card\" content=\"summary_large_image\" \/>\n<meta name=\"twitter:label1\" content=\"Ber\u00e4knad l\u00e4stid\" \/>\n\t<meta name=\"twitter:data1\" content=\"5 minuter\" \/>\n<script type=\"application\/ld+json\" class=\"yoast-schema-graph\">{\"@context\":\"https:\/\/schema.org\",\"@graph\":[{\"@type\":\"WebSite\",\"@id\":\"https:\/\/sushihiroba.co.uk\/sv\/#website\",\"url\":\"https:\/\/sushihiroba.co.uk\/sv\/\",\"name\":\"Online Dating Roba\",\"description\":\"Guide To Find Love\",\"potentialAction\":[{\"@type\":\"SearchAction\",\"target\":{\"@type\":\"EntryPoint\",\"urlTemplate\":\"https:\/\/sushihiroba.co.uk\/sv\/?s={search_term_string}\"},\"query-input\":\"required name=search_term_string\"}],\"inLanguage\":\"sv-SE\"},{\"@type\":\"WebPage\",\"@id\":\"https:\/\/sushihiroba.co.uk\/sv\/nord-dejtingsajter\/#webpage\",\"url\":\"https:\/\/sushihiroba.co.uk\/sv\/nord-dejtingsajter\/\",\"name\":\"N\\u00f6rd dejtingsajter - Online Dating Roba\",\"isPartOf\":{\"@id\":\"https:\/\/sushihiroba.co.uk\/sv\/#website\"},\"datePublished\":\"2022-10-10T11:14:24+00:00\",\"dateModified\":\"2022-10-10T11:14:24+00:00\",\"breadcrumb\":{\"@id\":\"https:\/\/sushihiroba.co.uk\/sv\/nord-dejtingsajter\/#breadcrumb\"},\"inLanguage\":\"sv-SE\",\"potentialAction\":[{\"@type\":\"ReadAction\",\"target\":[\"https:\/\/sushihiroba.co.uk\/sv\/nord-dejtingsajter\/\"]}]},{\"@type\":\"BreadcrumbList\",\"@id\":\"https:\/\/sushihiroba.co.uk\/sv\/nord-dejtingsajter\/#breadcrumb\",\"itemListElement\":[{\"@type\":\"ListItem\",\"position\":1,\"name\":\"Home\",\"item\":\"http:\/\/sushihiroba.co.uk\/sv\/\"},{\"@type\":\"ListItem\",\"position\":2,\"name\":\"N\\u00f6rd dejtingsajter\"}]}]}<\/script>\n<!-- \/ Yoast SEO plugin. -->","yoast_head_json":{"title":"N\u00f6rd dejtingsajter - Online Dating Roba","robots":{"index":"index","follow":"follow","max-snippet":"max-snippet:-1","max-image-preview":"max-image-preview:large","max-video-preview":"max-video-preview:-1"},"canonical":"https:\/\/sushihiroba.co.uk\/sv\/nord-dejtingsajter\/","og_locale":"sv_SE","og_type":"article","og_title":"N\u00f6rd dejtingsajter - Online Dating Roba","og_description":"Det finns ingen anledning att vara nerv\u00f6s f\u00f6r &#8221;n\u00f6rddejting&#8221;. Kom f\u00f6rst ih\u00e5g att n\u00f6rdiga killar \u00e4r precis som alla andra&hellip;","og_url":"https:\/\/sushihiroba.co.uk\/sv\/nord-dejtingsajter\/","og_site_name":"Online Dating Roba","twitter_card":"summary_large_image","twitter_misc":{"Ber\u00e4knad l\u00e4stid":"5 minuter"},"schema":{"@context":"https:\/\/schema.org","@graph":[{"@type":"WebSite","@id":"https:\/\/sushihiroba.co.uk\/sv\/#website","url":"https:\/\/sushihiroba.co.uk\/sv\/","name":"Online Dating Roba","description":"Guide To Find Love","potentialAction":[{"@type":"SearchAction","target":{"@type":"EntryPoint","urlTemplate":"https:\/\/sushihiroba.co.uk\/sv\/?s={search_term_string}"},"query-input":"required name=search_term_string"}],"inLanguage":"sv-SE"},{"@type":"WebPage","@id":"https:\/\/sushihiroba.co.uk\/sv\/nord-dejtingsajter\/#webpage","url":"https:\/\/sushihiroba.co.uk\/sv\/nord-dejtingsajter\/","name":"N\u00f6rd dejtingsajter - Online Dating Roba","isPartOf":{"@id":"https:\/\/sushihiroba.co.uk\/sv\/#website"},"datePublished":"2022-10-10T11:14:24+00:00","dateModified":"2022-10-10T11:14:24+00:00","breadcrumb":{"@id":"https:\/\/sushihiroba.co.uk\/sv\/nord-dejtingsajter\/#breadcrumb"},"inLanguage":"sv-SE","potentialAction":[{"@type":"ReadAction","target":["https:\/\/sushihiroba.co.uk\/sv\/nord-dejtingsajter\/"]}]},{"@type":"BreadcrumbList","@id":"https:\/\/sushihiroba.co.uk\/sv\/nord-dejtingsajter\/#breadcrumb","itemListElement":[{"@type":"ListItem","position":1,"name":"Home","item":"http:\/\/sushihiroba.co.uk\/sv\/"},{"@type":"ListItem","position":2,"name":"N\u00f6rd dejtingsajter"}]}]}},"_links":{"self":[{"href":"https:\/\/sushihiroba.co.uk\/sv\/wp-json\/wp\/v2\/pages\/163"}],"collection":[{"href":"https:\/\/sushihiroba.co.uk\/sv\/wp-json\/wp\/v2\/pages"}],"about":[{"href":"https:\/\/sushihiroba.co.uk\/sv\/wp-json\/wp\/v2\/types\/page"}],"author":[{"embeddable":true,"href":"https:\/\/sushihiroba.co.uk\/sv\/wp-json\/wp\/v2\/users\/1"}],"replies":[{"embeddable":true,"href":"https:\/\/sushihiroba.co.uk\/sv\/wp-json\/wp\/v2\/comments?post=163"}],"version-history":[{"count":0,"href":"https:\/\/sushihiroba.co.uk\/sv\/wp-json\/wp\/v2\/pages\/163\/revisions"}],"wp:attachment":[{"href":"https:\/\/sushihiroba.co.uk\/sv\/wp-json\/wp\/v2\/media?parent=163"}],"curies":[{"name":"wp","href":"https:\/\/api.w.org\/{rel}","templated":true}]}}