{"id":165,"date":"2022-10-10T12:13:28","date_gmt":"2022-10-10T11:13:28","guid":{"rendered":"http:\/\/sushihiroba.co.uk\/milf-sex-chatt\/"},"modified":"2022-10-10T12:13:28","modified_gmt":"2022-10-10T11:13:28","slug":"milf-sex-chatt","status":"publish","type":"page","link":"https:\/\/sushihiroba.co.uk\/sv\/milf-sex-chatt\/","title":{"rendered":"MILF Sex Chatt"},"content":{"rendered":"<p>Det finns m\u00e5nga bra gratis milf <a href=\"http:\/\/sushihiroba.co.uk\/fetish-chat-rooms\/\">chattwebbplatser<\/a> d\u00e4r ute som kan hj\u00e4lpa dig att f\u00e5 kontakt med \u00e4ldre kvinnor som letar efter en fling. Allt du beh\u00f6ver g\u00f6ra \u00e4r att hitta en webbplats som du gillar, skapa en profil och b\u00f6rja chatta. Du kommer att bli f\u00f6rv\u00e5nad \u00f6ver hur l\u00e4tt det \u00e4r att f\u00e5 kontakt med n\u00e5gon speciell. Var bara dig sj\u00e4lv och ha det bra.<\/p>\n<h2>Chatta med Milfs<\/h2>\n<p>Om du vill chatta med milfs finns det n\u00e5gra saker du b\u00f6r t\u00e4nka p\u00e5. Var f\u00f6rst respektfull. Det h\u00e4r \u00e4r damer som vanligtvis \u00e4r \u00e4ldre \u00e4n du, s\u00e5 det \u00e4r viktigt att vara en gentleman. F\u00f6r det andra, var intressant. St\u00e4ll fr\u00e5gor, dela ber\u00e4ttelser och var engagerande. F\u00f6r det tredje, var inte p\u00e5tr\u00e4ngande. Dessa damer letar efter n\u00e5gon att chatta med, inte n\u00e5gon att dejta, s\u00e5 f\u00f6rs\u00f6k inte pressa dem till n\u00e5gonting. Bara slappna av, ha kul och njut av konversationen.<\/p>\n<h2>Prata med Milfs<\/h2>\n<p>Jag pratade med n\u00e5gra milfs h\u00e4romdagen och de sa hur sv\u00e5rt det \u00e4r att hitta k\u00e4rleken nuf\u00f6rtiden. De sa att de har varit singlar ett tag och inte har haft mycket tur. De sa att de har provat n\u00e4tdejting men det har inte fungerat bra f\u00f6r dem. De sa att de b\u00f6rjar k\u00e4nna att de \u00e4r f\u00f6r gamla f\u00f6r att hitta k\u00e4rleken. Jag sa till dem att de aldrig \u00e4r f\u00f6r gamla f\u00f6r att hitta k\u00e4rleken och att de bara beh\u00f6ver forts\u00e4tta leta. Jag sa till dem att de skulle f\u00f6rs\u00f6ka g\u00e5 p\u00e5 n\u00e5gra singelevenemang eller klubbar. Jag tror att om de forts\u00e4tter leta kommer de att hitta k\u00e4rleken.<\/p>\n<p>Det finns inget som att ha sex med en MILF. De \u00e4r erfarna, de vet vad de g\u00f6r och de \u00e4r inte r\u00e4dda f\u00f6r att ta ansvar. Det \u00e4r d\u00e4rf\u00f6r MILF sexchatt \u00e4r s\u00e5 popul\u00e4r. Det \u00e4r ett bra s\u00e4tt att f\u00e5 kontakt med \u00e4ldre kvinnor som vet vad de vill och inte \u00e4r r\u00e4dda f\u00f6r att g\u00e5 efter det.<\/p>\n<p>Om du vill komma in i MILF-sexchatt \u00e4r det b\u00e4sta st\u00e4llet att b\u00f6rja med att hitta ett chattrum som \u00e4r specifikt f\u00f6r \u00e4ldre kvinnor. P\u00e5 s\u00e5 s\u00e4tt kan du hitta kvinnor som specifikt letar efter yngre m\u00e4n att chatta med. N\u00e4r du har hittat ett chattrum som uppfyller dina behov \u00e4r allt du beh\u00f6ver g\u00f6ra att registrera dig och b\u00f6rja chatta. S\u00e5 enkelt \u00e4r det. Om du vill ta saker till n\u00e4sta niv\u00e5 kan du till och med prova videochatt. Detta \u00e4r ett bra s\u00e4tt att verkligen l\u00e4ra k\u00e4nna n\u00e5gon och se om det finns en sexuell koppling. Kom bara ih\u00e5g att vara respektfull och att f\u00f6lja reglerna, s\u00e5 kommer du s\u00e4kert att ha det bra.<\/p>\n<h3>Fn\u00f6ske<\/h3>\n<p>Tinder \u00e4r en popul\u00e4r dejtingsapp som l\u00e5ter anv\u00e4ndare svepa \u00e5t h\u00f6ger eller v\u00e4nster f\u00f6r att indikera sitt intresse f\u00f6r en annan anv\u00e4ndare. Om tv\u00e5 anv\u00e4ndare sveper \u00e5t h\u00f6ger p\u00e5 varandras profiler kan de sedan chatta och eventuellt tr\u00e4ffas personligen.<\/p>\n<p>Tinder anses i allm\u00e4nhet vara ett s\u00e4kert och enkelt s\u00e4tt att tr\u00e4ffa m\u00e4nniskor, \u00e4ven om det har f\u00f6rekommit n\u00e5gra rapporter om falska profiler och bluffartister. Sammantaget \u00e4r Tinder ett popul\u00e4rt och bekv\u00e4mt s\u00e4tt att tr\u00e4ffa nya m\u00e4nniskor, och det \u00e4r s\u00e4rskilt v\u00e4l l\u00e4mpat f\u00f6r dem som letar efter en snabb anslutning eller ett avslappnat f\u00f6rh\u00e5llande.<\/p>\n<h3>BookOfSext<\/h3>\n<p>Om du letar efter en milf-chattwebbplats som \u00e4r gratis och enkel att anv\u00e4nda \u00e4r BookOfSext ett bra alternativ. Webbplatsen har en ren, modern design, och det \u00e4r l\u00e4tt att hitta och chatta med milfs. Det finns ocks\u00e5 m\u00e5nga funktioner, till exempel m\u00f6jligheten att skicka privata meddelanden, och webbplatsen \u00e4r tillg\u00e4nglig p\u00e5 flera spr\u00e5k. Det finns dock n\u00e5gra nackdelar. Till exempel har webbplatsen inte m\u00e5nga anv\u00e4ndare och den \u00e4r inte tillg\u00e4nglig i alla l\u00e4nder.<\/p>\n<h3>Dubbellista<\/h3>\n<p>Om du letar efter en gratis milf-chattsida b\u00f6r du definitivt kolla in DoubleList. Webbplatsen har ett stort urval av chattrum, och du kan till och med skapa ditt eget chattrum om du vill. Det finns ocks\u00e5 m\u00e5nga funktioner som du kan anv\u00e4nda f\u00f6r att g\u00f6ra din chattupplevelse roligare, till exempel m\u00f6jligheten att skicka privata meddelanden eller till och med ringa videosamtal. Sammantaget \u00e4r DoubleList en bra chattwebbplats, och det \u00e4r definitivt v\u00e4rt att kolla in om du letar efter en gratis milf-chattwebbplats.<\/p>\n","protected":false},"excerpt":{"rendered":"<p>Det finns m\u00e5nga bra gratis milf chattwebbplatser d\u00e4r ute som kan hj\u00e4lpa dig att f\u00e5 kontakt med \u00e4ldre kvinnor som&hellip;<\/p>\n","protected":false},"author":1,"featured_media":0,"parent":0,"menu_order":0,"comment_status":"closed","ping_status":"closed","template":"","meta":[],"yoast_head":"<!-- This site is optimized with the Yoast SEO plugin v17.7.1 - https:\/\/yoast.com\/wordpress\/plugins\/seo\/ -->\n<title>MILF Sex Chatt - Online Dating Roba<\/title>\n<meta name=\"robots\" content=\"index, follow, max-snippet:-1, max-image-preview:large, max-video-preview:-1\" \/>\n<link rel=\"canonical\" href=\"https:\/\/sushihiroba.co.uk\/sv\/milf-sex-chatt\/\" \/>\n<meta property=\"og:locale\" content=\"sv_SE\" \/>\n<meta property=\"og:type\" content=\"article\" \/>\n<meta property=\"og:title\" content=\"MILF Sex Chatt - Online Dating Roba\" \/>\n<meta property=\"og:description\" content=\"Det finns m\u00e5nga bra gratis milf chattwebbplatser d\u00e4r ute som kan hj\u00e4lpa dig att f\u00e5 kontakt med \u00e4ldre kvinnor som&hellip;\" \/>\n<meta property=\"og:url\" content=\"https:\/\/sushihiroba.co.uk\/sv\/milf-sex-chatt\/\" \/>\n<meta property=\"og:site_name\" content=\"Online Dating Roba\" \/>\n<meta name=\"twitter:card\" content=\"summary_large_image\" \/>\n<meta name=\"twitter:label1\" content=\"Ber\u00e4knad l\u00e4stid\" \/>\n\t<meta name=\"twitter:data1\" content=\"4 minuter\" \/>\n<script type=\"application\/ld+json\" class=\"yoast-schema-graph\">{\"@context\":\"https:\/\/schema.org\",\"@graph\":[{\"@type\":\"WebSite\",\"@id\":\"https:\/\/sushihiroba.co.uk\/sv\/#website\",\"url\":\"https:\/\/sushihiroba.co.uk\/sv\/\",\"name\":\"Online Dating Roba\",\"description\":\"Guide To Find Love\",\"potentialAction\":[{\"@type\":\"SearchAction\",\"target\":{\"@type\":\"EntryPoint\",\"urlTemplate\":\"https:\/\/sushihiroba.co.uk\/sv\/?s={search_term_string}\"},\"query-input\":\"required name=search_term_string\"}],\"inLanguage\":\"sv-SE\"},{\"@type\":\"WebPage\",\"@id\":\"https:\/\/sushihiroba.co.uk\/sv\/milf-sex-chatt\/#webpage\",\"url\":\"https:\/\/sushihiroba.co.uk\/sv\/milf-sex-chatt\/\",\"name\":\"MILF Sex Chatt - Online Dating Roba\",\"isPartOf\":{\"@id\":\"https:\/\/sushihiroba.co.uk\/sv\/#website\"},\"datePublished\":\"2022-10-10T11:13:28+00:00\",\"dateModified\":\"2022-10-10T11:13:28+00:00\",\"breadcrumb\":{\"@id\":\"https:\/\/sushihiroba.co.uk\/sv\/milf-sex-chatt\/#breadcrumb\"},\"inLanguage\":\"sv-SE\",\"potentialAction\":[{\"@type\":\"ReadAction\",\"target\":[\"https:\/\/sushihiroba.co.uk\/sv\/milf-sex-chatt\/\"]}]},{\"@type\":\"BreadcrumbList\",\"@id\":\"https:\/\/sushihiroba.co.uk\/sv\/milf-sex-chatt\/#breadcrumb\",\"itemListElement\":[{\"@type\":\"ListItem\",\"position\":1,\"name\":\"Home\",\"item\":\"http:\/\/sushihiroba.co.uk\/sv\/\"},{\"@type\":\"ListItem\",\"position\":2,\"name\":\"MILF Sex Chatt\"}]}]}<\/script>\n<!-- \/ Yoast SEO plugin. -->","yoast_head_json":{"title":"MILF Sex Chatt - Online Dating Roba","robots":{"index":"index","follow":"follow","max-snippet":"max-snippet:-1","max-image-preview":"max-image-preview:large","max-video-preview":"max-video-preview:-1"},"canonical":"https:\/\/sushihiroba.co.uk\/sv\/milf-sex-chatt\/","og_locale":"sv_SE","og_type":"article","og_title":"MILF Sex Chatt - Online Dating Roba","og_description":"Det finns m\u00e5nga bra gratis milf chattwebbplatser d\u00e4r ute som kan hj\u00e4lpa dig att f\u00e5 kontakt med \u00e4ldre kvinnor som&hellip;","og_url":"https:\/\/sushihiroba.co.uk\/sv\/milf-sex-chatt\/","og_site_name":"Online Dating Roba","twitter_card":"summary_large_image","twitter_misc":{"Ber\u00e4knad l\u00e4stid":"4 minuter"},"schema":{"@context":"https:\/\/schema.org","@graph":[{"@type":"WebSite","@id":"https:\/\/sushihiroba.co.uk\/sv\/#website","url":"https:\/\/sushihiroba.co.uk\/sv\/","name":"Online Dating Roba","description":"Guide To Find Love","potentialAction":[{"@type":"SearchAction","target":{"@type":"EntryPoint","urlTemplate":"https:\/\/sushihiroba.co.uk\/sv\/?s={search_term_string}"},"query-input":"required name=search_term_string"}],"inLanguage":"sv-SE"},{"@type":"WebPage","@id":"https:\/\/sushihiroba.co.uk\/sv\/milf-sex-chatt\/#webpage","url":"https:\/\/sushihiroba.co.uk\/sv\/milf-sex-chatt\/","name":"MILF Sex Chatt - Online Dating Roba","isPartOf":{"@id":"https:\/\/sushihiroba.co.uk\/sv\/#website"},"datePublished":"2022-10-10T11:13:28+00:00","dateModified":"2022-10-10T11:13:28+00:00","breadcrumb":{"@id":"https:\/\/sushihiroba.co.uk\/sv\/milf-sex-chatt\/#breadcrumb"},"inLanguage":"sv-SE","potentialAction":[{"@type":"ReadAction","target":["https:\/\/sushihiroba.co.uk\/sv\/milf-sex-chatt\/"]}]},{"@type":"BreadcrumbList","@id":"https:\/\/sushihiroba.co.uk\/sv\/milf-sex-chatt\/#breadcrumb","itemListElement":[{"@type":"ListItem","position":1,"name":"Home","item":"http:\/\/sushihiroba.co.uk\/sv\/"},{"@type":"ListItem","position":2,"name":"MILF Sex Chatt"}]}]}},"_links":{"self":[{"href":"https:\/\/sushihiroba.co.uk\/sv\/wp-json\/wp\/v2\/pages\/165"}],"collection":[{"href":"https:\/\/sushihiroba.co.uk\/sv\/wp-json\/wp\/v2\/pages"}],"about":[{"href":"https:\/\/sushihiroba.co.uk\/sv\/wp-json\/wp\/v2\/types\/page"}],"author":[{"embeddable":true,"href":"https:\/\/sushihiroba.co.uk\/sv\/wp-json\/wp\/v2\/users\/1"}],"replies":[{"embeddable":true,"href":"https:\/\/sushihiroba.co.uk\/sv\/wp-json\/wp\/v2\/comments?post=165"}],"version-history":[{"count":0,"href":"https:\/\/sushihiroba.co.uk\/sv\/wp-json\/wp\/v2\/pages\/165\/revisions"}],"wp:attachment":[{"href":"https:\/\/sushihiroba.co.uk\/sv\/wp-json\/wp\/v2\/media?parent=165"}],"curies":[{"name":"wp","href":"https:\/\/api.w.org\/{rel}","templated":true}]}}