{"id":184,"date":"2022-10-10T12:13:54","date_gmt":"2022-10-10T11:13:54","guid":{"rendered":"http:\/\/sushihiroba.co.uk\/lokala-swinger-webbplatser\/"},"modified":"2022-10-10T12:13:54","modified_gmt":"2022-10-10T11:13:54","slug":"lokala-swinger-webbplatser","status":"publish","type":"page","link":"https:\/\/sushihiroba.co.uk\/sv\/lokala-swinger-webbplatser\/","title":{"rendered":"Lokala Swinger-webbplatser"},"content":{"rendered":"<p>Det finns massor av lokala swingerwebbplatser som du kan anv\u00e4nda f\u00f6r att ansluta till andra par i ditt omr\u00e5de. De \u00e4r ett bra s\u00e4tt att tr\u00e4ffa nya m\u00e4nniskor och l\u00e4ra k\u00e4nna dem p\u00e5 en mer intim niv\u00e5. Du kan ocks\u00e5 hitta mycket information p\u00e5 dessa webbplatser om den lokala swingersscenen och vilka h\u00e4ndelser som h\u00e4nder i ditt omr\u00e5de.<\/p>\n<h2>Swinger-webbplatser<\/h2>\n<p>Det finns n\u00e5gra olika typer av swingersajter. Vissa \u00e4r fokuserade p\u00e5 att ansluta swingers i ett specifikt omr\u00e5de s\u00e5 att de kan tr\u00e4ffas. Andra \u00e4r mer som sociala n\u00e4tverkssajter, d\u00e4r m\u00e4nniskor kan dela sina intressen och f\u00e5 kontakt med likasinnade m\u00e4nniskor. Ytterligare andra \u00e4r mer inriktade p\u00e5 att dejta, och du kan hitta m\u00e4nniskor som \u00e4r intresserade av samma saker som du \u00e4r.<\/p>\n<p>Om du \u00e4r intresserad av att utforska swinger-livsstilen finns det n\u00e5gra olika s\u00e4tt att g\u00e5 tillv\u00e4ga. Du kan kolla in n\u00e5gra av de olika swingersidorna f\u00f6r att se vilken som passar dig. Du kan ocks\u00e5 titta p\u00e5 lokala evenemang eller m\u00f6ten som kan h\u00e4nda i ditt omr\u00e5de. Eller s\u00e5 kan du alltid bara ta steget och g\u00e5 p\u00e5 en swingerfest eller klubb. Oavsett vilken v\u00e4g du v\u00e4ljer, kom bara ih\u00e5g att vara respektfull och ha kul!<\/p>\n<h2>Swingers Anslutningar<\/h2>\n<p>I v\u00e4rlden av online dating \u00e4r det mycket fokus p\u00e5 <a href=\"http:\/\/sushihiroba.co.uk\/friends-with-benefits-websites\/\">anslutningar och kortsiktiga flings<\/a>. Men om du letar efter n\u00e5got lite mer l\u00e5ngsiktigt finns det en v\u00e4xande trend av m\u00e4nniskor som letar efter swingers-anslutningar.<\/p>\n<p>Det \u00e4r h\u00e4r tv\u00e5 personer som redan \u00e4r i ett f\u00f6rh\u00e5llande \u00f6ppnar sitt f\u00f6rh\u00e5llande f\u00f6r att inkludera andra sexpartners. Det kan vara ett bra s\u00e4tt att krydda ditt sexliv och l\u00e4gga till lite variation.<\/p>\n<p>Om du \u00e4r intresserad av att utforska det h\u00e4r alternativet finns det n\u00e5gra saker du m\u00e5ste t\u00e4nka p\u00e5. F\u00f6rst m\u00e5ste du vara \u00e4rlig mot din partner om vad du letar efter. F\u00f6r det andra m\u00e5ste du respektera andras gr\u00e4nser. Och slutligen m\u00e5ste du vara s\u00e4ker och anv\u00e4nda skydd.<\/p>\n<p>Om du kan g\u00f6ra alla dessa saker \u00e4r du p\u00e5 v\u00e4g att hitta k\u00e4rlek i swingers-anslutningens v\u00e4rld.<\/p>\n<h2>Swinger dejtingsajter<\/h2>\n<p>Det finns n\u00e5gra olika typer av swinger dejtingsajter. De mest popul\u00e4ra \u00e4r f\u00f6rmodligen de allm\u00e4nna dejtingsajterna som tillgodoser swingers. Dessa webbplatser har vanligtvis m\u00e5nga medlemmar och \u00e4r ganska popul\u00e4ra. De har vanligtvis m\u00e5nga funktioner och l\u00e5ter dig s\u00f6ka efter andra swingers i ditt omr\u00e5de.<\/p>\n<p>En annan typ av swinger dejtingsajt \u00e4r livsstilsdejtingsajten. Dessa webbplatser \u00e4r inriktade specifikt p\u00e5 swingers och har ofta m\u00e5nga funktioner som tillgodoser livsstilen. De har vanligtvis m\u00e5nga medlemmar och \u00e4r ganska popul\u00e4ra.<\/p>\n<p>Den sista typen av swinger dejtingsajt \u00e4r dejtingsajten f\u00f6r vuxna. Dessa webbplatser \u00e4r inriktade p\u00e5 vuxna som \u00e4r intresserade av att ansluta sig till andra vuxna. De har vanligtvis m\u00e5nga medlemmar och \u00e4r ganska popul\u00e4ra.<\/p>\n<h3>DatumDu<\/h3>\n<p>Om du letar efter en ny dejtingsapp som \u00e4r speciellt utformad f\u00f6r swingerpar, vill du kolla in DateYou. Denna app \u00e4r utformad f\u00f6r att hj\u00e4lpa par att f\u00e5 kontakt med andra par i sitt lokala omr\u00e5de f\u00f6r skojs skull och v\u00e4nskap. Appen \u00e4r enkel att anv\u00e4nda och har m\u00e5nga fantastiska funktioner, som ett meddelandesystem och ett s\u00e4tt att dela foton och videor. Appen har ocks\u00e5 en inbyggd s\u00f6kfunktion s\u00e5 att du kan hitta andra par i ditt omr\u00e5de som letar efter n\u00e5gon att sv\u00e4nga med. Sammantaget tycker vi att DateYou \u00e4r ett bra alternativ f\u00f6r par som letar efter ett nytt s\u00e4tt att tr\u00e4ffa andra par.<\/p>\n<h3>Fling.com<\/h3>\n<p>Fling.com \u00e4r en lokal swingersajt som har funnits ett tag. Webbplatsen \u00e4r l\u00e4tt att anv\u00e4nda och har m\u00e5nga medlemmar. Webbplatsen \u00e4r ocks\u00e5 ett bra st\u00e4lle att hitta lokala swingers. Webbplatsen har m\u00e5nga funktioner och \u00e4r ett bra st\u00e4lle att hitta lokala swingers.<\/p>\n<h3>BBWCupid<\/h3>\n<p>BBWCupid \u00e4r en dejtingapp som \u00e4r speciellt utformad f\u00f6r BBW-singlar och deras beundrare. Appen \u00e4r tillg\u00e4nglig gratis i App Store och Google Play, och den har ett 4-stj\u00e4rnigt betyg p\u00e5 b\u00e5da plattformarna. Appen \u00e4r enkel att anv\u00e4nda och har ett rent gr\u00e4nssnitt. Det har ocks\u00e5 m\u00e5nga funktioner som \u00e4r inriktade p\u00e5 att hj\u00e4lpa dig att hitta en matchning, inklusive en s\u00f6kfunktion, en &#8221;favoritlista&#8221; och ett meddelandesystem. Den enda nackdelen med appen \u00e4r att den inte har en mycket stor anv\u00e4ndarbas, s\u00e5 du kan ha problem med att hitta matchningar i ditt omr\u00e5de.<\/p>\n","protected":false},"excerpt":{"rendered":"<p>Det finns massor av lokala swingerwebbplatser som du kan anv\u00e4nda f\u00f6r att ansluta till andra par i ditt omr\u00e5de. De&hellip;<\/p>\n","protected":false},"author":1,"featured_media":0,"parent":0,"menu_order":0,"comment_status":"closed","ping_status":"closed","template":"","meta":[],"yoast_head":"<!-- This site is optimized with the Yoast SEO plugin v17.7.1 - https:\/\/yoast.com\/wordpress\/plugins\/seo\/ -->\n<title>Lokala Swinger-webbplatser - Online Dating Roba<\/title>\n<meta name=\"robots\" content=\"index, follow, max-snippet:-1, max-image-preview:large, max-video-preview:-1\" \/>\n<link rel=\"canonical\" href=\"https:\/\/sushihiroba.co.uk\/sv\/lokala-swinger-webbplatser\/\" \/>\n<meta property=\"og:locale\" content=\"sv_SE\" \/>\n<meta property=\"og:type\" content=\"article\" \/>\n<meta property=\"og:title\" content=\"Lokala Swinger-webbplatser - Online Dating Roba\" \/>\n<meta property=\"og:description\" content=\"Det finns massor av lokala swingerwebbplatser som du kan anv\u00e4nda f\u00f6r att ansluta till andra par i ditt omr\u00e5de. De&hellip;\" \/>\n<meta property=\"og:url\" content=\"https:\/\/sushihiroba.co.uk\/sv\/lokala-swinger-webbplatser\/\" \/>\n<meta property=\"og:site_name\" content=\"Online Dating Roba\" \/>\n<meta name=\"twitter:card\" content=\"summary_large_image\" \/>\n<meta name=\"twitter:label1\" content=\"Ber\u00e4knad l\u00e4stid\" \/>\n\t<meta name=\"twitter:data1\" content=\"4 minuter\" \/>\n<script type=\"application\/ld+json\" class=\"yoast-schema-graph\">{\"@context\":\"https:\/\/schema.org\",\"@graph\":[{\"@type\":\"WebSite\",\"@id\":\"https:\/\/sushihiroba.co.uk\/sv\/#website\",\"url\":\"https:\/\/sushihiroba.co.uk\/sv\/\",\"name\":\"Online Dating Roba\",\"description\":\"Guide To Find Love\",\"potentialAction\":[{\"@type\":\"SearchAction\",\"target\":{\"@type\":\"EntryPoint\",\"urlTemplate\":\"https:\/\/sushihiroba.co.uk\/sv\/?s={search_term_string}\"},\"query-input\":\"required name=search_term_string\"}],\"inLanguage\":\"sv-SE\"},{\"@type\":\"WebPage\",\"@id\":\"https:\/\/sushihiroba.co.uk\/sv\/lokala-swinger-webbplatser\/#webpage\",\"url\":\"https:\/\/sushihiroba.co.uk\/sv\/lokala-swinger-webbplatser\/\",\"name\":\"Lokala Swinger-webbplatser - Online Dating Roba\",\"isPartOf\":{\"@id\":\"https:\/\/sushihiroba.co.uk\/sv\/#website\"},\"datePublished\":\"2022-10-10T11:13:54+00:00\",\"dateModified\":\"2022-10-10T11:13:54+00:00\",\"breadcrumb\":{\"@id\":\"https:\/\/sushihiroba.co.uk\/sv\/lokala-swinger-webbplatser\/#breadcrumb\"},\"inLanguage\":\"sv-SE\",\"potentialAction\":[{\"@type\":\"ReadAction\",\"target\":[\"https:\/\/sushihiroba.co.uk\/sv\/lokala-swinger-webbplatser\/\"]}]},{\"@type\":\"BreadcrumbList\",\"@id\":\"https:\/\/sushihiroba.co.uk\/sv\/lokala-swinger-webbplatser\/#breadcrumb\",\"itemListElement\":[{\"@type\":\"ListItem\",\"position\":1,\"name\":\"Home\",\"item\":\"http:\/\/sushihiroba.co.uk\/sv\/\"},{\"@type\":\"ListItem\",\"position\":2,\"name\":\"Lokala Swinger-webbplatser\"}]}]}<\/script>\n<!-- \/ Yoast SEO plugin. -->","yoast_head_json":{"title":"Lokala Swinger-webbplatser - Online Dating Roba","robots":{"index":"index","follow":"follow","max-snippet":"max-snippet:-1","max-image-preview":"max-image-preview:large","max-video-preview":"max-video-preview:-1"},"canonical":"https:\/\/sushihiroba.co.uk\/sv\/lokala-swinger-webbplatser\/","og_locale":"sv_SE","og_type":"article","og_title":"Lokala Swinger-webbplatser - Online Dating Roba","og_description":"Det finns massor av lokala swingerwebbplatser som du kan anv\u00e4nda f\u00f6r att ansluta till andra par i ditt omr\u00e5de. De&hellip;","og_url":"https:\/\/sushihiroba.co.uk\/sv\/lokala-swinger-webbplatser\/","og_site_name":"Online Dating Roba","twitter_card":"summary_large_image","twitter_misc":{"Ber\u00e4knad l\u00e4stid":"4 minuter"},"schema":{"@context":"https:\/\/schema.org","@graph":[{"@type":"WebSite","@id":"https:\/\/sushihiroba.co.uk\/sv\/#website","url":"https:\/\/sushihiroba.co.uk\/sv\/","name":"Online Dating Roba","description":"Guide To Find Love","potentialAction":[{"@type":"SearchAction","target":{"@type":"EntryPoint","urlTemplate":"https:\/\/sushihiroba.co.uk\/sv\/?s={search_term_string}"},"query-input":"required name=search_term_string"}],"inLanguage":"sv-SE"},{"@type":"WebPage","@id":"https:\/\/sushihiroba.co.uk\/sv\/lokala-swinger-webbplatser\/#webpage","url":"https:\/\/sushihiroba.co.uk\/sv\/lokala-swinger-webbplatser\/","name":"Lokala Swinger-webbplatser - Online Dating Roba","isPartOf":{"@id":"https:\/\/sushihiroba.co.uk\/sv\/#website"},"datePublished":"2022-10-10T11:13:54+00:00","dateModified":"2022-10-10T11:13:54+00:00","breadcrumb":{"@id":"https:\/\/sushihiroba.co.uk\/sv\/lokala-swinger-webbplatser\/#breadcrumb"},"inLanguage":"sv-SE","potentialAction":[{"@type":"ReadAction","target":["https:\/\/sushihiroba.co.uk\/sv\/lokala-swinger-webbplatser\/"]}]},{"@type":"BreadcrumbList","@id":"https:\/\/sushihiroba.co.uk\/sv\/lokala-swinger-webbplatser\/#breadcrumb","itemListElement":[{"@type":"ListItem","position":1,"name":"Home","item":"http:\/\/sushihiroba.co.uk\/sv\/"},{"@type":"ListItem","position":2,"name":"Lokala Swinger-webbplatser"}]}]}},"_links":{"self":[{"href":"https:\/\/sushihiroba.co.uk\/sv\/wp-json\/wp\/v2\/pages\/184"}],"collection":[{"href":"https:\/\/sushihiroba.co.uk\/sv\/wp-json\/wp\/v2\/pages"}],"about":[{"href":"https:\/\/sushihiroba.co.uk\/sv\/wp-json\/wp\/v2\/types\/page"}],"author":[{"embeddable":true,"href":"https:\/\/sushihiroba.co.uk\/sv\/wp-json\/wp\/v2\/users\/1"}],"replies":[{"embeddable":true,"href":"https:\/\/sushihiroba.co.uk\/sv\/wp-json\/wp\/v2\/comments?post=184"}],"version-history":[{"count":0,"href":"https:\/\/sushihiroba.co.uk\/sv\/wp-json\/wp\/v2\/pages\/184\/revisions"}],"wp:attachment":[{"href":"https:\/\/sushihiroba.co.uk\/sv\/wp-json\/wp\/v2\/media?parent=184"}],"curies":[{"name":"wp","href":"https:\/\/api.w.org\/{rel}","templated":true}]}}