{"id":185,"date":"2022-10-10T12:13:05","date_gmt":"2022-10-10T11:13:05","guid":{"rendered":"http:\/\/sushihiroba.co.uk\/fetisch-chattrum\/"},"modified":"2022-10-10T12:13:05","modified_gmt":"2022-10-10T11:13:05","slug":"fetisch-chattrum","status":"publish","type":"page","link":"https:\/\/sushihiroba.co.uk\/sv\/fetisch-chattrum\/","title":{"rendered":"Fetisch chattrum"},"content":{"rendered":"<p>Det finns m\u00e5nga olika chattrum d\u00e4r ute f\u00f6r personer som \u00e4r intresserade av BDSM. Du kan hitta s\u00e5dana som \u00e4r specifikt f\u00f6r personer som vill ansluta, och det finns ocks\u00e5 s\u00e5dana som bara \u00e4r f\u00f6r allm\u00e4n diskussion. Om du letar efter en anslutning \u00e4r det en bra id\u00e9 att kolla in n\u00e5gra olika chattrum f\u00f6r att se vilket som har flest m\u00e4nniskor som \u00e4r intresserade av samma sak som du. Du kan ocks\u00e5 hitta m\u00e5nga olika resurser och r\u00e5d i dessa chattrum, s\u00e5 det \u00e4r en bra id\u00e9 att utforska dem om du \u00e4r ny p\u00e5 BDSM-scenen.<\/p>\n<h2>Fetisch Chattrum<\/h2>\n<p>I v\u00e4rlden av online dating finns det alla m\u00f6jliga olika chattrum tillg\u00e4ngliga f\u00f6r m\u00e4nniskor med alla m\u00f6jliga olika intressen. En typ av chattrum som har blivit alltmer popul\u00e4rt de senaste \u00e5ren \u00e4r fetischchattrummet.<\/p>\n<p>Ett fetischchattrum \u00e4r en plats d\u00e4r <a href=\"http:\/\/sushihiroba.co.uk\/free-phone-sex\/\">personer med sexuellt intresse<\/a> f\u00f6r ett specifikt \u00e4mne kan tr\u00e4ffas och chatta om sina intressen. Det finns chattrum f\u00f6r alla m\u00f6jliga olika fetischer, fr\u00e5n fotfetischister till m\u00e4nniskor som \u00e4r intresserade av BDSM.<\/p>\n<p>Fetischchattrum kan vara ett bra st\u00e4lle att utforska dina sexuella intressen och tr\u00e4ffa likasinnade m\u00e4nniskor. Det \u00e4r dock viktigt att komma ih\u00e5g att respektera andras intressen och gr\u00e4nser och att aldrig pressa n\u00e5gon att g\u00f6ra n\u00e5got de inte \u00e4r bekv\u00e4ma med.<\/p>\n<h2>Fetisch chattrum<\/h2>\n<p>I ett fetischchattrum kan du utforska dina djupaste \u00f6nskningar med likasinnade m\u00e4nniskor och potentiellt hitta k\u00e4rlek. Oavsett om du gillar BDSM, fotfetisch eller n\u00e5gon annan kink, kan du hitta n\u00e5gon som delar dina intressen och med vilken du kan utforska din sexualitet. Det b\u00e4sta med fetischchattrum \u00e4r att du kan vara helt \u00f6ppen och \u00e4rlig om dina intressen, och ingen kommer att d\u00f6ma dig. S\u00e5 om du letar efter ett bed\u00f6mningsfritt utrymme f\u00f6r att uttrycka dina djupaste \u00f6nskningar \u00e4r ett fetischchattrum den perfekta platsen f\u00f6r dig.<\/p>\n<p>Fetischchattrum kan vara ett bra s\u00e4tt att f\u00e5 kontakt med likasinnade som delar dina intressen. De kan vara ett bra s\u00e4tt att utforska din sexualitet och l\u00e4ra dig mer om vad som t\u00e4nder dig. De kan ocks\u00e5 vara ett bra s\u00e4tt att tr\u00e4ffa potentiella partners som delar dina intressen. Det \u00e4r dock viktigt att komma ih\u00e5g att inte alla fetischchattrum skapas lika. Vissa \u00e4r b\u00e4ttre \u00e4n andra, och vissa \u00e4r farligare \u00e4n andra. Det \u00e4r viktigt att g\u00f6ra din forskning innan du g\u00e5r med i n\u00e5got chattrum och att bara g\u00e5 med i de som du k\u00e4nner dig bekv\u00e4m med.<\/p>\n<h3>Flingster<\/h3>\n<p>Om du letar efter ett s\u00e4kert och s\u00e4kert s\u00e4tt att utforska din kinky sida, b\u00f6r du definitivt kolla in Flingster. Denna dejtingapp \u00e4r perfekt f\u00f6r dem som \u00e4r nyfikna p\u00e5 BDSM och vill hitta ett chattrum d\u00e4r de kan utforska sina sexuella \u00f6nskningar p\u00e5 ett s\u00e4kert och samf\u00f6rst\u00e5ndsm\u00e4ssigt s\u00e4tt.<\/p>\n<p>Flingster \u00e4r ett utm\u00e4rkt alternativ f\u00f6r dem som vill doppa t\u00e5rna i BDSM-livsstilen, eftersom det erbjuder en m\u00e4ngd olika chattrum som tillgodoser olika kinks och fetischer. Du kan ocks\u00e5 vara s\u00e4ker p\u00e5 att alla medlemmar p\u00e5 webbplatsen \u00e4r riktiga, eftersom varje profil verifieras genom en rigor\u00f6s process.<\/p>\n<p>S\u00e5 om du letar efter ett s\u00e4kert och roligt s\u00e4tt att utforska din kinky sida, se till att kolla in Flingster!<\/p>\n<h3>Geek2Geek<\/h3>\n<p>Geek2Geek \u00e4r en dejtingsapp som v\u00e4nder sig till n\u00f6rdar, n\u00f6rdar och andra n\u00f6rdiga m\u00e4nniskor. Appen har m\u00e5nga funktioner som g\u00f6r den bra f\u00f6r n\u00f6rdiga m\u00e4nniskor, inklusive en s\u00f6kfunktion som l\u00e5ter dig hitta andra n\u00f6rdar som delar dina intressen. Appen har ocks\u00e5 en chattfunktion s\u00e5 att du kan chatta med andra n\u00f6rdar om dina gemensamma intressen. Appen \u00e4r gratis att ladda ner och anv\u00e4nda, och den \u00e4r tillg\u00e4nglig f\u00f6r b\u00e5de iOS och Android.<\/p>\n<h3>Styggt datum<\/h3>\n<p>NaughtyDate \u00e4r en dejtingapp som specialiserat sig p\u00e5 BDSM-chattrum. Det \u00e4r ett bra st\u00e4lle att hitta likasinnade m\u00e4nniskor och utforska dina kinks och fetischer. Appen \u00e4r enkel att anv\u00e4nda och har m\u00e5nga funktioner, vilket g\u00f6r den till ett utm\u00e4rkt val f\u00f6r dem som letar efter en kinky chattrumsupplevelse.<\/p>\n","protected":false},"excerpt":{"rendered":"<p>Det finns m\u00e5nga olika chattrum d\u00e4r ute f\u00f6r personer som \u00e4r intresserade av BDSM. Du kan hitta s\u00e5dana som \u00e4r&hellip;<\/p>\n","protected":false},"author":1,"featured_media":0,"parent":0,"menu_order":0,"comment_status":"closed","ping_status":"closed","template":"","meta":[],"yoast_head":"<!-- This site is optimized with the Yoast SEO plugin v17.7.1 - https:\/\/yoast.com\/wordpress\/plugins\/seo\/ -->\n<title>Fetisch chattrum - Online Dating Roba<\/title>\n<meta name=\"robots\" content=\"index, follow, max-snippet:-1, max-image-preview:large, max-video-preview:-1\" \/>\n<link rel=\"canonical\" href=\"https:\/\/sushihiroba.co.uk\/sv\/fetisch-chattrum\/\" \/>\n<meta property=\"og:locale\" content=\"sv_SE\" \/>\n<meta property=\"og:type\" content=\"article\" \/>\n<meta property=\"og:title\" content=\"Fetisch chattrum - Online Dating Roba\" \/>\n<meta property=\"og:description\" content=\"Det finns m\u00e5nga olika chattrum d\u00e4r ute f\u00f6r personer som \u00e4r intresserade av BDSM. Du kan hitta s\u00e5dana som \u00e4r&hellip;\" \/>\n<meta property=\"og:url\" content=\"https:\/\/sushihiroba.co.uk\/sv\/fetisch-chattrum\/\" \/>\n<meta property=\"og:site_name\" content=\"Online Dating Roba\" \/>\n<meta name=\"twitter:card\" content=\"summary_large_image\" \/>\n<meta name=\"twitter:label1\" content=\"Ber\u00e4knad l\u00e4stid\" \/>\n\t<meta name=\"twitter:data1\" content=\"4 minuter\" \/>\n<script type=\"application\/ld+json\" class=\"yoast-schema-graph\">{\"@context\":\"https:\/\/schema.org\",\"@graph\":[{\"@type\":\"WebSite\",\"@id\":\"https:\/\/sushihiroba.co.uk\/sv\/#website\",\"url\":\"https:\/\/sushihiroba.co.uk\/sv\/\",\"name\":\"Online Dating Roba\",\"description\":\"Guide To Find Love\",\"potentialAction\":[{\"@type\":\"SearchAction\",\"target\":{\"@type\":\"EntryPoint\",\"urlTemplate\":\"https:\/\/sushihiroba.co.uk\/sv\/?s={search_term_string}\"},\"query-input\":\"required name=search_term_string\"}],\"inLanguage\":\"sv-SE\"},{\"@type\":\"WebPage\",\"@id\":\"https:\/\/sushihiroba.co.uk\/sv\/fetisch-chattrum\/#webpage\",\"url\":\"https:\/\/sushihiroba.co.uk\/sv\/fetisch-chattrum\/\",\"name\":\"Fetisch chattrum - Online Dating Roba\",\"isPartOf\":{\"@id\":\"https:\/\/sushihiroba.co.uk\/sv\/#website\"},\"datePublished\":\"2022-10-10T11:13:05+00:00\",\"dateModified\":\"2022-10-10T11:13:05+00:00\",\"breadcrumb\":{\"@id\":\"https:\/\/sushihiroba.co.uk\/sv\/fetisch-chattrum\/#breadcrumb\"},\"inLanguage\":\"sv-SE\",\"potentialAction\":[{\"@type\":\"ReadAction\",\"target\":[\"https:\/\/sushihiroba.co.uk\/sv\/fetisch-chattrum\/\"]}]},{\"@type\":\"BreadcrumbList\",\"@id\":\"https:\/\/sushihiroba.co.uk\/sv\/fetisch-chattrum\/#breadcrumb\",\"itemListElement\":[{\"@type\":\"ListItem\",\"position\":1,\"name\":\"Home\",\"item\":\"http:\/\/sushihiroba.co.uk\/sv\/\"},{\"@type\":\"ListItem\",\"position\":2,\"name\":\"Fetisch chattrum\"}]}]}<\/script>\n<!-- \/ Yoast SEO plugin. -->","yoast_head_json":{"title":"Fetisch chattrum - Online Dating Roba","robots":{"index":"index","follow":"follow","max-snippet":"max-snippet:-1","max-image-preview":"max-image-preview:large","max-video-preview":"max-video-preview:-1"},"canonical":"https:\/\/sushihiroba.co.uk\/sv\/fetisch-chattrum\/","og_locale":"sv_SE","og_type":"article","og_title":"Fetisch chattrum - Online Dating Roba","og_description":"Det finns m\u00e5nga olika chattrum d\u00e4r ute f\u00f6r personer som \u00e4r intresserade av BDSM. Du kan hitta s\u00e5dana som \u00e4r&hellip;","og_url":"https:\/\/sushihiroba.co.uk\/sv\/fetisch-chattrum\/","og_site_name":"Online Dating Roba","twitter_card":"summary_large_image","twitter_misc":{"Ber\u00e4knad l\u00e4stid":"4 minuter"},"schema":{"@context":"https:\/\/schema.org","@graph":[{"@type":"WebSite","@id":"https:\/\/sushihiroba.co.uk\/sv\/#website","url":"https:\/\/sushihiroba.co.uk\/sv\/","name":"Online Dating Roba","description":"Guide To Find Love","potentialAction":[{"@type":"SearchAction","target":{"@type":"EntryPoint","urlTemplate":"https:\/\/sushihiroba.co.uk\/sv\/?s={search_term_string}"},"query-input":"required name=search_term_string"}],"inLanguage":"sv-SE"},{"@type":"WebPage","@id":"https:\/\/sushihiroba.co.uk\/sv\/fetisch-chattrum\/#webpage","url":"https:\/\/sushihiroba.co.uk\/sv\/fetisch-chattrum\/","name":"Fetisch chattrum - Online Dating Roba","isPartOf":{"@id":"https:\/\/sushihiroba.co.uk\/sv\/#website"},"datePublished":"2022-10-10T11:13:05+00:00","dateModified":"2022-10-10T11:13:05+00:00","breadcrumb":{"@id":"https:\/\/sushihiroba.co.uk\/sv\/fetisch-chattrum\/#breadcrumb"},"inLanguage":"sv-SE","potentialAction":[{"@type":"ReadAction","target":["https:\/\/sushihiroba.co.uk\/sv\/fetisch-chattrum\/"]}]},{"@type":"BreadcrumbList","@id":"https:\/\/sushihiroba.co.uk\/sv\/fetisch-chattrum\/#breadcrumb","itemListElement":[{"@type":"ListItem","position":1,"name":"Home","item":"http:\/\/sushihiroba.co.uk\/sv\/"},{"@type":"ListItem","position":2,"name":"Fetisch chattrum"}]}]}},"_links":{"self":[{"href":"https:\/\/sushihiroba.co.uk\/sv\/wp-json\/wp\/v2\/pages\/185"}],"collection":[{"href":"https:\/\/sushihiroba.co.uk\/sv\/wp-json\/wp\/v2\/pages"}],"about":[{"href":"https:\/\/sushihiroba.co.uk\/sv\/wp-json\/wp\/v2\/types\/page"}],"author":[{"embeddable":true,"href":"https:\/\/sushihiroba.co.uk\/sv\/wp-json\/wp\/v2\/users\/1"}],"replies":[{"embeddable":true,"href":"https:\/\/sushihiroba.co.uk\/sv\/wp-json\/wp\/v2\/comments?post=185"}],"version-history":[{"count":0,"href":"https:\/\/sushihiroba.co.uk\/sv\/wp-json\/wp\/v2\/pages\/185\/revisions"}],"wp:attachment":[{"href":"https:\/\/sushihiroba.co.uk\/sv\/wp-json\/wp\/v2\/media?parent=185"}],"curies":[{"name":"wp","href":"https:\/\/api.w.org\/{rel}","templated":true}]}}