{"id":187,"date":"2022-10-10T12:12:51","date_gmt":"2022-10-10T11:12:51","guid":{"rendered":"http:\/\/sushihiroba.co.uk\/gratis-telefonsex\/"},"modified":"2022-10-10T12:12:51","modified_gmt":"2022-10-10T11:12:51","slug":"gratis-telefonsex","status":"publish","type":"page","link":"https:\/\/sushihiroba.co.uk\/sv\/gratis-telefonsex\/","title":{"rendered":"Gratis telefonsex"},"content":{"rendered":"<p>N\u00e4r det g\u00e4ller att ansluta kan gratis telefonsex vara ett bra s\u00e4tt att komma ig\u00e5ng. Det kan hj\u00e4lpa till att bryta isen och f\u00e5 saker att g\u00e5, utan att beh\u00f6va oroa sig f\u00f6r att saker blir f\u00f6r fysiska f\u00f6r snabbt. Dessutom kan det vara mycket roligt! Om du funderar p\u00e5 att prova gratis telefonsex, h\u00e4r \u00e4r n\u00e5gra tips som hj\u00e4lper dig att komma ig\u00e5ng:<\/p>\n<ol>\n<li>Hitta en partner som \u00e4r redo f\u00f6r det. Detta \u00e4r f\u00f6rmodligen det viktigaste steget. Om ni inte b\u00e5da \u00e4r p\u00e5 samma sida kommer det inte att bli kul f\u00f6r n\u00e5gon av er.<\/li>\n<li>Bli bekv\u00e4m. Detta \u00e4r nyckeln. Om du inte \u00e4r bekv\u00e4m kommer det att visa sig. Hitta en plats d\u00e4r du kan koppla av och k\u00e4nna dig bekv\u00e4m.<\/li>\n<li>Sl\u00e4ppa. Det h\u00e4r \u00e4r din chans att vara n\u00e5gon annan en liten stund. Ha kul med det!<\/li>\n<li>Var respektfull. Kom ih\u00e5g att detta fortfarande \u00e4r en annan person i andra \u00e4nden av linjen. S\u00e5 var respektfull och s\u00e4g inget som du inte vill ska s\u00e4gas till dig.<\/li>\n<li>L\u00e4gg p\u00e5 om det blir f\u00f6r varmt. Om det b\u00f6rjar bli lite f\u00f6r hetsigt \u00e4r det okej att l\u00e4gga p\u00e5. Du kan alltid ringa tillbaka en annan g\u00e5ng.<\/li>\n<\/ol>\n<h2>Gratis testchattlinjer<\/h2>\n<p>Om du letar efter ett nytt s\u00e4tt att tr\u00e4ffa m\u00e4nniskor \u00e4r chattlinjer ett bra alternativ. M\u00e5nga chattlinjer erbjuder gratis provperioder, s\u00e5 du kan prova dem innan du f\u00f6rbinder dig. Detta \u00e4r ett utm\u00e4rkt s\u00e4tt att se om en chattlinje \u00e4r r\u00e4tt f\u00f6r dig. N\u00e4r du ringer en chattlinje kommer du att anslutas till en slumpm\u00e4ssig person. Du kan chatta i n\u00e5gra minuter och sedan best\u00e4mma om du vill tr\u00e4ffas.<\/p>\n<p>Det finns m\u00e5nga telefonsexsajter d\u00e4r ute, och de kan vara ett bra s\u00e4tt att hitta k\u00e4rlek. Du kan hitta n\u00e5gon att prata med som gillar samma saker som du, och du kan till och med hitta n\u00e5gon som letar efter ett seri\u00f6st f\u00f6rh\u00e5llande. Se bara till att du \u00e4r f\u00f6rsiktig n\u00e4r du anv\u00e4nder dessa webbplatser och att du tar dig tid att hitta r\u00e4tt person f\u00f6r dig.<\/p>\n<h2>Gratis sexchatt<\/h2>\n<p>Det finns inget som att f\u00e5 kontakt med n\u00e5gon p\u00e5 en djup niv\u00e5 sexuellt. Gratis sexchatt ger en unik m\u00f6jlighet att g\u00f6ra just det. Du kan f\u00e5 kontakt med n\u00e5gon som delar dina sexuella intressen och utforska dina \u00f6nskningar i en s\u00e4ker och anonym milj\u00f6. Gratis sexchatt \u00e4r det perfekta s\u00e4ttet att krydda ditt k\u00e4rleksliv och komma n\u00e4rmare din partner.<\/p>\n<h3>ComeWithYou<\/h3>\n<p>ComeWithYou \u00e4r en ny dejtingapp som skakar om online-datingv\u00e4rlden. Appen till\u00e5ter anv\u00e4ndare att ansluta till varandra med ett telefonsamtal, snarare \u00e4n bara via textmeddelanden. P\u00e5 s\u00e5 s\u00e4tt kan anv\u00e4ndare faktiskt h\u00f6ra varandras r\u00f6ster och f\u00e5 en b\u00e4ttre k\u00e4nsla av vem de pratar med. Appen erbjuder ocks\u00e5 en gratis telefonsextj\u00e4nst, s\u00e5 att anv\u00e4ndare kan l\u00e4ra k\u00e4nna varandra \u00e4nnu b\u00e4ttre. Appen \u00e4r fortfarande i ett tidigt skede, men den har redan gjort ett st\u00e4nk i online-datingv\u00e4rlden.<\/p>\n<h3>FlirtHookup<\/h3>\n<p>Om du letar efter ett s\u00e4tt att krydda ditt sexliv, leta inte l\u00e4ngre \u00e4n FlirtHookup. Denna innovativa nya app l\u00e5ter dig ansluta till potentiella sexpartners i ditt omr\u00e5de och chatta smutsigt med dem f\u00f6r att komma ig\u00e5ng.<\/p>\n<p>Det b\u00e4sta med FlirtHookup \u00e4r att det \u00e4r helt gratis att anv\u00e4nda. Det betyder att du kan chatta med s\u00e5 m\u00e5nga m\u00e4nniskor du vill utan att beh\u00f6va oroa dig f\u00f6r att bryta banken.<\/p>\n<p>S\u00e5 om du letar efter lite hett, smutsigt kul, ladda ner FlirtHookup idag och b\u00f6rja utforska dina vildaste fantasier.<\/p>\n<h3>Shag<\/h3>\n<p>Om du letar efter en ny dejtingsapp att prova, \u00f6verv\u00e4g Shag. Det \u00e4r en gratis app som l\u00e5ter dig ansluta till potentiella matchningar i ditt omr\u00e5de. Appen \u00e4r enkel att anv\u00e4nda och l\u00e4tt att navigera. Dessutom \u00e4r det ett bra s\u00e4tt att tr\u00e4ffa nya m\u00e4nniskor och l\u00e4gga sig.<\/p>\n<p>N\u00e4r det g\u00e4ller att hitta en anslutning \u00e4r Shag v\u00e4gen att g\u00e5. Appen \u00e4r gratis att ladda ner och anv\u00e4nda. Dessutom \u00e4r det enkelt att anv\u00e4nda och navigera. Du kan hitta potentiella matchningar i ditt omr\u00e5de snabbt och enkelt. Dessutom \u00e4r appen ett utm\u00e4rkt s\u00e4tt att tr\u00e4ffa nya m\u00e4nniskor och l\u00e4gga sig.<\/p>\n","protected":false},"excerpt":{"rendered":"<p>N\u00e4r det g\u00e4ller att ansluta kan gratis telefonsex vara ett bra s\u00e4tt att komma ig\u00e5ng. Det kan hj\u00e4lpa till att&hellip;<\/p>\n","protected":false},"author":1,"featured_media":0,"parent":0,"menu_order":0,"comment_status":"closed","ping_status":"closed","template":"","meta":[],"yoast_head":"<!-- This site is optimized with the Yoast SEO plugin v17.7.1 - https:\/\/yoast.com\/wordpress\/plugins\/seo\/ -->\n<title>Gratis telefonsex - Online Dating Roba<\/title>\n<meta name=\"robots\" content=\"index, follow, max-snippet:-1, max-image-preview:large, max-video-preview:-1\" \/>\n<link rel=\"canonical\" href=\"https:\/\/sushihiroba.co.uk\/sv\/gratis-telefonsex\/\" \/>\n<meta property=\"og:locale\" content=\"sv_SE\" \/>\n<meta property=\"og:type\" content=\"article\" \/>\n<meta property=\"og:title\" content=\"Gratis telefonsex - Online Dating Roba\" \/>\n<meta property=\"og:description\" content=\"N\u00e4r det g\u00e4ller att ansluta kan gratis telefonsex vara ett bra s\u00e4tt att komma ig\u00e5ng. Det kan hj\u00e4lpa till att&hellip;\" \/>\n<meta property=\"og:url\" content=\"https:\/\/sushihiroba.co.uk\/sv\/gratis-telefonsex\/\" \/>\n<meta property=\"og:site_name\" content=\"Online Dating Roba\" \/>\n<meta name=\"twitter:card\" content=\"summary_large_image\" \/>\n<meta name=\"twitter:label1\" content=\"Ber\u00e4knad l\u00e4stid\" \/>\n\t<meta name=\"twitter:data1\" content=\"4 minuter\" \/>\n<script type=\"application\/ld+json\" class=\"yoast-schema-graph\">{\"@context\":\"https:\/\/schema.org\",\"@graph\":[{\"@type\":\"WebSite\",\"@id\":\"https:\/\/sushihiroba.co.uk\/sv\/#website\",\"url\":\"https:\/\/sushihiroba.co.uk\/sv\/\",\"name\":\"Online Dating Roba\",\"description\":\"Guide To Find Love\",\"potentialAction\":[{\"@type\":\"SearchAction\",\"target\":{\"@type\":\"EntryPoint\",\"urlTemplate\":\"https:\/\/sushihiroba.co.uk\/sv\/?s={search_term_string}\"},\"query-input\":\"required name=search_term_string\"}],\"inLanguage\":\"sv-SE\"},{\"@type\":\"WebPage\",\"@id\":\"https:\/\/sushihiroba.co.uk\/sv\/gratis-telefonsex\/#webpage\",\"url\":\"https:\/\/sushihiroba.co.uk\/sv\/gratis-telefonsex\/\",\"name\":\"Gratis telefonsex - Online Dating Roba\",\"isPartOf\":{\"@id\":\"https:\/\/sushihiroba.co.uk\/sv\/#website\"},\"datePublished\":\"2022-10-10T11:12:51+00:00\",\"dateModified\":\"2022-10-10T11:12:51+00:00\",\"breadcrumb\":{\"@id\":\"https:\/\/sushihiroba.co.uk\/sv\/gratis-telefonsex\/#breadcrumb\"},\"inLanguage\":\"sv-SE\",\"potentialAction\":[{\"@type\":\"ReadAction\",\"target\":[\"https:\/\/sushihiroba.co.uk\/sv\/gratis-telefonsex\/\"]}]},{\"@type\":\"BreadcrumbList\",\"@id\":\"https:\/\/sushihiroba.co.uk\/sv\/gratis-telefonsex\/#breadcrumb\",\"itemListElement\":[{\"@type\":\"ListItem\",\"position\":1,\"name\":\"Home\",\"item\":\"http:\/\/sushihiroba.co.uk\/sv\/\"},{\"@type\":\"ListItem\",\"position\":2,\"name\":\"Gratis telefonsex\"}]}]}<\/script>\n<!-- \/ Yoast SEO plugin. -->","yoast_head_json":{"title":"Gratis telefonsex - Online Dating Roba","robots":{"index":"index","follow":"follow","max-snippet":"max-snippet:-1","max-image-preview":"max-image-preview:large","max-video-preview":"max-video-preview:-1"},"canonical":"https:\/\/sushihiroba.co.uk\/sv\/gratis-telefonsex\/","og_locale":"sv_SE","og_type":"article","og_title":"Gratis telefonsex - Online Dating Roba","og_description":"N\u00e4r det g\u00e4ller att ansluta kan gratis telefonsex vara ett bra s\u00e4tt att komma ig\u00e5ng. Det kan hj\u00e4lpa till att&hellip;","og_url":"https:\/\/sushihiroba.co.uk\/sv\/gratis-telefonsex\/","og_site_name":"Online Dating Roba","twitter_card":"summary_large_image","twitter_misc":{"Ber\u00e4knad l\u00e4stid":"4 minuter"},"schema":{"@context":"https:\/\/schema.org","@graph":[{"@type":"WebSite","@id":"https:\/\/sushihiroba.co.uk\/sv\/#website","url":"https:\/\/sushihiroba.co.uk\/sv\/","name":"Online Dating Roba","description":"Guide To Find Love","potentialAction":[{"@type":"SearchAction","target":{"@type":"EntryPoint","urlTemplate":"https:\/\/sushihiroba.co.uk\/sv\/?s={search_term_string}"},"query-input":"required name=search_term_string"}],"inLanguage":"sv-SE"},{"@type":"WebPage","@id":"https:\/\/sushihiroba.co.uk\/sv\/gratis-telefonsex\/#webpage","url":"https:\/\/sushihiroba.co.uk\/sv\/gratis-telefonsex\/","name":"Gratis telefonsex - Online Dating Roba","isPartOf":{"@id":"https:\/\/sushihiroba.co.uk\/sv\/#website"},"datePublished":"2022-10-10T11:12:51+00:00","dateModified":"2022-10-10T11:12:51+00:00","breadcrumb":{"@id":"https:\/\/sushihiroba.co.uk\/sv\/gratis-telefonsex\/#breadcrumb"},"inLanguage":"sv-SE","potentialAction":[{"@type":"ReadAction","target":["https:\/\/sushihiroba.co.uk\/sv\/gratis-telefonsex\/"]}]},{"@type":"BreadcrumbList","@id":"https:\/\/sushihiroba.co.uk\/sv\/gratis-telefonsex\/#breadcrumb","itemListElement":[{"@type":"ListItem","position":1,"name":"Home","item":"http:\/\/sushihiroba.co.uk\/sv\/"},{"@type":"ListItem","position":2,"name":"Gratis telefonsex"}]}]}},"_links":{"self":[{"href":"https:\/\/sushihiroba.co.uk\/sv\/wp-json\/wp\/v2\/pages\/187"}],"collection":[{"href":"https:\/\/sushihiroba.co.uk\/sv\/wp-json\/wp\/v2\/pages"}],"about":[{"href":"https:\/\/sushihiroba.co.uk\/sv\/wp-json\/wp\/v2\/types\/page"}],"author":[{"embeddable":true,"href":"https:\/\/sushihiroba.co.uk\/sv\/wp-json\/wp\/v2\/users\/1"}],"replies":[{"embeddable":true,"href":"https:\/\/sushihiroba.co.uk\/sv\/wp-json\/wp\/v2\/comments?post=187"}],"version-history":[{"count":0,"href":"https:\/\/sushihiroba.co.uk\/sv\/wp-json\/wp\/v2\/pages\/187\/revisions"}],"wp:attachment":[{"href":"https:\/\/sushihiroba.co.uk\/sv\/wp-json\/wp\/v2\/media?parent=187"}],"curies":[{"name":"wp","href":"https:\/\/api.w.org\/{rel}","templated":true}]}}