{"id":196,"date":"2022-10-10T11:37:20","date_gmt":"2022-10-10T10:37:20","guid":{"rendered":"http:\/\/sushihiroba.co.uk\/guide-for-att-hitta-datum-och-ansluta-online\/"},"modified":"2022-11-28T12:42:11","modified_gmt":"2022-11-28T12:42:11","slug":"guide-for-att-hitta-datum-och-ansluta-online","status":"publish","type":"page","link":"https:\/\/sushihiroba.co.uk\/sv\/","title":{"rendered":"Guide f\u00f6r att hitta datum och ansluta online"},"content":{"rendered":"<p>Det finns gott om dejtingappar d\u00e4r ute, men att hitta en du faktiskt tycker om att anv\u00e4nda \u00e4r inte alltid l\u00e4tt. Du kanske tror att du vet vad du vill, men n\u00e4r du b\u00f6rjar chatta med m\u00e4nniskor online kommer du att inse att du verkligen inte har t\u00e4nkt igenom saker. Lyckligtvis har vi gjort det mesta av arbetet \u00e5t dig.<\/p>\n<h2>Varf\u00f6r anv\u00e4nda en dejtingapp?<\/h2>\n<p>En anledning till att dejtingappar \u00e4r s\u00e5 popul\u00e4ra \u00e4r att de till\u00e5ter oss att f\u00e5 kontakt med m\u00e4nniskor baserat p\u00e5 v\u00e5ra intressen &#8211; n\u00e5got som inte alltid \u00e4r m\u00f6jligt personligen. En annan sak som g\u00f6r dejtingappar bra \u00e4r att de ger oss kontroll \u00f6ver hur mycket information vi vill avsl\u00f6ja om oss sj\u00e4lva. Det finns ingen press att avsl\u00f6ja f\u00f6r mycket om dig sj\u00e4lv eller ditt liv, och det ger oss friheten att verkligen \u00f6ppna oss.<\/p>\n<p>En annan f\u00f6rdel med dejtingappar \u00e4r att de hj\u00e4lper oss att rensa bort de fiskiga killarna. Vi vet vad vi letar efter hos en partner <a href=\"https:\/\/www.seksdate-nl.com\/gratis-jerk-off-online\/\">jerking cam<\/a>, och vi kan vanligtvis ber\u00e4tta inom n\u00e5gra sekunder om n\u00e5gon \u00e4r legitim eller inte. Dessutom erbjuder m\u00e5nga dejtingsajter filter som plats, \u00e5ldersintervall, religion, etnicitet etc., s\u00e5 att vi snabbt kan begr\u00e4nsa f\u00e4ltet. Dejtingappar \u00e4r ocks\u00e5 praktiska. De l\u00e5ter oss chatta med m\u00e4nniskor utan att beh\u00f6va f\u00f6rbinda oss till n\u00e5gonting. Detta l\u00e5ter oss testa vattnet och ta reda p\u00e5 om vi skulle vara kompatibla innan vi f\u00f6rbinder oss till ett fullst\u00e4ndigt datum.<\/p>\n<p>Det finns m\u00e5nga olika typer av m\u00e4nniskor som letar efter k\u00e4rlek online. Vissa vill tr\u00e4ffa n\u00e5gon personligen; andra vill bara chatta. Och vissa bryr sig inte om att tr\u00e4ffa n\u00e5gon alls. S\u00e5 vad g\u00f6r en dejtingapp b\u00e4ttre \u00e4n en annan? Vi anv\u00e4nde v\u00e5ra egna enheter f\u00f6r att testa varje app och fann att \u00e4ven om det finns m\u00e5nga alternativ, sticker vissa ut \u00f6ver resten. H\u00e4r \u00e4r de fem <a href=\"https:\/\/wank.io\/sv\/gratis-cam-2-cam-webbplatser\/\">cam sex<\/a> b\u00e4sta dejtingapparna du kan anv\u00e4nda just nu.<\/p>\n<h2>V\u00e5ra b\u00e4sta recensioner &#8211; Vad \u00e4r ditt b\u00e4sta val?<\/h2>\n<p>Letar du efter k\u00e4rlek eller bara lite kul? Det finns gott om dejtingappar d\u00e4r ute, men vilka sticker verkligen ut fr\u00e5n m\u00e4ngden?<\/p>\n<p>Det finns nu \u00f6ver 100 miljoner medlemmar \u00f6ver hela v\u00e4rlden som anv\u00e4nder dejtingappar. N\u00e5gra av dessa inkluderar Tinder, Bumble, Happn, OkCupid, Grindr och PlentyOfFish.<\/p>\n<p>Vissa av dessa appar \u00e4r gratis, medan andra kr\u00e4ver betalning. Valet \u00e4r ditt.<\/p>\n<h3>eHarmony<\/h3>\n<p>eHarmony \u00e4r en av flera online dating apps som enbart fokuserar p\u00e5 att hitta k\u00e4rlek inom ditt \u00e5ldersintervall. Till skillnad fr\u00e5n andra webbplatser som Match.com eller OkCupid fokuserar eHarmony p\u00e5 att hj\u00e4lpa dig att hitta en l\u00e5ngvarig relation. eHarmony \u00e4r perfekt f\u00f6r dem som s\u00f6ker en seri\u00f6s anslutning.<\/p>\n<p>Det finns m\u00e5nga olika typer av m\u00e4nniskor som anv\u00e4nder eHarmony. Till exempel letar vissa m\u00e4nniskor efter en avslappnad <a href=\"https:\/\/www.fucklocals.org\/sv\/gratis-sex-chat-webbplatser\/\">gratis sex chatt<\/a> fling medan andra f\u00f6redrar att tr\u00e4ffa n\u00e5gon med liknande v\u00e4rderingar. Andra individer letar efter ett engagerat f\u00f6rh\u00e5llande, medan andra bara vill tr\u00e4ffa nya m\u00e4nniskor.<\/p>\n<p>F\u00f6rutom att kunna filtrera potentiella datum baserat p\u00e5 vilken typ av relation de letar efter, hj\u00e4lper eHarmony dig att begr\u00e4nsa dina alternativ baserat p\u00e5 personlighetsdrag. Efter att ha fyllt i ett omfattande fr\u00e5geformul\u00e4r genererar webbplatsen en detaljerad rapport som listar dina egenskaper. Med denna information kan du se hur kompatibel du \u00e4r med en annan person. Du kan sedan v\u00e4lja om du vill forts\u00e4tta kommunicera med individen eller inte.<\/p>\n<h3>  G\u00e5ngj\u00e4rn<\/h3>\n<p>Hinge \u00e4r en av de appar som k\u00e4nns som om den designades speciellt f\u00f6r dejting. Appen anv\u00e4nder artificiell intelligens f\u00f6r att hj\u00e4lpa dig att hitta m\u00e4nniskor baserat p\u00e5 gemensamma intressen och gemensamma n\u00e4mnare. Men \u00e4ven om det \u00e4r gratis erbjuder Hinge betalda funktioner som l\u00e5ter dig svepa snabbare och se f\u00e4rre profiler per dag.<\/p>\n<p>Appen ger dig tre olika s\u00e4tt att interagera med potentiella datum: Svep \u00e5t h\u00f6ger, Svep \u00e5t v\u00e4nster och Gilla \/ ogilla. Om du vill f\u00e5 en match att h\u00e4nda m\u00e5ste du aktivt v\u00e4lja vad du vill s\u00e4ga. Du kan antingen skriva ut n\u00e5got eller anv\u00e4nda f\u00f6rskrivna svar.<\/p>\n<p>Om du best\u00e4mmer dig f\u00f6r att skriva ut n\u00e5got kan du v\u00e4lja fem \u00e4mnen att diskutera <a href=\"http:\/\/www.sekssite.net\/gratis-seksdates-site\/\">gratis seksdate<\/a> med ditt datum. Dessa inkluderar saker som resor, mat, b\u00f6cker, filmer, musik och sport. N\u00e4r du har valt ditt \u00e4mne kan du l\u00e4gga till n\u00e5gra nyckelord f\u00f6r att begr\u00e4nsa din s\u00f6kning. Jag kan till exempel leta efter personer som \u00e4r intresserade av att resa till New York City. D\u00e5 kan jag begr\u00e4nsa mitt s\u00f6kande till m\u00e4nniskor inom 50 mil fr\u00e5n Manhattan. Det finns inga gr\u00e4nser f\u00f6r var du bor, men du kan inte begr\u00e4nsa dina s\u00f6kningar till vissa stater eller l\u00e4nder.<\/p>\n<p>Du kan ocks\u00e5 filtrera dina matchningar efter \u00e5lder, k\u00f6n, relationsstatus och plats. Detta g\u00f6r det mycket l\u00e4ttare att hitta kompatibla partners.<\/p>\n<h3>  Fn\u00f6ske<\/h3>\n<p>Tinder \u00e4r den mest popul\u00e4ra dejtingsappen bland \u00e5rtusenden. Och medan m\u00e5nga unga vuxna \u00e4r snabba att avf\u00e4rda appen som ett s\u00e4tt att tr\u00e4ffa fr\u00e4mlingar f\u00f6r avslappnad sex, finns det faktiskt n\u00e5gra legitima sk\u00e4l till varf\u00f6r det kan vara v\u00e4rt att kolla in.<\/p>\n<p>Appen \u00e4r v\u00e4ldigt enkel att anv\u00e4nda och den \u00e4r gratis. Du sveper helt enkelt \u00e5t v\u00e4nster eller h\u00f6ger p\u00e5 profiler baserat p\u00e5 om du gillar personen eller inte. Om ni gillar varandra ser ni varandras profilinformation \u2013 inklusive var de arbetar, vilka deras hobbyer \u00e4r och till och med deras favoritband.<\/p>\n<p>Men eftersom Tinder inte riktigt \u00e4r utformat f\u00f6r l\u00e5ngsiktiga relationer passar det b\u00e4st f\u00f6r att tr\u00e4ffa v\u00e4nner och ha kul. \u00c4nd\u00e5 \u00e4r det m\u00f6jligt att hitta en partner h\u00e4r ocks\u00e5.<\/p>\n<h3>Stappla<\/h3>\n<p>Om du letar efter en dejtingapp d\u00e4r m\u00e4n tvingas g\u00f6ra det f\u00f6rsta steget, leta inte l\u00e4ngre \u00e4n Bumble. Dejtingappen, som lanserades 2013, \u00e4r i huvudsak Tinder f\u00f6r kvinnor. Om killar inte skickar meddelanden till henne inom 24 timmar matchas hon med en annan man. Och om han inte svarar inom 24 timmar g\u00e5r han miste om chansen.<\/p>\n<p>Id\u00e9n bakom appen \u00e4r enkel: den uppmuntrar kvinnor att initiera kontakt och ger m\u00e4n mindre kontroll \u00f6ver processen. Men det som g\u00f6r Bumble unikt \u00e4r hur det tvingar m\u00e4n att v\u00e4nta medan kvinnor best\u00e4mmer sig f\u00f6r om de vill prata med honom eller inte.<\/p>\n<p>Efter lanseringen 2013 blev Bumble snabbt popul\u00e4r bland unga vuxna. Faktum \u00e4r att appen har n\u00e4stan 20 miljoner aktiva anv\u00e4ndare varje m\u00e5nad, vilket g\u00f6r den till den n\u00e4st mest anv\u00e4nda dejtingsapplikationen i v\u00e4rlden.<\/p>\n<h3>Kaffe m\u00f6ter bagel<\/h3>\n<p>Den senaste dejtingappen som sl\u00e4ppte marknaden heter Coffee Meets Bagel. \u00c4ven om det finns m\u00e5nga alternativ d\u00e4r ute, tar Coffee Meets Bagle saker i en annan riktning. Ist\u00e4llet f\u00f6r att l\u00e5ta anv\u00e4ndare svepa \u00e5t v\u00e4nster eller h\u00f6ger anv\u00e4nder den en annan metod d\u00e4r b\u00e5da parter m\u00e5ste godk\u00e4nna varandra innan en match h\u00e4nder.<\/p>\n<p>\u00c4ven om detta l\u00e5ter bra i teorin betyder det att du \u00e4r begr\u00e4nsad till att chatta med m\u00e4nniskor inom sju dagar. Detta kan leda till n\u00e5gra besv\u00e4rliga konversationer n\u00e4r du f\u00f6rs\u00f6ker hitta n\u00e5gon som delar dina intressen.<\/p>\n<p>F\u00f6rutom sjudagarsf\u00f6nstret \u00e4r Coffee Meets Bagles profilavsnitt inte precis vad du skulle kalla grundligt. Det finns inget s\u00e4tt att se hur m\u00e5nga likes en person har f\u00e5tt eller vad deras favoritfilmer eller TV-program \u00e4r. Men den goda nyheten \u00e4r att webbplatsen ger omfattande information om potentiella matchningar. Du l\u00e4r dig allt fr\u00e5n om de har varit singlar eller deltagit i onlinerelationer till deras \u00e5ldersintervall.<\/p>\n<h3>Slutliga tankar<\/h3>\n<p>Sammanfattningsvis, om du letar efter en bra online dejtingsajt med en stor databas \u00e4r Tinder det b\u00e4sta valet. Webbplatsen erbjuder ett brett utbud av funktioner som chattrum, webbkameravideochatt, e-post, snabbmeddelanden, forum, bloggar etc. Om du letar efter en gratis dejtingsajt eller en betald dejtingsajt kan du prova b\u00e5da webbplatserna. Du hittar m\u00e5nga m\u00e4nniskor som vill ansluta och l\u00e4gga sig.<\/p>\n<p>Genom att f\u00f6lja v\u00e5ra r\u00e5d hoppas vi att du hittar det du beh\u00f6ver och njuter av en h\u00e4lsosam dejtingupplevelse.<\/p>\n","protected":false},"excerpt":{"rendered":"<p>Det finns gott om dejtingappar d\u00e4r ute, men att hitta en du faktiskt tycker om att anv\u00e4nda \u00e4r inte alltid&hellip;<\/p>\n","protected":false},"author":1,"featured_media":125,"parent":0,"menu_order":0,"comment_status":"closed","ping_status":"closed","template":"","meta":[],"yoast_head":"<!-- This site is optimized with the Yoast SEO plugin v17.7.1 - https:\/\/yoast.com\/wordpress\/plugins\/seo\/ -->\n<title>Guide f\u00f6r att hitta datum och ansluta online - Online Dating Roba<\/title>\n<meta name=\"robots\" content=\"index, follow, max-snippet:-1, max-image-preview:large, max-video-preview:-1\" \/>\n<link rel=\"canonical\" href=\"https:\/\/sushihiroba.co.uk\/sv\/\" \/>\n<meta property=\"og:locale\" content=\"sv_SE\" \/>\n<meta property=\"og:type\" content=\"article\" \/>\n<meta property=\"og:title\" content=\"Guide f\u00f6r att hitta datum och ansluta online - Online Dating Roba\" \/>\n<meta property=\"og:description\" content=\"Det finns gott om dejtingappar d\u00e4r ute, men att hitta en du faktiskt tycker om att anv\u00e4nda \u00e4r inte alltid&hellip;\" \/>\n<meta property=\"og:url\" content=\"https:\/\/sushihiroba.co.uk\/sv\/\" \/>\n<meta property=\"og:site_name\" content=\"Online Dating Roba\" \/>\n<meta property=\"article:modified_time\" content=\"2022-11-28T12:42:11+00:00\" \/>\n<meta property=\"og:image\" content=\"https:\/\/sushihiroba.co.uk\/wp-content\/uploads\/2022\/10\/local-dating-apps-for-singles.jpeg\" \/>\n\t<meta property=\"og:image:width\" content=\"500\" \/>\n\t<meta property=\"og:image:height\" content=\"333\" \/>\n<meta name=\"twitter:card\" content=\"summary_large_image\" \/>\n<meta name=\"twitter:label1\" content=\"Ber\u00e4knad l\u00e4stid\" \/>\n\t<meta name=\"twitter:data1\" content=\"7 minuter\" \/>\n<script type=\"application\/ld+json\" class=\"yoast-schema-graph\">{\"@context\":\"https:\/\/schema.org\",\"@graph\":[{\"@type\":\"WebSite\",\"@id\":\"https:\/\/sushihiroba.co.uk\/sv\/#website\",\"url\":\"https:\/\/sushihiroba.co.uk\/sv\/\",\"name\":\"Online Dating Roba\",\"description\":\"Guide To Find Love\",\"potentialAction\":[{\"@type\":\"SearchAction\",\"target\":{\"@type\":\"EntryPoint\",\"urlTemplate\":\"https:\/\/sushihiroba.co.uk\/sv\/?s={search_term_string}\"},\"query-input\":\"required name=search_term_string\"}],\"inLanguage\":\"sv-SE\"},{\"@type\":\"ImageObject\",\"@id\":\"https:\/\/sushihiroba.co.uk\/sv\/#primaryimage\",\"inLanguage\":\"sv-SE\",\"url\":\"https:\/\/sushihiroba.co.uk\/wp-content\/uploads\/2022\/10\/local-dating-apps-for-singles.jpeg\",\"contentUrl\":\"https:\/\/sushihiroba.co.uk\/wp-content\/uploads\/2022\/10\/local-dating-apps-for-singles.jpeg\",\"width\":500,\"height\":333},{\"@type\":\"WebPage\",\"@id\":\"https:\/\/sushihiroba.co.uk\/sv\/#webpage\",\"url\":\"https:\/\/sushihiroba.co.uk\/sv\/\",\"name\":\"Guide f\\u00f6r att hitta datum och ansluta online - Online Dating Roba\",\"isPartOf\":{\"@id\":\"https:\/\/sushihiroba.co.uk\/sv\/#website\"},\"primaryImageOfPage\":{\"@id\":\"https:\/\/sushihiroba.co.uk\/sv\/#primaryimage\"},\"datePublished\":\"2022-10-10T10:37:20+00:00\",\"dateModified\":\"2022-11-28T12:42:11+00:00\",\"breadcrumb\":{\"@id\":\"https:\/\/sushihiroba.co.uk\/sv\/#breadcrumb\"},\"inLanguage\":\"sv-SE\",\"potentialAction\":[{\"@type\":\"ReadAction\",\"target\":[\"https:\/\/sushihiroba.co.uk\/sv\/\"]}]},{\"@type\":\"BreadcrumbList\",\"@id\":\"https:\/\/sushihiroba.co.uk\/sv\/#breadcrumb\",\"itemListElement\":[{\"@type\":\"ListItem\",\"position\":1,\"name\":\"Home\",\"item\":\"https:\/\/sushihiroba.co.uk\/sv\/\"},{\"@type\":\"ListItem\",\"position\":2,\"name\":\"Guide f\\u00f6r att hitta datum och ansluta online\"}]}]}<\/script>\n<!-- \/ Yoast SEO plugin. -->","yoast_head_json":{"title":"Guide f\u00f6r att hitta datum och ansluta online - Online Dating Roba","robots":{"index":"index","follow":"follow","max-snippet":"max-snippet:-1","max-image-preview":"max-image-preview:large","max-video-preview":"max-video-preview:-1"},"canonical":"https:\/\/sushihiroba.co.uk\/sv\/","og_locale":"sv_SE","og_type":"article","og_title":"Guide f\u00f6r att hitta datum och ansluta online - Online Dating Roba","og_description":"Det finns gott om dejtingappar d\u00e4r ute, men att hitta en du faktiskt tycker om att anv\u00e4nda \u00e4r inte alltid&hellip;","og_url":"https:\/\/sushihiroba.co.uk\/sv\/","og_site_name":"Online Dating Roba","article_modified_time":"2022-11-28T12:42:11+00:00","og_image":[{"width":500,"height":333,"url":"https:\/\/sushihiroba.co.uk\/wp-content\/uploads\/2022\/10\/local-dating-apps-for-singles.jpeg","type":"image\/jpeg"}],"twitter_card":"summary_large_image","twitter_misc":{"Ber\u00e4knad l\u00e4stid":"7 minuter"},"schema":{"@context":"https:\/\/schema.org","@graph":[{"@type":"WebSite","@id":"https:\/\/sushihiroba.co.uk\/sv\/#website","url":"https:\/\/sushihiroba.co.uk\/sv\/","name":"Online Dating Roba","description":"Guide To Find Love","potentialAction":[{"@type":"SearchAction","target":{"@type":"EntryPoint","urlTemplate":"https:\/\/sushihiroba.co.uk\/sv\/?s={search_term_string}"},"query-input":"required name=search_term_string"}],"inLanguage":"sv-SE"},{"@type":"ImageObject","@id":"https:\/\/sushihiroba.co.uk\/sv\/#primaryimage","inLanguage":"sv-SE","url":"https:\/\/sushihiroba.co.uk\/wp-content\/uploads\/2022\/10\/local-dating-apps-for-singles.jpeg","contentUrl":"https:\/\/sushihiroba.co.uk\/wp-content\/uploads\/2022\/10\/local-dating-apps-for-singles.jpeg","width":500,"height":333},{"@type":"WebPage","@id":"https:\/\/sushihiroba.co.uk\/sv\/#webpage","url":"https:\/\/sushihiroba.co.uk\/sv\/","name":"Guide f\u00f6r att hitta datum och ansluta online - Online Dating Roba","isPartOf":{"@id":"https:\/\/sushihiroba.co.uk\/sv\/#website"},"primaryImageOfPage":{"@id":"https:\/\/sushihiroba.co.uk\/sv\/#primaryimage"},"datePublished":"2022-10-10T10:37:20+00:00","dateModified":"2022-11-28T12:42:11+00:00","breadcrumb":{"@id":"https:\/\/sushihiroba.co.uk\/sv\/#breadcrumb"},"inLanguage":"sv-SE","potentialAction":[{"@type":"ReadAction","target":["https:\/\/sushihiroba.co.uk\/sv\/"]}]},{"@type":"BreadcrumbList","@id":"https:\/\/sushihiroba.co.uk\/sv\/#breadcrumb","itemListElement":[{"@type":"ListItem","position":1,"name":"Home","item":"https:\/\/sushihiroba.co.uk\/sv\/"},{"@type":"ListItem","position":2,"name":"Guide f\u00f6r att hitta datum och ansluta online"}]}]}},"_links":{"self":[{"href":"https:\/\/sushihiroba.co.uk\/sv\/wp-json\/wp\/v2\/pages\/196"}],"collection":[{"href":"https:\/\/sushihiroba.co.uk\/sv\/wp-json\/wp\/v2\/pages"}],"about":[{"href":"https:\/\/sushihiroba.co.uk\/sv\/wp-json\/wp\/v2\/types\/page"}],"author":[{"embeddable":true,"href":"https:\/\/sushihiroba.co.uk\/sv\/wp-json\/wp\/v2\/users\/1"}],"replies":[{"embeddable":true,"href":"https:\/\/sushihiroba.co.uk\/sv\/wp-json\/wp\/v2\/comments?post=196"}],"version-history":[{"count":2,"href":"https:\/\/sushihiroba.co.uk\/sv\/wp-json\/wp\/v2\/pages\/196\/revisions"}],"predecessor-version":[{"id":351,"href":"https:\/\/sushihiroba.co.uk\/sv\/wp-json\/wp\/v2\/pages\/196\/revisions\/351"}],"wp:featuredmedia":[{"embeddable":true,"href":"https:\/\/sushihiroba.co.uk\/sv\/wp-json\/wp\/v2\/media\/125"}],"wp:attachment":[{"href":"https:\/\/sushihiroba.co.uk\/sv\/wp-json\/wp\/v2\/media?parent=196"}],"curies":[{"name":"wp","href":"https:\/\/api.w.org\/{rel}","templated":true}]}}